{"id":6082,"date":"2023-03-25T12:11:33","date_gmt":"2023-03-25T12:11:33","guid":{"rendered":"https:\/\/www.funfetti.shop\/?post_type=product&#038;p=6082"},"modified":"2026-04-03T14:54:49","modified_gmt":"2026-04-03T14:54:49","slug":"planche-de-chambre-large","status":"publish","type":"product","link":"https:\/\/www.funfetti.shop\/fr\/product\/roomplank-recht-large\/","title":{"rendered":"Boschroom \u00e9tag\u00e8re murale L"},"content":{"rendered":"<h3 data-section-id=\"a3nbzh\" data-start=\"617\" data-end=\"669\">Boschroom \u00e9tag\u00e8re murale L<\/h3>\n<p data-start=\"671\" data-end=\"725\"><strong data-start=\"671\" data-end=\"725\">Une \u00e9tag\u00e8re murale qui se comporte comme une sculpture.<\/strong><\/p>\n<p data-start=\"1053\" data-end=\"1390\">Alors que les \u00e9tag\u00e8res murales standard ont tendance \u00e0 dispara\u00eetre dans un int\u00e9rieur, celle-ci fait le contraire. L'\u00e9tag\u00e8re murale Boschroom Large attire l'attention de mani\u00e8re subtile. Sa forme rappelle les formes de croissance naturelles, comme si elle avait lentement \u00e9merg\u00e9 du mur. Cela lui conf\u00e8re un aspect vivant, doux et singulier.<\/p>\n<p data-start=\"1392\" data-end=\"1748\">Gr\u00e2ce \u00e0 sa taille plus g\u00e9n\u00e9reuse, cette version est parfaite pour une petite collection d'objets pr\u00e9f\u00e9r\u00e9s, un petit vase ou quelque chose qui m\u00e9rite une sc\u00e8ne discr\u00e8te.<\/p>\n<p data-section-id=\"1dhqvak\" data-start=\"1750\" data-end=\"1767\"><em><strong>Sp\u00e9cifications :<\/strong><\/em><\/p>\n<ul>\n<li><em><strong>\u00c9tag\u00e8re Boschroom Grande<\/strong><\/em><\/li>\n<li><em><strong>Mat\u00e9riaux : C\u00e9ramique \/ Poterie<\/strong><\/em><\/li>\n<li><em><strong>Couleur : blanc<\/strong><\/em><\/li>\n<li><em><strong>\u00c9galement disponible en rose<\/strong><\/em><\/li>\n<li><em><strong>Fait main : Oui, chaque exemplaire est unique<\/strong><\/em><\/li>\n<li><em><strong>Bevestiging: Aan de muur te hangen<\/strong><\/em><\/li>\n<li><em><strong>Dimensions : 45 x 8 x 15 cm<\/strong><\/em><\/li>\n<li><em><strong>Fabriqu\u00e9 \u00e0 Bois-le-Duc<\/strong><\/em><\/li>\n<li><em><strong>Conception : David Derksen<\/strong><\/em><\/li>\n<li><em><strong>Marque : <a href=\"https:\/\/www.funfetti.shop\/fr\/categorie-produit-2\/marques-2\/cor-unum\/\">Cor Unum<\/a><\/strong><\/em><\/li>\n<\/ul>\n<hr \/>\n<p data-start=\"1975\" data-end=\"2165\"><strong data-start=\"1975\" data-end=\"1992\">Astuce FunFetti :<\/strong> Accrochez cette \u00e9tag\u00e8re dans un endroit o\u00f9 elle sera vraiment remarqu\u00e9e. Elle trouvera magnifiquement sa place dans une entr\u00e9e, au-dessus d'un buffet ou comme accent dans un coin tranquille.<\/p>\n<hr \/>\n<p>&nbsp;<\/p>","protected":false},"excerpt":{"rendered":"<p data-start=\"164\" data-end=\"186\"><strong data-start=\"164\" data-end=\"186\">Pourquoi vous voulez \u00e7a<\/strong><\/p>\n<ul data-start=\"188\" data-end=\"463\">\n<li data-section-id=\"1mgwqhi\" data-start=\"188\" data-end=\"259\">Parce qu'il ne s'agit pas d'une simple \u00e9tag\u00e8re murale, mais d'un objet mural sculptural<\/li>\n<li data-section-id=\"x4kes9\" data-start=\"260\" data-end=\"327\">Parce que la forme douce donne imm\u00e9diatement de l'atmosph\u00e8re et du caract\u00e8re \u00e0 votre mur<\/li>\n<li data-section-id=\"qa6ahi\" data-start=\"328\" data-end=\"395\">Parce que vos objets pr\u00e9f\u00e9r\u00e9s obtiennent ici une sc\u00e8ne beaucoup plus belle<\/li>\n<li data-section-id=\"f8v5q3\" data-start=\"396\" data-end=\"463\">Parce que le design fonctionnel peut aussi \u00eatre surprenant et original<\/li>\n<\/ul>","protected":false},"featured_media":10152,"template":"","meta":{"neve_meta_sidebar":"","neve_meta_container":"","neve_meta_enable_content_width":"off","neve_meta_content_width":100,"neve_meta_title_alignment":"","neve_meta_author_avatar":"","neve_post_elements_order":"","neve_meta_disable_header":"","neve_meta_disable_footer":"","neve_meta_disable_title":"","neve_meta_reading_time":"","jetpack_publicize_message":"","jetpack_publicize_feature_enabled":true,"jetpack_social_post_already_shared":false,"jetpack_social_options":{"image_generator_settings":{"template":"highway","default_image_id":0,"font":"","enabled":false},"version":2}},"product_brand":[],"product_cat":[15,779,466,678,677,22,30,37,31,23],"product_tag":[441,661,134,662,103],"class_list":{"0":"post-6082","1":"product","2":"type-product","3":"status-publish","4":"has-post-thumbnail","6":"product_cat-allefun","7":"product_cat-art-wall","8":"product_cat-cor-unum","9":"product_cat-dutch-design","10":"product_cat-fundesign","11":"product_cat-funliving","12":"product_cat-keramiek","13":"product_cat-kids","14":"product_cat-opbergen","15":"product_cat-woondecoratie","16":"product_tag-cor-unum","17":"product_tag-david-derksen","18":"product_tag-keramiek","19":"product_tag-wandplank","20":"product_tag-wit","21":"product_shipping_class-pakket-met-track-en-trace","23":"first","24":"instock","25":"taxable","26":"shipping-taxable","27":"purchasable","28":"product-type-simple"},"yoast_head":"<!-- This site is optimized with the Yoast SEO plugin v27.4 - https:\/\/yoast.com\/product\/yoast-seo-wordpress\/ -->\n<title>Boschroom wandplank Large van David Derksen<\/title>\n<meta name=\"description\" content=\"De Boschroom wandplank Large is geen gewone plank die toevallig mooi is. Dit is een keramisch wandobject dat ook nog functioneel blijkt te zijn.\" \/>\n<meta name=\"robots\" content=\"index, follow, max-snippet:-1, max-image-preview:large, max-video-preview:-1\" \/>\n<link rel=\"canonical\" href=\"https:\/\/www.funfetti.shop\/fr\/produit\/planche-de-chambre-large\/\" \/>\n<meta property=\"og:locale\" content=\"fr_FR\" \/>\n<meta property=\"og:type\" content=\"article\" \/>\n<meta property=\"og:title\" content=\"Boschroom wandplank Large van David Derksen\" \/>\n<meta property=\"og:description\" content=\"De Boschroom wandplank Large is geen gewone plank die toevallig mooi is. Dit is een keramisch wandobject dat ook nog functioneel blijkt te zijn.\" \/>\n<meta property=\"og:url\" content=\"https:\/\/www.funfetti.shop\/fr\/produit\/planche-de-chambre-large\/\" \/>\n<meta property=\"og:site_name\" content=\"FunFetti\" \/>\n<meta property=\"article:publisher\" content=\"https:\/\/www.facebook.com\/funfetti.shop\" \/>\n<meta property=\"article:modified_time\" content=\"2026-04-03T14:54:49+00:00\" \/>\n<meta property=\"og:image\" content=\"https:\/\/www.funfetti.shop\/wp-content\/uploads\/2023\/03\/Roomplank-recht-8.jpg\" \/>\n\t<meta property=\"og:image:width\" content=\"600\" \/>\n\t<meta property=\"og:image:height\" content=\"1067\" \/>\n\t<meta property=\"og:image:type\" content=\"image\/jpeg\" \/>\n<meta name=\"twitter:card\" content=\"summary_large_image\" \/>\n<meta name=\"twitter:label1\" content=\"Dur\u00e9e de lecture estim\u00e9e\" \/>\n\t<meta name=\"twitter:data1\" content=\"1 minute\" \/>\n<script type=\"application\/ld+json\" class=\"yoast-schema-graph\">{\"@context\":\"https:\\\/\\\/schema.org\",\"@graph\":[{\"@type\":\"WebPage\",\"@id\":\"https:\\\/\\\/www.funfetti.shop\\\/product\\\/roomplank-recht-large\\\/\",\"url\":\"https:\\\/\\\/www.funfetti.shop\\\/product\\\/roomplank-recht-large\\\/\",\"name\":\"Boschroom wandplank Large van David Derksen\",\"isPartOf\":{\"@id\":\"https:\\\/\\\/www.funfetti.shop\\\/#website\"},\"primaryImageOfPage\":{\"@id\":\"https:\\\/\\\/www.funfetti.shop\\\/product\\\/roomplank-recht-large\\\/#primaryimage\"},\"image\":{\"@id\":\"https:\\\/\\\/www.funfetti.shop\\\/product\\\/roomplank-recht-large\\\/#primaryimage\"},\"thumbnailUrl\":\"https:\\\/\\\/www.funfetti.shop\\\/wp-content\\\/uploads\\\/2023\\\/03\\\/Roomplank-recht-8.jpg\",\"datePublished\":\"2023-03-25T12:11:33+00:00\",\"dateModified\":\"2026-04-03T14:54:49+00:00\",\"description\":\"De Boschroom wandplank Large is geen gewone plank die toevallig mooi is. Dit is een keramisch wandobject dat ook nog functioneel blijkt te zijn.\",\"breadcrumb\":{\"@id\":\"https:\\\/\\\/www.funfetti.shop\\\/product\\\/roomplank-recht-large\\\/#breadcrumb\"},\"inLanguage\":\"fr-FR\",\"potentialAction\":[{\"@type\":\"ReadAction\",\"target\":[\"https:\\\/\\\/www.funfetti.shop\\\/product\\\/roomplank-recht-large\\\/\"]}]},{\"@type\":\"ImageObject\",\"inLanguage\":\"fr-FR\",\"@id\":\"https:\\\/\\\/www.funfetti.shop\\\/product\\\/roomplank-recht-large\\\/#primaryimage\",\"url\":\"https:\\\/\\\/www.funfetti.shop\\\/wp-content\\\/uploads\\\/2023\\\/03\\\/Roomplank-recht-8.jpg\",\"contentUrl\":\"https:\\\/\\\/www.funfetti.shop\\\/wp-content\\\/uploads\\\/2023\\\/03\\\/Roomplank-recht-8.jpg\",\"width\":600,\"height\":1067,\"caption\":\"Boschroom wandplank Large\"},{\"@type\":\"BreadcrumbList\",\"@id\":\"https:\\\/\\\/www.funfetti.shop\\\/product\\\/roomplank-recht-large\\\/#breadcrumb\",\"itemListElement\":[{\"@type\":\"ListItem\",\"position\":1,\"name\":\"Home\",\"item\":\"https:\\\/\\\/www.funfetti.shop\\\/\"},{\"@type\":\"ListItem\",\"position\":2,\"name\":\"Winkel\",\"item\":\"https:\\\/\\\/www.funfetti.shop\\\/winkel\\\/\"},{\"@type\":\"ListItem\",\"position\":3,\"name\":\"Boschroom wandplank Large\"}]},{\"@type\":\"WebSite\",\"@id\":\"https:\\\/\\\/www.funfetti.shop\\\/#website\",\"url\":\"https:\\\/\\\/www.funfetti.shop\\\/\",\"name\":\"FunFetti\",\"description\":\"a curated mix of gifts, home d\u00e9cor and design\",\"publisher\":{\"@id\":\"https:\\\/\\\/www.funfetti.shop\\\/#organization\"},\"potentialAction\":[{\"@type\":\"SearchAction\",\"target\":{\"@type\":\"EntryPoint\",\"urlTemplate\":\"https:\\\/\\\/www.funfetti.shop\\\/?s={search_term_string}\"},\"query-input\":{\"@type\":\"PropertyValueSpecification\",\"valueRequired\":true,\"valueName\":\"search_term_string\"}}],\"inLanguage\":\"fr-FR\"},{\"@type\":\"Organization\",\"@id\":\"https:\\\/\\\/www.funfetti.shop\\\/#organization\",\"name\":\"FunFetti\",\"url\":\"https:\\\/\\\/www.funfetti.shop\\\/\",\"logo\":{\"@type\":\"ImageObject\",\"inLanguage\":\"fr-FR\",\"@id\":\"https:\\\/\\\/www.funfetti.shop\\\/#\\\/schema\\\/logo\\\/image\\\/\",\"url\":\"https:\\\/\\\/i0.wp.com\\\/www.funfetti.shop\\\/wp-content\\\/uploads\\\/2021\\\/11\\\/cropped-LOGO-WP-2021.png?fit=2000%2C171&ssl=1\",\"contentUrl\":\"https:\\\/\\\/i0.wp.com\\\/www.funfetti.shop\\\/wp-content\\\/uploads\\\/2021\\\/11\\\/cropped-LOGO-WP-2021.png?fit=2000%2C171&ssl=1\",\"width\":2000,\"height\":171,\"caption\":\"FunFetti\"},\"image\":{\"@id\":\"https:\\\/\\\/www.funfetti.shop\\\/#\\\/schema\\\/logo\\\/image\\\/\"},\"sameAs\":[\"https:\\\/\\\/www.facebook.com\\\/funfetti.shop\",\"https:\\\/\\\/www.instagram.com\\\/funfetti.shop\\\/\",\"https:\\\/\\\/nl.pinterest.com\\\/funfettiforever\\\/\"]}]}<\/script>\n<!-- \/ Yoast SEO plugin. -->","yoast_head_json":{"title":"\u00c9tag\u00e8re murale Boschroom Taille L par David Derksen","description":"L'\u00e9tag\u00e8re murale Boschroom Large n'est pas une \u00e9tag\u00e8re ordinaire qui soit joliment con\u00e7ue par hasard. C'est un objet mural en c\u00e9ramique qui s'av\u00e8re \u00e9galement \u00eatre fonctionnel.","robots":{"index":"index","follow":"follow","max-snippet":"max-snippet:-1","max-image-preview":"max-image-preview:large","max-video-preview":"max-video-preview:-1"},"canonical":"https:\/\/www.funfetti.shop\/fr\/produit\/planche-de-chambre-large\/","og_locale":"fr_FR","og_type":"article","og_title":"Boschroom wandplank Large van David Derksen","og_description":"De Boschroom wandplank Large is geen gewone plank die toevallig mooi is. Dit is een keramisch wandobject dat ook nog functioneel blijkt te zijn.","og_url":"https:\/\/www.funfetti.shop\/fr\/produit\/planche-de-chambre-large\/","og_site_name":"FunFetti","article_publisher":"https:\/\/www.facebook.com\/funfetti.shop","article_modified_time":"2026-04-03T14:54:49+00:00","og_image":[{"width":600,"height":1067,"url":"https:\/\/www.funfetti.shop\/wp-content\/uploads\/2023\/03\/Roomplank-recht-8.jpg","type":"image\/jpeg"}],"twitter_card":"summary_large_image","twitter_misc":{"Dur\u00e9e de lecture estim\u00e9e":"1 minute"},"schema":{"@context":"https:\/\/schema.org","@graph":[{"@type":"WebPage","@id":"https:\/\/www.funfetti.shop\/product\/roomplank-recht-large\/","url":"https:\/\/www.funfetti.shop\/product\/roomplank-recht-large\/","name":"\u00c9tag\u00e8re murale Boschroom Taille L par David Derksen","isPartOf":{"@id":"https:\/\/www.funfetti.shop\/#website"},"primaryImageOfPage":{"@id":"https:\/\/www.funfetti.shop\/product\/roomplank-recht-large\/#primaryimage"},"image":{"@id":"https:\/\/www.funfetti.shop\/product\/roomplank-recht-large\/#primaryimage"},"thumbnailUrl":"https:\/\/www.funfetti.shop\/wp-content\/uploads\/2023\/03\/Roomplank-recht-8.jpg","datePublished":"2023-03-25T12:11:33+00:00","dateModified":"2026-04-03T14:54:49+00:00","description":"L'\u00e9tag\u00e8re murale Boschroom Large n'est pas une \u00e9tag\u00e8re ordinaire qui soit joliment con\u00e7ue par hasard. C'est un objet mural en c\u00e9ramique qui s'av\u00e8re \u00e9galement \u00eatre fonctionnel.","breadcrumb":{"@id":"https:\/\/www.funfetti.shop\/product\/roomplank-recht-large\/#breadcrumb"},"inLanguage":"fr-FR","potentialAction":[{"@type":"ReadAction","target":["https:\/\/www.funfetti.shop\/product\/roomplank-recht-large\/"]}]},{"@type":"ImageObject","inLanguage":"fr-FR","@id":"https:\/\/www.funfetti.shop\/product\/roomplank-recht-large\/#primaryimage","url":"https:\/\/www.funfetti.shop\/wp-content\/uploads\/2023\/03\/Roomplank-recht-8.jpg","contentUrl":"https:\/\/www.funfetti.shop\/wp-content\/uploads\/2023\/03\/Roomplank-recht-8.jpg","width":600,"height":1067,"caption":"Boschroom wandplank Large"},{"@type":"BreadcrumbList","@id":"https:\/\/www.funfetti.shop\/product\/roomplank-recht-large\/#breadcrumb","itemListElement":[{"@type":"ListItem","position":1,"name":"Home","item":"https:\/\/www.funfetti.shop\/"},{"@type":"ListItem","position":2,"name":"Winkel","item":"https:\/\/www.funfetti.shop\/winkel\/"},{"@type":"ListItem","position":3,"name":"Boschroom wandplank Large"}]},{"@type":"WebSite","@id":"https:\/\/www.funfetti.shop\/#website","url":"https:\/\/www.funfetti.shop\/","name":"FunFetti","description":"un m\u00e9lange de cadeaux, de d\u00e9coration d'int\u00e9rieur et de design","publisher":{"@id":"https:\/\/www.funfetti.shop\/#organization"},"potentialAction":[{"@type":"SearchAction","target":{"@type":"EntryPoint","urlTemplate":"https:\/\/www.funfetti.shop\/?s={search_term_string}"},"query-input":{"@type":"PropertyValueSpecification","valueRequired":true,"valueName":"search_term_string"}}],"inLanguage":"fr-FR"},{"@type":"Organization","@id":"https:\/\/www.funfetti.shop\/#organization","name":"FunFetti","url":"https:\/\/www.funfetti.shop\/","logo":{"@type":"ImageObject","inLanguage":"fr-FR","@id":"https:\/\/www.funfetti.shop\/#\/schema\/logo\/image\/","url":"https:\/\/i0.wp.com\/www.funfetti.shop\/wp-content\/uploads\/2021\/11\/cropped-LOGO-WP-2021.png?fit=2000%2C171&ssl=1","contentUrl":"https:\/\/i0.wp.com\/www.funfetti.shop\/wp-content\/uploads\/2021\/11\/cropped-LOGO-WP-2021.png?fit=2000%2C171&ssl=1","width":2000,"height":171,"caption":"FunFetti"},"image":{"@id":"https:\/\/www.funfetti.shop\/#\/schema\/logo\/image\/"},"sameAs":["https:\/\/www.facebook.com\/funfetti.shop","https:\/\/www.instagram.com\/funfetti.shop\/","https:\/\/nl.pinterest.com\/funfettiforever\/"]}]}},"jetpack_publicize_connections":[],"jetpack_sharing_enabled":true,"_links":{"self":[{"href":"https:\/\/www.funfetti.shop\/fr\/wp-json\/wp\/v2\/product\/6082","targetHints":{"allow":["GET"]}}],"collection":[{"href":"https:\/\/www.funfetti.shop\/fr\/wp-json\/wp\/v2\/product"}],"about":[{"href":"https:\/\/www.funfetti.shop\/fr\/wp-json\/wp\/v2\/types\/product"}],"wp:featuredmedia":[{"embeddable":true,"href":"https:\/\/www.funfetti.shop\/fr\/wp-json\/wp\/v2\/media\/10152"}],"wp:attachment":[{"href":"https:\/\/www.funfetti.shop\/fr\/wp-json\/wp\/v2\/media?parent=6082"}],"wp:term":[{"taxonomy":"product_brand","embeddable":true,"href":"https:\/\/www.funfetti.shop\/fr\/wp-json\/wp\/v2\/product_brand?post=6082"},{"taxonomy":"product_cat","embeddable":true,"href":"https:\/\/www.funfetti.shop\/fr\/wp-json\/wp\/v2\/product_cat?post=6082"},{"taxonomy":"product_tag","embeddable":true,"href":"https:\/\/www.funfetti.shop\/fr\/wp-json\/wp\/v2\/product_tag?post=6082"}],"curies":[{"name":"wp","href":"https:\/\/api.w.org\/{rel}","templated":true}]}}