{"id":6359,"date":"2023-08-19T21:29:45","date_gmt":"2023-08-19T21:29:45","guid":{"rendered":"https:\/\/www.funfetti.shop\/?post_type=product&#038;p=6359"},"modified":"2026-03-12T06:54:49","modified_gmt":"2026-03-12T06:54:49","slug":"vase-tulipe-arc-en-ciel","status":"publish","type":"product","link":"https:\/\/www.funfetti.shop\/fr\/product\/tulpen-vaas-regenboog\/","title":{"rendered":"Vase \u00e0 tulipes Arc-en-ciel"},"content":{"rendered":"<div class=\"text-collapse mb-3 mb-md-4 has-no-overflow\" data-controller=\"text-collapse\">\n<h3 data-start=\"116\" data-end=\"174\">Vase tulipe arc-en-ciel - Heinen Delft Blue<\/h3>\n<p data-start=\"176\" data-end=\"242\"><strong data-start=\"179\" data-end=\"240\">Les fleurs m\u00e9ritent une sc\u00e8ne. Et ce vase est cette sc\u00e8ne.<\/strong><\/p>\n<p data-start=\"244\" data-end=\"501\">Les <strong data-start=\"247\" data-end=\"293\">Vase \u00e0 tulipes folles empilables aux couleurs de l'arc-en-ciel<\/strong> de Heinen Delftware est une version joyeuse d'un classique s\u00e9culaire. Ce vase tulipe embl\u00e9matique en forme de pyramide a \u00e9t\u00e9 r\u00e9invent\u00e9.<\/p>\n<p data-start=\"503\" data-end=\"770\">Les couleurs brillantes de l'arc-en-ciel captent la lumi\u00e8re sous tous les angles. Ainsi, le vase semble presque changer de couleur lorsque vous le regardez. Les diff\u00e9rents becs permettent \u00e0 chaque fleur de trouver sa place, ce qui donne \u00e0 votre bouquet un aspect ludique, a\u00e9rien et tr\u00e8s \u00e9l\u00e9gant.<\/p>\n<p data-start=\"772\" data-end=\"886\">Et m\u00eame sans fleurs, il s'agit simplement d'un objet design magnifiquement color\u00e9 qui rendra votre int\u00e9rieur instantan\u00e9ment joyeux.<\/p>\n<p data-start=\"1138\" data-end=\"1157\"><strong>Sp\u00e9cifications<\/strong><\/p>\n<ul>\n<li data-start=\"1191\" data-end=\"1215\"><strong><em>Collection : Folie empilable<\/em><\/strong><\/li>\n<li data-start=\"1252\" data-end=\"1285\"><strong><em>Mat\u00e9riau : c\u00e9ramique<\/em><\/strong><\/li>\n<li data-start=\"1288\" data-end=\"1319\"><strong><em>Couleur : arc-en-ciel\/multicolore<\/em><\/strong><\/li>\n<li data-start=\"1322\" data-end=\"1414\"><strong><em>Dimensions : environ 40 x 20 x 20 cm<\/em><\/strong><\/li>\n<li data-start=\"1417\" data-end=\"1513\"><strong><em>Imperm\u00e9able : Oui, chaque couche poss\u00e8de son propre r\u00e9servoir d'eau.<\/em><\/strong><\/li>\n<li data-start=\"1516\" data-end=\"1533\"><strong><em>Utilisation : Int\u00e9rieur<\/em><\/strong><\/li>\n<li data-start=\"1536\" data-end=\"1600\"><strong><em>Passe au lave-vaisselle : Non<\/em><\/strong><\/li>\n<li><strong><i>Marque : <a href=\"https:\/\/www.funfetti.shop\/fr\/categorie-produit-2\/marques-2\/heinen_delfts_blue\/\">Heinen Delft Blue<\/a><\/i><\/strong><\/li>\n<\/ul>\n<hr \/>\n<p data-start=\"1602\" data-end=\"1750\"><strong data-start=\"1602\" data-end=\"1619\">Astuce FunFetti :<\/strong> Combinez plusieurs pi\u00e8ces Stack Madness de couleurs diff\u00e9rentes. Vous pouvez ainsi cr\u00e9er un vase de tulipes enti\u00e8rement nouveau \u00e0 chaque fois.<\/p>\n<hr \/>\n<p data-start=\"1602\" data-end=\"1750\">\n<\/div>","protected":false},"excerpt":{"rendered":"<h3 data-start=\"888\" data-end=\"913\">Pourquoi ce produit ?<\/h3>\n<ul>\n<li data-start=\"916\" data-end=\"971\">Parce que les fleurs sont encore plus belles dans un vase \u00e0 tulipes<\/li>\n<li data-start=\"974\" data-end=\"1034\">Parce qu'il est possible de les m\u00e9langer et de les superposer avec d'autres couleurs.<\/li>\n<li data-start=\"1037\" data-end=\"1089\">Parce que les couleurs de l'arc-en-ciel apportent une joie imm\u00e9diate<\/li>\n<li data-start=\"1092\" data-end=\"1136\">Parce qu'il attire tous les regards sur la table<\/li>\n<\/ul>","protected":false},"featured_media":9995,"template":"","meta":{"neve_meta_sidebar":"","neve_meta_container":"","neve_meta_enable_content_width":"off","neve_meta_content_width":100,"neve_meta_title_alignment":"","neve_meta_author_avatar":"","neve_post_elements_order":"","neve_meta_disable_header":"","neve_meta_disable_footer":"","neve_meta_disable_title":"","neve_meta_reading_time":"","jetpack_publicize_message":"","jetpack_publicize_feature_enabled":true,"jetpack_social_post_already_shared":true,"jetpack_social_options":{"image_generator_settings":{"template":"highway","default_image_id":0,"font":"","enabled":false},"version":2}},"product_brand":[799],"product_cat":[15,678,22,688,576,30,316,685,23],"product_tag":[577,134,689,690,148],"class_list":{"0":"post-6359","1":"product","2":"type-product","3":"status-publish","4":"has-post-thumbnail","6":"product_brand-heinen-delfts-blauw","7":"product_cat-allefun","8":"product_cat-dutch-design","9":"product_cat-funliving","10":"product_cat-geselecteerde-producten","11":"product_cat-heinen_delfts_blauw","12":"product_cat-keramiek","13":"product_cat-vazen","14":"product_cat-voor-haar","15":"product_cat-woondecoratie","16":"product_tag-delfts-blauw","17":"product_tag-keramiek","18":"product_tag-regenboog","19":"product_tag-tulpen","20":"product_tag-vaas","21":"product_shipping_class-pakket-met-track-en-trace","23":"first","24":"instock","25":"taxable","26":"shipping-taxable","27":"purchasable","28":"product-type-simple"},"yoast_head":"<!-- This site is optimized with the Yoast SEO plugin v27.5 - https:\/\/yoast.com\/product\/yoast-seo-wordpress\/ -->\n<title>Tulpen vaas regenboog van Heinen Delfts Blauw<\/title>\n<meta name=\"description\" content=\"Tulpen vaas regenboog is prachtig multi gekleurd en 40 cm hoog. In alle openingen van de vaas kun je tulpen doen, waardoor het een blikvanger wordt.\" \/>\n<meta name=\"robots\" content=\"index, follow, max-snippet:-1, max-image-preview:large, max-video-preview:-1\" \/>\n<link rel=\"canonical\" href=\"https:\/\/www.funfetti.shop\/fr\/produit\/vase-tulipe-arc-en-ciel\/\" \/>\n<meta property=\"og:locale\" content=\"fr_FR\" \/>\n<meta property=\"og:type\" content=\"article\" \/>\n<meta property=\"og:title\" content=\"Tulpen vaas regenboog van Heinen Delfts Blauw\" \/>\n<meta property=\"og:description\" content=\"Tulpen vaas regenboog is prachtig multi gekleurd en 40 cm hoog. In alle openingen van de vaas kun je tulpen doen, waardoor het een blikvanger wordt.\" \/>\n<meta property=\"og:url\" content=\"https:\/\/www.funfetti.shop\/fr\/produit\/vase-tulipe-arc-en-ciel\/\" \/>\n<meta property=\"og:site_name\" content=\"FunFetti\" \/>\n<meta property=\"article:publisher\" content=\"https:\/\/www.facebook.com\/funfetti.shop\" \/>\n<meta property=\"article:modified_time\" content=\"2026-03-12T06:54:49+00:00\" \/>\n<meta property=\"og:image\" content=\"https:\/\/www.funfetti.shop\/wp-content\/uploads\/2023\/08\/Tulpen-vaas-regenboog-7.jpg\" \/>\n\t<meta property=\"og:image:width\" content=\"600\" \/>\n\t<meta property=\"og:image:height\" content=\"1067\" \/>\n\t<meta property=\"og:image:type\" content=\"image\/jpeg\" \/>\n<meta name=\"twitter:card\" content=\"summary_large_image\" \/>\n<meta name=\"twitter:label1\" content=\"Dur\u00e9e de lecture estim\u00e9e\" \/>\n\t<meta name=\"twitter:data1\" content=\"1 minute\" \/>\n<script type=\"application\/ld+json\" class=\"yoast-schema-graph\">{\"@context\":\"https:\\\/\\\/schema.org\",\"@graph\":[{\"@type\":\"WebPage\",\"@id\":\"https:\\\/\\\/www.funfetti.shop\\\/product\\\/tulpen-vaas-regenboog\\\/\",\"url\":\"https:\\\/\\\/www.funfetti.shop\\\/product\\\/tulpen-vaas-regenboog\\\/\",\"name\":\"Tulpen vaas regenboog van Heinen Delfts Blauw\",\"isPartOf\":{\"@id\":\"https:\\\/\\\/www.funfetti.shop\\\/#website\"},\"primaryImageOfPage\":{\"@id\":\"https:\\\/\\\/www.funfetti.shop\\\/product\\\/tulpen-vaas-regenboog\\\/#primaryimage\"},\"image\":{\"@id\":\"https:\\\/\\\/www.funfetti.shop\\\/product\\\/tulpen-vaas-regenboog\\\/#primaryimage\"},\"thumbnailUrl\":\"https:\\\/\\\/www.funfetti.shop\\\/wp-content\\\/uploads\\\/2023\\\/08\\\/Tulpen-vaas-regenboog-7.jpg\",\"datePublished\":\"2023-08-19T21:29:45+00:00\",\"dateModified\":\"2026-03-12T06:54:49+00:00\",\"description\":\"Tulpen vaas regenboog is prachtig multi gekleurd en 40 cm hoog. In alle openingen van de vaas kun je tulpen doen, waardoor het een blikvanger wordt.\",\"breadcrumb\":{\"@id\":\"https:\\\/\\\/www.funfetti.shop\\\/product\\\/tulpen-vaas-regenboog\\\/#breadcrumb\"},\"inLanguage\":\"fr-FR\",\"potentialAction\":[{\"@type\":\"ReadAction\",\"target\":[\"https:\\\/\\\/www.funfetti.shop\\\/product\\\/tulpen-vaas-regenboog\\\/\"]}]},{\"@type\":\"ImageObject\",\"inLanguage\":\"fr-FR\",\"@id\":\"https:\\\/\\\/www.funfetti.shop\\\/product\\\/tulpen-vaas-regenboog\\\/#primaryimage\",\"url\":\"https:\\\/\\\/www.funfetti.shop\\\/wp-content\\\/uploads\\\/2023\\\/08\\\/Tulpen-vaas-regenboog-7.jpg\",\"contentUrl\":\"https:\\\/\\\/www.funfetti.shop\\\/wp-content\\\/uploads\\\/2023\\\/08\\\/Tulpen-vaas-regenboog-7.jpg\",\"width\":600,\"height\":1067,\"caption\":\"Tulpen Vaas Regenboog - Heinen Delfts Blauw - FunFetti.shop\"},{\"@type\":\"BreadcrumbList\",\"@id\":\"https:\\\/\\\/www.funfetti.shop\\\/product\\\/tulpen-vaas-regenboog\\\/#breadcrumb\",\"itemListElement\":[{\"@type\":\"ListItem\",\"position\":1,\"name\":\"Home\",\"item\":\"https:\\\/\\\/www.funfetti.shop\\\/\"},{\"@type\":\"ListItem\",\"position\":2,\"name\":\"Winkel\",\"item\":\"https:\\\/\\\/www.funfetti.shop\\\/winkel\\\/\"},{\"@type\":\"ListItem\",\"position\":3,\"name\":\"Tulpen Vaas Regenboog\"}]},{\"@type\":\"WebSite\",\"@id\":\"https:\\\/\\\/www.funfetti.shop\\\/#website\",\"url\":\"https:\\\/\\\/www.funfetti.shop\\\/\",\"name\":\"FunFetti\",\"description\":\"a curated mix of gifts, home d\u00e9cor and design\",\"publisher\":{\"@id\":\"https:\\\/\\\/www.funfetti.shop\\\/#organization\"},\"potentialAction\":[{\"@type\":\"SearchAction\",\"target\":{\"@type\":\"EntryPoint\",\"urlTemplate\":\"https:\\\/\\\/www.funfetti.shop\\\/?s={search_term_string}\"},\"query-input\":{\"@type\":\"PropertyValueSpecification\",\"valueRequired\":true,\"valueName\":\"search_term_string\"}}],\"inLanguage\":\"fr-FR\"},{\"@type\":\"Organization\",\"@id\":\"https:\\\/\\\/www.funfetti.shop\\\/#organization\",\"name\":\"FunFetti\",\"url\":\"https:\\\/\\\/www.funfetti.shop\\\/\",\"logo\":{\"@type\":\"ImageObject\",\"inLanguage\":\"fr-FR\",\"@id\":\"https:\\\/\\\/www.funfetti.shop\\\/#\\\/schema\\\/logo\\\/image\\\/\",\"url\":\"https:\\\/\\\/i0.wp.com\\\/www.funfetti.shop\\\/wp-content\\\/uploads\\\/2021\\\/11\\\/cropped-LOGO-WP-2021.png?fit=2000%2C171&ssl=1\",\"contentUrl\":\"https:\\\/\\\/i0.wp.com\\\/www.funfetti.shop\\\/wp-content\\\/uploads\\\/2021\\\/11\\\/cropped-LOGO-WP-2021.png?fit=2000%2C171&ssl=1\",\"width\":2000,\"height\":171,\"caption\":\"FunFetti\"},\"image\":{\"@id\":\"https:\\\/\\\/www.funfetti.shop\\\/#\\\/schema\\\/logo\\\/image\\\/\"},\"sameAs\":[\"https:\\\/\\\/www.facebook.com\\\/funfetti.shop\",\"https:\\\/\\\/www.instagram.com\\\/funfetti.shop\\\/\",\"https:\\\/\\\/nl.pinterest.com\\\/funfettiforever\\\/\"]}]}<\/script>\n<!-- \/ Yoast SEO plugin. -->","yoast_head_json":{"title":"Vase tulipe arc-en-ciel de Heinen Delft Blue","description":"Le vase \u00e0 tulipes arc-en-ciel est magnifiquement multicolore et mesure 40 cm de haut. Vous pouvez mettre des tulipes dans toutes les ouvertures du vase, ce qui en fait un v\u00e9ritable accroche-regard.","robots":{"index":"index","follow":"follow","max-snippet":"max-snippet:-1","max-image-preview":"max-image-preview:large","max-video-preview":"max-video-preview:-1"},"canonical":"https:\/\/www.funfetti.shop\/fr\/produit\/vase-tulipe-arc-en-ciel\/","og_locale":"fr_FR","og_type":"article","og_title":"Tulpen vaas regenboog van Heinen Delfts Blauw","og_description":"Tulpen vaas regenboog is prachtig multi gekleurd en 40 cm hoog. In alle openingen van de vaas kun je tulpen doen, waardoor het een blikvanger wordt.","og_url":"https:\/\/www.funfetti.shop\/fr\/produit\/vase-tulipe-arc-en-ciel\/","og_site_name":"FunFetti","article_publisher":"https:\/\/www.facebook.com\/funfetti.shop","article_modified_time":"2026-03-12T06:54:49+00:00","og_image":[{"width":600,"height":1067,"url":"https:\/\/www.funfetti.shop\/wp-content\/uploads\/2023\/08\/Tulpen-vaas-regenboog-7.jpg","type":"image\/jpeg"}],"twitter_card":"summary_large_image","twitter_misc":{"Dur\u00e9e de lecture estim\u00e9e":"1 minute"},"schema":{"@context":"https:\/\/schema.org","@graph":[{"@type":"WebPage","@id":"https:\/\/www.funfetti.shop\/product\/tulpen-vaas-regenboog\/","url":"https:\/\/www.funfetti.shop\/product\/tulpen-vaas-regenboog\/","name":"Vase tulipe arc-en-ciel de Heinen Delft Blue","isPartOf":{"@id":"https:\/\/www.funfetti.shop\/#website"},"primaryImageOfPage":{"@id":"https:\/\/www.funfetti.shop\/product\/tulpen-vaas-regenboog\/#primaryimage"},"image":{"@id":"https:\/\/www.funfetti.shop\/product\/tulpen-vaas-regenboog\/#primaryimage"},"thumbnailUrl":"https:\/\/www.funfetti.shop\/wp-content\/uploads\/2023\/08\/Tulpen-vaas-regenboog-7.jpg","datePublished":"2023-08-19T21:29:45+00:00","dateModified":"2026-03-12T06:54:49+00:00","description":"Le vase \u00e0 tulipes arc-en-ciel est magnifiquement multicolore et mesure 40 cm de haut. Vous pouvez mettre des tulipes dans toutes les ouvertures du vase, ce qui en fait un v\u00e9ritable accroche-regard.","breadcrumb":{"@id":"https:\/\/www.funfetti.shop\/product\/tulpen-vaas-regenboog\/#breadcrumb"},"inLanguage":"fr-FR","potentialAction":[{"@type":"ReadAction","target":["https:\/\/www.funfetti.shop\/product\/tulpen-vaas-regenboog\/"]}]},{"@type":"ImageObject","inLanguage":"fr-FR","@id":"https:\/\/www.funfetti.shop\/product\/tulpen-vaas-regenboog\/#primaryimage","url":"https:\/\/www.funfetti.shop\/wp-content\/uploads\/2023\/08\/Tulpen-vaas-regenboog-7.jpg","contentUrl":"https:\/\/www.funfetti.shop\/wp-content\/uploads\/2023\/08\/Tulpen-vaas-regenboog-7.jpg","width":600,"height":1067,"caption":"Tulpen Vaas Regenboog - Heinen Delfts Blauw - FunFetti.shop"},{"@type":"BreadcrumbList","@id":"https:\/\/www.funfetti.shop\/product\/tulpen-vaas-regenboog\/#breadcrumb","itemListElement":[{"@type":"ListItem","position":1,"name":"Home","item":"https:\/\/www.funfetti.shop\/"},{"@type":"ListItem","position":2,"name":"Winkel","item":"https:\/\/www.funfetti.shop\/winkel\/"},{"@type":"ListItem","position":3,"name":"Tulpen Vaas Regenboog"}]},{"@type":"WebSite","@id":"https:\/\/www.funfetti.shop\/#website","url":"https:\/\/www.funfetti.shop\/","name":"FunFetti","description":"un m\u00e9lange de cadeaux, de d\u00e9coration d'int\u00e9rieur et de design","publisher":{"@id":"https:\/\/www.funfetti.shop\/#organization"},"potentialAction":[{"@type":"SearchAction","target":{"@type":"EntryPoint","urlTemplate":"https:\/\/www.funfetti.shop\/?s={search_term_string}"},"query-input":{"@type":"PropertyValueSpecification","valueRequired":true,"valueName":"search_term_string"}}],"inLanguage":"fr-FR"},{"@type":"Organization","@id":"https:\/\/www.funfetti.shop\/#organization","name":"FunFetti","url":"https:\/\/www.funfetti.shop\/","logo":{"@type":"ImageObject","inLanguage":"fr-FR","@id":"https:\/\/www.funfetti.shop\/#\/schema\/logo\/image\/","url":"https:\/\/i0.wp.com\/www.funfetti.shop\/wp-content\/uploads\/2021\/11\/cropped-LOGO-WP-2021.png?fit=2000%2C171&ssl=1","contentUrl":"https:\/\/i0.wp.com\/www.funfetti.shop\/wp-content\/uploads\/2021\/11\/cropped-LOGO-WP-2021.png?fit=2000%2C171&ssl=1","width":2000,"height":171,"caption":"FunFetti"},"image":{"@id":"https:\/\/www.funfetti.shop\/#\/schema\/logo\/image\/"},"sameAs":["https:\/\/www.facebook.com\/funfetti.shop","https:\/\/www.instagram.com\/funfetti.shop\/","https:\/\/nl.pinterest.com\/funfettiforever\/"]}]}},"jetpack_publicize_connections":[],"jetpack_sharing_enabled":true,"_links":{"self":[{"href":"https:\/\/www.funfetti.shop\/fr\/wp-json\/wp\/v2\/product\/6359","targetHints":{"allow":["GET"]}}],"collection":[{"href":"https:\/\/www.funfetti.shop\/fr\/wp-json\/wp\/v2\/product"}],"about":[{"href":"https:\/\/www.funfetti.shop\/fr\/wp-json\/wp\/v2\/types\/product"}],"wp:featuredmedia":[{"embeddable":true,"href":"https:\/\/www.funfetti.shop\/fr\/wp-json\/wp\/v2\/media\/9995"}],"wp:attachment":[{"href":"https:\/\/www.funfetti.shop\/fr\/wp-json\/wp\/v2\/media?parent=6359"}],"wp:term":[{"taxonomy":"product_brand","embeddable":true,"href":"https:\/\/www.funfetti.shop\/fr\/wp-json\/wp\/v2\/product_brand?post=6359"},{"taxonomy":"product_cat","embeddable":true,"href":"https:\/\/www.funfetti.shop\/fr\/wp-json\/wp\/v2\/product_cat?post=6359"},{"taxonomy":"product_tag","embeddable":true,"href":"https:\/\/www.funfetti.shop\/fr\/wp-json\/wp\/v2\/product_tag?post=6359"}],"curies":[{"name":"wp","href":"https:\/\/api.w.org\/{rel}","templated":true}]}}