{"id":6360,"date":"2023-08-19T21:30:05","date_gmt":"2023-08-19T21:30:05","guid":{"rendered":"https:\/\/www.funfetti.shop\/?post_type=product&#038;p=6360"},"modified":"2026-04-29T15:56:57","modified_gmt":"2026-04-29T15:56:57","slug":"vase-a-tulipes-noir","status":"publish","type":"product","link":"https:\/\/www.funfetti.shop\/fr\/product\/tulpenvaas-zwart\/","title":{"rendered":"Vase \u00e0 tulipes noir"},"content":{"rendered":"<div class=\"text-collapse mb-3 mb-md-4 has-no-overflow\" data-controller=\"text-collapse\">\n<h3 data-section-id=\"cb6ijw\" data-start=\"387\" data-end=\"429\">Vase tulipes noir \u2013 Heinen Delft Bleu<\/h3>\n<p data-start=\"431\" data-end=\"482\"><strong data-start=\"431\" data-end=\"482\">Un classique dans une finition mate robuste.<\/strong><\/p>\n<p data-start=\"484\" data-end=\"713\">Le vase \u00e0 tulipes noir est le genre de vase qui fait imm\u00e9diatement impression. Avec sa couleur noir mat et sa hauteur royale de 40 cm, c'est une pi\u00e8ce ma\u00eetresse pour votre int\u00e9rieur. Robuste, \u00e9l\u00e9gant et juste un peu diff\u00e9rent de l'ordinaire. Gr\u00e2ce \u00e0 ses diff\u00e9rentes ouvertures, vous pouvez remplir le vase de tulipes pour un bouquet plein et ludique qui danse dans tous les sens. C'est pr\u00e9cis\u00e9ment ce qui cr\u00e9e cet effet typique de vase \u00e0 tulipes qui vous rend imm\u00e9diatement heureux. Et oui, officiellement, il s'agit bien d'un vase \u00e0 tulipes, mais soyons honn\u00eates : il est aussi magnifique avec d'autres fleurs.<\/p>\n<p data-start=\"1053\" data-end=\"1303\">Le vase se compose de trois parties que vous pouvez remplir s\u00e9par\u00e9ment d'eau. Cela le rend non seulement sp\u00e9cial \u00e0 regarder, mais aussi agr\u00e9able \u00e0 utiliser. Un grand accroche-regard pour la table, un buffet ou un bel endroit o\u00f9 il peut attirer toute l'attention.<\/p>\n<p data-section-id=\"1dhqvak\" data-start=\"1305\" data-end=\"1322\"><strong>Sp\u00e9cifications :<\/strong><\/p>\n<ul data-start=\"1324\" data-end=\"1557\">\n<li data-section-id=\"1jsq15s\" data-start=\"1324\" data-end=\"1353\"><em><strong>Produit : Vase tulipes noir<\/strong><\/em><\/li>\n<li data-section-id=\"gy0erz\" data-start=\"1354\" data-end=\"1368\"><em><strong>Type\u00a0: Vase<\/strong><\/em><\/li>\n<li data-section-id=\"2wpz3j\" data-start=\"1369\" data-end=\"1392\"><em><strong>Mat\u00e9riau : c\u00e9ramique<\/strong><\/em><\/li>\n<li data-section-id=\"4zhms2\" data-start=\"1393\" data-end=\"1419\"><em><strong>Dimensions : 40 x 20 cm<\/strong><\/em><\/li>\n<li data-section-id=\"woxizh\" data-start=\"1420\" data-end=\"1436\"><em><strong>Couleur : noir<\/strong><\/em><\/li>\n<li data-section-id=\"1al98or\" data-start=\"1437\" data-end=\"1461\"><em><strong>Se compose de : 3 parties<\/strong><\/em><\/li>\n<li data-section-id=\"slu7pn\" data-start=\"1462\" data-end=\"1527\"><em><strong>Utilisation : Les compartiments peuvent \u00eatre remplis individuellement d'eau<\/strong><\/em><\/li>\n<li data-section-id=\"6outoj\" data-start=\"1528\" data-end=\"1557\"><em><strong>Marque : <a href=\"https:\/\/www.funfetti.shop\/fr\/categorie-produit-2\/marques-2\/heinen_delfts_blue\/\">Heinen Delft Blue<\/a><\/strong><\/em><\/li>\n<\/ul>\n<hr \/>\n<p data-start=\"1559\" data-end=\"1691\" data-is-last-node=\"\" data-is-only-node=\"\"><strong data-start=\"1559\" data-end=\"1576\">Astuce FunFetti :<\/strong> Ce vase est magnifique avec des tulipes, mais aussi \u00e9tonnamment beau avec un m\u00e9lange libre de fleurs de diff\u00e9rentes hauteurs.<\/p>\n<\/div>\n<div class=\"mb-3 mb-md-4\">\n<hr \/>\n<p>&nbsp;<\/p>\n<\/div>","protected":false},"excerpt":{"rendered":"<p>Le vase tulipe noir est un magnifique vase noir mat de 40 cm de haut. Vous pouvez placer des tulipes dans toutes les ouvertures du vase, cr\u00e9ant ainsi un v\u00e9ritable accroche-regard.<\/p>","protected":false},"featured_media":10246,"template":"","meta":{"neve_meta_sidebar":"","neve_meta_container":"","neve_meta_enable_content_width":"off","neve_meta_content_width":100,"neve_meta_title_alignment":"","neve_meta_author_avatar":"","neve_post_elements_order":"","neve_meta_disable_header":"","neve_meta_disable_footer":"","neve_meta_disable_title":"","neve_meta_reading_time":"","jetpack_publicize_message":"","jetpack_publicize_feature_enabled":true,"jetpack_social_post_already_shared":true,"jetpack_social_options":{"image_generator_settings":{"template":"highway","default_image_id":0,"font":"","enabled":false},"version":2}},"product_brand":[799],"product_cat":[15,678,677,22,576,30,316,685,23],"product_tag":[691,134,690,148,165],"class_list":{"0":"post-6360","1":"product","2":"type-product","3":"status-publish","4":"has-post-thumbnail","6":"product_brand-heinen-delfts-blauw","7":"product_cat-allefun","8":"product_cat-dutch-design","9":"product_cat-fundesign","10":"product_cat-funliving","11":"product_cat-heinen_delfts_blauw","12":"product_cat-keramiek","13":"product_cat-vazen","14":"product_cat-voor-haar","15":"product_cat-woondecoratie","16":"product_tag-delfst-blauw","17":"product_tag-keramiek","18":"product_tag-tulpen","19":"product_tag-vaas","20":"product_tag-zwart","21":"product_shipping_class-pakket-met-track-en-trace","23":"first","24":"instock","25":"taxable","26":"shipping-taxable","27":"purchasable","28":"product-type-simple"},"yoast_head":"<!-- This site is optimized with the Yoast SEO plugin v27.5 - https:\/\/yoast.com\/product\/yoast-seo-wordpress\/ -->\n<title>Tulpenvaas Zwart<\/title>\n<meta name=\"description\" content=\"Tulpenvaas Zwart is prachtig mat zwart en 40 cm hoog. In alle openingen van de vaas kun je tulpen doen, waardoor het een blikvanger wordt.\" \/>\n<meta name=\"robots\" content=\"index, follow, max-snippet:-1, max-image-preview:large, max-video-preview:-1\" \/>\n<link rel=\"canonical\" href=\"https:\/\/www.funfetti.shop\/fr\/produit\/vase-a-tulipes-noir\/\" \/>\n<meta property=\"og:locale\" content=\"fr_FR\" \/>\n<meta property=\"og:type\" content=\"article\" \/>\n<meta property=\"og:title\" content=\"Tulpenvaas Zwart\" \/>\n<meta property=\"og:description\" content=\"Tulpenvaas Zwart is prachtig mat zwart en 40 cm hoog. In alle openingen van de vaas kun je tulpen doen, waardoor het een blikvanger wordt.\" \/>\n<meta property=\"og:url\" content=\"https:\/\/www.funfetti.shop\/fr\/produit\/vase-a-tulipes-noir\/\" \/>\n<meta property=\"og:site_name\" content=\"FunFetti\" \/>\n<meta property=\"article:publisher\" content=\"https:\/\/www.facebook.com\/funfetti.shop\" \/>\n<meta property=\"article:modified_time\" content=\"2026-04-29T15:56:57+00:00\" \/>\n<meta property=\"og:image\" content=\"https:\/\/www.funfetti.shop\/wp-content\/uploads\/2023\/08\/Tulpen-vaas-zwart-Stapel-gekte-vaas-Heinen-Delfs-Blauw-FunFetti.shop-2.jpg\" \/>\n\t<meta property=\"og:image:width\" content=\"600\" \/>\n\t<meta property=\"og:image:height\" content=\"1067\" \/>\n\t<meta property=\"og:image:type\" content=\"image\/jpeg\" \/>\n<meta name=\"twitter:card\" content=\"summary_large_image\" \/>\n<meta name=\"twitter:label1\" content=\"Dur\u00e9e de lecture estim\u00e9e\" \/>\n\t<meta name=\"twitter:data1\" content=\"2 minutes\" \/>\n<script type=\"application\/ld+json\" class=\"yoast-schema-graph\">{\"@context\":\"https:\\\/\\\/schema.org\",\"@graph\":[{\"@type\":\"WebPage\",\"@id\":\"https:\\\/\\\/www.funfetti.shop\\\/product\\\/tulpenvaas-zwart\\\/\",\"url\":\"https:\\\/\\\/www.funfetti.shop\\\/product\\\/tulpenvaas-zwart\\\/\",\"name\":\"Tulpenvaas Zwart\",\"isPartOf\":{\"@id\":\"https:\\\/\\\/www.funfetti.shop\\\/#website\"},\"primaryImageOfPage\":{\"@id\":\"https:\\\/\\\/www.funfetti.shop\\\/product\\\/tulpenvaas-zwart\\\/#primaryimage\"},\"image\":{\"@id\":\"https:\\\/\\\/www.funfetti.shop\\\/product\\\/tulpenvaas-zwart\\\/#primaryimage\"},\"thumbnailUrl\":\"https:\\\/\\\/www.funfetti.shop\\\/wp-content\\\/uploads\\\/2023\\\/08\\\/Tulpen-vaas-zwart-Stapel-gekte-vaas-Heinen-Delfs-Blauw-FunFetti.shop-2.jpg\",\"datePublished\":\"2023-08-19T21:30:05+00:00\",\"dateModified\":\"2026-04-29T15:56:57+00:00\",\"description\":\"Tulpenvaas Zwart is prachtig mat zwart en 40 cm hoog. In alle openingen van de vaas kun je tulpen doen, waardoor het een blikvanger wordt.\",\"breadcrumb\":{\"@id\":\"https:\\\/\\\/www.funfetti.shop\\\/product\\\/tulpenvaas-zwart\\\/#breadcrumb\"},\"inLanguage\":\"fr-FR\",\"potentialAction\":[{\"@type\":\"ReadAction\",\"target\":[\"https:\\\/\\\/www.funfetti.shop\\\/product\\\/tulpenvaas-zwart\\\/\"]}]},{\"@type\":\"ImageObject\",\"inLanguage\":\"fr-FR\",\"@id\":\"https:\\\/\\\/www.funfetti.shop\\\/product\\\/tulpenvaas-zwart\\\/#primaryimage\",\"url\":\"https:\\\/\\\/www.funfetti.shop\\\/wp-content\\\/uploads\\\/2023\\\/08\\\/Tulpen-vaas-zwart-Stapel-gekte-vaas-Heinen-Delfs-Blauw-FunFetti.shop-2.jpg\",\"contentUrl\":\"https:\\\/\\\/www.funfetti.shop\\\/wp-content\\\/uploads\\\/2023\\\/08\\\/Tulpen-vaas-zwart-Stapel-gekte-vaas-Heinen-Delfs-Blauw-FunFetti.shop-2.jpg\",\"width\":600,\"height\":1067,\"caption\":\"Stapel gekte vaas - Heinen Delfs Blauw - FunFetti.shop\"},{\"@type\":\"BreadcrumbList\",\"@id\":\"https:\\\/\\\/www.funfetti.shop\\\/product\\\/tulpenvaas-zwart\\\/#breadcrumb\",\"itemListElement\":[{\"@type\":\"ListItem\",\"position\":1,\"name\":\"Home\",\"item\":\"https:\\\/\\\/www.funfetti.shop\\\/\"},{\"@type\":\"ListItem\",\"position\":2,\"name\":\"Winkel\",\"item\":\"https:\\\/\\\/www.funfetti.shop\\\/winkel\\\/\"},{\"@type\":\"ListItem\",\"position\":3,\"name\":\"Tulpenvaas Zwart\"}]},{\"@type\":\"WebSite\",\"@id\":\"https:\\\/\\\/www.funfetti.shop\\\/#website\",\"url\":\"https:\\\/\\\/www.funfetti.shop\\\/\",\"name\":\"FunFetti\",\"description\":\"a curated mix of gifts, home d\u00e9cor and design\",\"publisher\":{\"@id\":\"https:\\\/\\\/www.funfetti.shop\\\/#organization\"},\"potentialAction\":[{\"@type\":\"SearchAction\",\"target\":{\"@type\":\"EntryPoint\",\"urlTemplate\":\"https:\\\/\\\/www.funfetti.shop\\\/?s={search_term_string}\"},\"query-input\":{\"@type\":\"PropertyValueSpecification\",\"valueRequired\":true,\"valueName\":\"search_term_string\"}}],\"inLanguage\":\"fr-FR\"},{\"@type\":\"Organization\",\"@id\":\"https:\\\/\\\/www.funfetti.shop\\\/#organization\",\"name\":\"FunFetti\",\"url\":\"https:\\\/\\\/www.funfetti.shop\\\/\",\"logo\":{\"@type\":\"ImageObject\",\"inLanguage\":\"fr-FR\",\"@id\":\"https:\\\/\\\/www.funfetti.shop\\\/#\\\/schema\\\/logo\\\/image\\\/\",\"url\":\"https:\\\/\\\/i0.wp.com\\\/www.funfetti.shop\\\/wp-content\\\/uploads\\\/2021\\\/11\\\/cropped-LOGO-WP-2021.png?fit=2000%2C171&ssl=1\",\"contentUrl\":\"https:\\\/\\\/i0.wp.com\\\/www.funfetti.shop\\\/wp-content\\\/uploads\\\/2021\\\/11\\\/cropped-LOGO-WP-2021.png?fit=2000%2C171&ssl=1\",\"width\":2000,\"height\":171,\"caption\":\"FunFetti\"},\"image\":{\"@id\":\"https:\\\/\\\/www.funfetti.shop\\\/#\\\/schema\\\/logo\\\/image\\\/\"},\"sameAs\":[\"https:\\\/\\\/www.facebook.com\\\/funfetti.shop\",\"https:\\\/\\\/www.instagram.com\\\/funfetti.shop\\\/\",\"https:\\\/\\\/nl.pinterest.com\\\/funfettiforever\\\/\"]}]}<\/script>\n<!-- \/ Yoast SEO plugin. -->","yoast_head_json":{"title":"Vase \u00e0 tulipes noir","description":"Le vase \u00e0 tulipes noir est d'un magnifique noir mat et mesure 40 cm de haut. Vous pouvez placer des tulipes dans toutes les ouvertures du vase, ce qui en fait un objet qui attire le regard.","robots":{"index":"index","follow":"follow","max-snippet":"max-snippet:-1","max-image-preview":"max-image-preview:large","max-video-preview":"max-video-preview:-1"},"canonical":"https:\/\/www.funfetti.shop\/fr\/produit\/vase-a-tulipes-noir\/","og_locale":"fr_FR","og_type":"article","og_title":"Tulpenvaas Zwart","og_description":"Tulpenvaas Zwart is prachtig mat zwart en 40 cm hoog. In alle openingen van de vaas kun je tulpen doen, waardoor het een blikvanger wordt.","og_url":"https:\/\/www.funfetti.shop\/fr\/produit\/vase-a-tulipes-noir\/","og_site_name":"FunFetti","article_publisher":"https:\/\/www.facebook.com\/funfetti.shop","article_modified_time":"2026-04-29T15:56:57+00:00","og_image":[{"width":600,"height":1067,"url":"https:\/\/www.funfetti.shop\/wp-content\/uploads\/2023\/08\/Tulpen-vaas-zwart-Stapel-gekte-vaas-Heinen-Delfs-Blauw-FunFetti.shop-2.jpg","type":"image\/jpeg"}],"twitter_card":"summary_large_image","twitter_misc":{"Dur\u00e9e de lecture estim\u00e9e":"2 minutes"},"schema":{"@context":"https:\/\/schema.org","@graph":[{"@type":"WebPage","@id":"https:\/\/www.funfetti.shop\/product\/tulpenvaas-zwart\/","url":"https:\/\/www.funfetti.shop\/product\/tulpenvaas-zwart\/","name":"Vase \u00e0 tulipes noir","isPartOf":{"@id":"https:\/\/www.funfetti.shop\/#website"},"primaryImageOfPage":{"@id":"https:\/\/www.funfetti.shop\/product\/tulpenvaas-zwart\/#primaryimage"},"image":{"@id":"https:\/\/www.funfetti.shop\/product\/tulpenvaas-zwart\/#primaryimage"},"thumbnailUrl":"https:\/\/www.funfetti.shop\/wp-content\/uploads\/2023\/08\/Tulpen-vaas-zwart-Stapel-gekte-vaas-Heinen-Delfs-Blauw-FunFetti.shop-2.jpg","datePublished":"2023-08-19T21:30:05+00:00","dateModified":"2026-04-29T15:56:57+00:00","description":"Le vase \u00e0 tulipes noir est d'un magnifique noir mat et mesure 40 cm de haut. Vous pouvez placer des tulipes dans toutes les ouvertures du vase, ce qui en fait un objet qui attire le regard.","breadcrumb":{"@id":"https:\/\/www.funfetti.shop\/product\/tulpenvaas-zwart\/#breadcrumb"},"inLanguage":"fr-FR","potentialAction":[{"@type":"ReadAction","target":["https:\/\/www.funfetti.shop\/product\/tulpenvaas-zwart\/"]}]},{"@type":"ImageObject","inLanguage":"fr-FR","@id":"https:\/\/www.funfetti.shop\/product\/tulpenvaas-zwart\/#primaryimage","url":"https:\/\/www.funfetti.shop\/wp-content\/uploads\/2023\/08\/Tulpen-vaas-zwart-Stapel-gekte-vaas-Heinen-Delfs-Blauw-FunFetti.shop-2.jpg","contentUrl":"https:\/\/www.funfetti.shop\/wp-content\/uploads\/2023\/08\/Tulpen-vaas-zwart-Stapel-gekte-vaas-Heinen-Delfs-Blauw-FunFetti.shop-2.jpg","width":600,"height":1067,"caption":"Stapel gekte vaas - Heinen Delfs Blauw - FunFetti.shop"},{"@type":"BreadcrumbList","@id":"https:\/\/www.funfetti.shop\/product\/tulpenvaas-zwart\/#breadcrumb","itemListElement":[{"@type":"ListItem","position":1,"name":"Home","item":"https:\/\/www.funfetti.shop\/"},{"@type":"ListItem","position":2,"name":"Winkel","item":"https:\/\/www.funfetti.shop\/winkel\/"},{"@type":"ListItem","position":3,"name":"Tulpenvaas Zwart"}]},{"@type":"WebSite","@id":"https:\/\/www.funfetti.shop\/#website","url":"https:\/\/www.funfetti.shop\/","name":"FunFetti","description":"un m\u00e9lange de cadeaux, de d\u00e9coration d'int\u00e9rieur et de design","publisher":{"@id":"https:\/\/www.funfetti.shop\/#organization"},"potentialAction":[{"@type":"SearchAction","target":{"@type":"EntryPoint","urlTemplate":"https:\/\/www.funfetti.shop\/?s={search_term_string}"},"query-input":{"@type":"PropertyValueSpecification","valueRequired":true,"valueName":"search_term_string"}}],"inLanguage":"fr-FR"},{"@type":"Organization","@id":"https:\/\/www.funfetti.shop\/#organization","name":"FunFetti","url":"https:\/\/www.funfetti.shop\/","logo":{"@type":"ImageObject","inLanguage":"fr-FR","@id":"https:\/\/www.funfetti.shop\/#\/schema\/logo\/image\/","url":"https:\/\/i0.wp.com\/www.funfetti.shop\/wp-content\/uploads\/2021\/11\/cropped-LOGO-WP-2021.png?fit=2000%2C171&ssl=1","contentUrl":"https:\/\/i0.wp.com\/www.funfetti.shop\/wp-content\/uploads\/2021\/11\/cropped-LOGO-WP-2021.png?fit=2000%2C171&ssl=1","width":2000,"height":171,"caption":"FunFetti"},"image":{"@id":"https:\/\/www.funfetti.shop\/#\/schema\/logo\/image\/"},"sameAs":["https:\/\/www.facebook.com\/funfetti.shop","https:\/\/www.instagram.com\/funfetti.shop\/","https:\/\/nl.pinterest.com\/funfettiforever\/"]}]}},"jetpack_publicize_connections":[],"jetpack_sharing_enabled":true,"_links":{"self":[{"href":"https:\/\/www.funfetti.shop\/fr\/wp-json\/wp\/v2\/product\/6360","targetHints":{"allow":["GET"]}}],"collection":[{"href":"https:\/\/www.funfetti.shop\/fr\/wp-json\/wp\/v2\/product"}],"about":[{"href":"https:\/\/www.funfetti.shop\/fr\/wp-json\/wp\/v2\/types\/product"}],"wp:featuredmedia":[{"embeddable":true,"href":"https:\/\/www.funfetti.shop\/fr\/wp-json\/wp\/v2\/media\/10246"}],"wp:attachment":[{"href":"https:\/\/www.funfetti.shop\/fr\/wp-json\/wp\/v2\/media?parent=6360"}],"wp:term":[{"taxonomy":"product_brand","embeddable":true,"href":"https:\/\/www.funfetti.shop\/fr\/wp-json\/wp\/v2\/product_brand?post=6360"},{"taxonomy":"product_cat","embeddable":true,"href":"https:\/\/www.funfetti.shop\/fr\/wp-json\/wp\/v2\/product_cat?post=6360"},{"taxonomy":"product_tag","embeddable":true,"href":"https:\/\/www.funfetti.shop\/fr\/wp-json\/wp\/v2\/product_tag?post=6360"}],"curies":[{"name":"wp","href":"https:\/\/api.w.org\/{rel}","templated":true}]}}