{"id":6638,"date":"2023-10-26T10:20:23","date_gmt":"2023-10-26T10:20:23","guid":{"rendered":"https:\/\/www.funfetti.shop\/?post_type=product&#038;p=6638"},"modified":"2025-11-28T17:07:49","modified_gmt":"2025-11-28T17:07:49","slug":"assiette-a-gateau-en-ceramique-party","status":"publish","type":"product","link":"https:\/\/www.funfetti.shop\/fr\/product\/keramieken-taartplateau-party\/","title":{"rendered":"Assiette \u00e0 g\u00e2teau en c\u00e9ramique party"},"content":{"rendered":"<h3 data-start=\"132\" data-end=\"175\">Assiette \u00e0 g\u00e2teau en c\u00e9ramique Party White<\/h3>\n<p data-start=\"177\" data-end=\"469\">Apportez un air de f\u00eate \u00e0 votre table avec les assiettes \u00e0 g\u00e2teaux en c\u00e9ramique de Ceramic cake plate party. <strong data-start=\"247\" data-end=\"264\">\u0152uf de retour \u00e0 la maison<\/strong> avec son motif \u00e0 touches de couleur. Fabriqu\u00e9 \u00e0 la main au Portugal \u00e0 partir de gr\u00e8s robuste, ce support \u00e0 g\u00e2teau rond pr\u00e9sente un aspect joyeux et ludique qui embellit toutes les c\u00e9l\u00e9brations.<\/p>\n<p data-start=\"471\" data-end=\"728\">Avec un diam\u00e8tre important d'environ 28 cm et une hauteur d'environ 14 cm, ce support \u00e0 g\u00e2teaux est parfait pour pr\u00e9senter vos g\u00e2teaux, cupcakes ou friandises pr\u00e9f\u00e9r\u00e9s.<\/p>\n<p data-start=\"471\" data-end=\"728\"><em><strong>Sp\u00e9cifications :<\/strong><\/em><\/p>\n<ul>\n<li><strong><em>dimensions : 28 x 14 cm<\/em><\/strong><\/li>\n<li><strong><em>Couleur : blanc avec des taches color\u00e9es<\/em><\/strong><\/li>\n<li><strong><em>\u00e9galement disponible en rose<\/em><\/strong><\/li>\n<li><strong><em>Les couleurs et la gla\u00e7ure peuvent varier l\u00e9g\u00e8rement, chaque pi\u00e8ce est unique.<\/em><\/strong><\/li>\n<li><strong><em>mat\u00e9riau : c\u00e9ramique<\/em><\/strong><\/li>\n<li><strong><em>artisanal<\/em><\/strong><\/li>\n<li><strong><em>peut \u00eatre mis au micro-ondes et au lave-vaisselle<\/em><\/strong><\/li>\n<li><strong><em>Marque : Egg Back Home<\/em><\/strong><\/li>\n<\/ul>\n<p><em>Fait \u00e0 la main<\/em>! Cela donne \u00e0 chaque article un aspect unique et il n'y a donc pas deux articles identiques.<\/p>\n<hr data-start=\"1576\" data-end=\"1579\" \/>\n<p data-start=\"1581\" data-end=\"1622\"><strong data-start=\"1629\" data-end=\"1646\">Astuce Funfetti :<\/strong> Accompagnez-la de macarons aux couleurs pastel ou de cupcakes color\u00e9s pour une table de f\u00eate parfaite.<\/p>\n<hr data-start=\"1624\" data-end=\"1627\" \/>\n<p>&nbsp;<\/p>","protected":false},"excerpt":{"rendered":"<p data-start=\"1233\" data-end=\"1270\"><strong data-start=\"1233\" data-end=\"1268\">Pourquoi ce plateau \u00e0 g\u00e2teau ?<\/strong><\/p>\n<ul>\n<li data-start=\"1273\" data-end=\"1361\">Fonctionnel et \u00e9l\u00e9gant, il est id\u00e9al pour les f\u00eates ou les plaisirs quotidiens.<\/li>\n<li data-start=\"1364\" data-end=\"1430\">Le caract\u00e8re fait main donne \u00e0 votre table une touche artisanale.<\/li>\n<li data-start=\"1433\" data-end=\"1494\">La couleur blanche s'harmonise avec la plupart des vaisselles et des tables.<\/li>\n<li data-start=\"1497\" data-end=\"1574\">Un cadeau id\u00e9al pour les personnes qui f\u00eatent leur anniversaire, les f\u00eatards ou les amateurs de design.<\/li>\n<\/ul>","protected":false},"featured_media":6643,"template":"","meta":{"neve_meta_sidebar":"","neve_meta_container":"","neve_meta_enable_content_width":"off","neve_meta_content_width":100,"neve_meta_title_alignment":"","neve_meta_author_avatar":"","neve_post_elements_order":"","neve_meta_disable_header":"","neve_meta_disable_footer":"","neve_meta_disable_title":"","neve_meta_reading_time":"","jetpack_publicize_message":"","jetpack_publicize_feature_enabled":true,"jetpack_social_post_already_shared":true,"jetpack_social_options":{"image_generator_settings":{"template":"highway","default_image_id":0,"font":"","enabled":false},"version":2}},"product_brand":[801],"product_cat":[15,800,22,30,29,683,23],"product_tag":[],"class_list":{"0":"post-6638","1":"product","2":"type-product","3":"status-publish","4":"has-post-thumbnail","6":"product_brand-egg-back-home","7":"product_cat-allefun","8":"product_cat-egg-back-home","9":"product_cat-funliving","10":"product_cat-keramiek","11":"product_cat-keuken","12":"product_cat-servies","13":"product_cat-woondecoratie","14":"product_shipping_class-pakket-met-track-en-trace","16":"first","17":"instock","18":"taxable","19":"shipping-taxable","20":"purchasable","21":"product-type-simple"},"yoast_head":"<!-- This site is optimized with the Yoast SEO plugin v27.4 - https:\/\/yoast.com\/product\/yoast-seo-wordpress\/ -->\n<title>Keramieken taartplateau party - FunFetti<\/title>\n<meta name=\"description\" content=\"Keramieken taartplateau party met zijn spetter kleurpatroon geeft instant feest vibes. Deze grote taartenstandaard is echt een waar feest voor je ogen!\" \/>\n<meta name=\"robots\" content=\"index, follow, max-snippet:-1, max-image-preview:large, max-video-preview:-1\" \/>\n<link rel=\"canonical\" href=\"https:\/\/www.funfetti.shop\/fr\/produit\/assiette-a-gateau-en-ceramique-party\/\" \/>\n<meta property=\"og:locale\" content=\"fr_FR\" \/>\n<meta property=\"og:type\" content=\"article\" \/>\n<meta property=\"og:title\" content=\"Keramieken taartplateau party - FunFetti\" \/>\n<meta property=\"og:description\" content=\"Keramieken taartplateau party met zijn spetter kleurpatroon geeft instant feest vibes. Deze grote taartenstandaard is echt een waar feest voor je ogen!\" \/>\n<meta property=\"og:url\" content=\"https:\/\/www.funfetti.shop\/fr\/produit\/assiette-a-gateau-en-ceramique-party\/\" \/>\n<meta property=\"og:site_name\" content=\"FunFetti\" \/>\n<meta property=\"article:publisher\" content=\"https:\/\/www.facebook.com\/funfetti.shop\" \/>\n<meta property=\"article:modified_time\" content=\"2025-11-28T17:07:49+00:00\" \/>\n<meta property=\"og:image\" content=\"https:\/\/www.funfetti.shop\/wp-content\/uploads\/2023\/10\/Taartstandaard-confetti-wit-6.jpg\" \/>\n\t<meta property=\"og:image:width\" content=\"600\" \/>\n\t<meta property=\"og:image:height\" content=\"1067\" \/>\n\t<meta property=\"og:image:type\" content=\"image\/jpeg\" \/>\n<meta name=\"twitter:card\" content=\"summary_large_image\" \/>\n<meta name=\"twitter:label1\" content=\"Dur\u00e9e de lecture estim\u00e9e\" \/>\n\t<meta name=\"twitter:data1\" content=\"1 minute\" \/>\n<script type=\"application\/ld+json\" class=\"yoast-schema-graph\">{\"@context\":\"https:\\\/\\\/schema.org\",\"@graph\":[{\"@type\":\"WebPage\",\"@id\":\"https:\\\/\\\/www.funfetti.shop\\\/product\\\/keramieken-taartplateau-party\\\/\",\"url\":\"https:\\\/\\\/www.funfetti.shop\\\/product\\\/keramieken-taartplateau-party\\\/\",\"name\":\"Keramieken taartplateau party - FunFetti\",\"isPartOf\":{\"@id\":\"https:\\\/\\\/www.funfetti.shop\\\/#website\"},\"primaryImageOfPage\":{\"@id\":\"https:\\\/\\\/www.funfetti.shop\\\/product\\\/keramieken-taartplateau-party\\\/#primaryimage\"},\"image\":{\"@id\":\"https:\\\/\\\/www.funfetti.shop\\\/product\\\/keramieken-taartplateau-party\\\/#primaryimage\"},\"thumbnailUrl\":\"https:\\\/\\\/www.funfetti.shop\\\/wp-content\\\/uploads\\\/2023\\\/10\\\/Taartstandaard-confetti-wit-6.jpg\",\"datePublished\":\"2023-10-26T10:20:23+00:00\",\"dateModified\":\"2025-11-28T17:07:49+00:00\",\"description\":\"Keramieken taartplateau party met zijn spetter kleurpatroon geeft instant feest vibes. Deze grote taartenstandaard is echt een waar feest voor je ogen!\",\"breadcrumb\":{\"@id\":\"https:\\\/\\\/www.funfetti.shop\\\/product\\\/keramieken-taartplateau-party\\\/#breadcrumb\"},\"inLanguage\":\"fr-FR\",\"potentialAction\":[{\"@type\":\"ReadAction\",\"target\":[\"https:\\\/\\\/www.funfetti.shop\\\/product\\\/keramieken-taartplateau-party\\\/\"]}]},{\"@type\":\"ImageObject\",\"inLanguage\":\"fr-FR\",\"@id\":\"https:\\\/\\\/www.funfetti.shop\\\/product\\\/keramieken-taartplateau-party\\\/#primaryimage\",\"url\":\"https:\\\/\\\/www.funfetti.shop\\\/wp-content\\\/uploads\\\/2023\\\/10\\\/Taartstandaard-confetti-wit-6.jpg\",\"contentUrl\":\"https:\\\/\\\/www.funfetti.shop\\\/wp-content\\\/uploads\\\/2023\\\/10\\\/Taartstandaard-confetti-wit-6.jpg\",\"width\":600,\"height\":1067,\"caption\":\"confetti taartenstandaard\"},{\"@type\":\"BreadcrumbList\",\"@id\":\"https:\\\/\\\/www.funfetti.shop\\\/product\\\/keramieken-taartplateau-party\\\/#breadcrumb\",\"itemListElement\":[{\"@type\":\"ListItem\",\"position\":1,\"name\":\"Home\",\"item\":\"https:\\\/\\\/www.funfetti.shop\\\/\"},{\"@type\":\"ListItem\",\"position\":2,\"name\":\"Winkel\",\"item\":\"https:\\\/\\\/www.funfetti.shop\\\/winkel\\\/\"},{\"@type\":\"ListItem\",\"position\":3,\"name\":\"Keramieken taartplateau party\"}]},{\"@type\":\"WebSite\",\"@id\":\"https:\\\/\\\/www.funfetti.shop\\\/#website\",\"url\":\"https:\\\/\\\/www.funfetti.shop\\\/\",\"name\":\"FunFetti\",\"description\":\"a curated mix of gifts, home d\u00e9cor and design\",\"publisher\":{\"@id\":\"https:\\\/\\\/www.funfetti.shop\\\/#organization\"},\"potentialAction\":[{\"@type\":\"SearchAction\",\"target\":{\"@type\":\"EntryPoint\",\"urlTemplate\":\"https:\\\/\\\/www.funfetti.shop\\\/?s={search_term_string}\"},\"query-input\":{\"@type\":\"PropertyValueSpecification\",\"valueRequired\":true,\"valueName\":\"search_term_string\"}}],\"inLanguage\":\"fr-FR\"},{\"@type\":\"Organization\",\"@id\":\"https:\\\/\\\/www.funfetti.shop\\\/#organization\",\"name\":\"FunFetti\",\"url\":\"https:\\\/\\\/www.funfetti.shop\\\/\",\"logo\":{\"@type\":\"ImageObject\",\"inLanguage\":\"fr-FR\",\"@id\":\"https:\\\/\\\/www.funfetti.shop\\\/#\\\/schema\\\/logo\\\/image\\\/\",\"url\":\"https:\\\/\\\/i0.wp.com\\\/www.funfetti.shop\\\/wp-content\\\/uploads\\\/2021\\\/11\\\/cropped-LOGO-WP-2021.png?fit=2000%2C171&ssl=1\",\"contentUrl\":\"https:\\\/\\\/i0.wp.com\\\/www.funfetti.shop\\\/wp-content\\\/uploads\\\/2021\\\/11\\\/cropped-LOGO-WP-2021.png?fit=2000%2C171&ssl=1\",\"width\":2000,\"height\":171,\"caption\":\"FunFetti\"},\"image\":{\"@id\":\"https:\\\/\\\/www.funfetti.shop\\\/#\\\/schema\\\/logo\\\/image\\\/\"},\"sameAs\":[\"https:\\\/\\\/www.facebook.com\\\/funfetti.shop\",\"https:\\\/\\\/www.instagram.com\\\/funfetti.shop\\\/\",\"https:\\\/\\\/nl.pinterest.com\\\/funfettiforever\\\/\"]}]}<\/script>\n<!-- \/ Yoast SEO plugin. -->","yoast_head_json":{"title":"Assiette \u00e0 g\u00e2teau en c\u00e9ramique - FunFetti","description":"Le support \u00e0 g\u00e2teaux en c\u00e9ramique avec son motif de couleur \u00e9clabouss\u00e9 donne instantan\u00e9ment l'impression d'\u00eatre \u00e0 la f\u00eate. Ce grand support \u00e0 g\u00e2teaux est un v\u00e9ritable r\u00e9gal pour les yeux !","robots":{"index":"index","follow":"follow","max-snippet":"max-snippet:-1","max-image-preview":"max-image-preview:large","max-video-preview":"max-video-preview:-1"},"canonical":"https:\/\/www.funfetti.shop\/fr\/produit\/assiette-a-gateau-en-ceramique-party\/","og_locale":"fr_FR","og_type":"article","og_title":"Keramieken taartplateau party - FunFetti","og_description":"Keramieken taartplateau party met zijn spetter kleurpatroon geeft instant feest vibes. Deze grote taartenstandaard is echt een waar feest voor je ogen!","og_url":"https:\/\/www.funfetti.shop\/fr\/produit\/assiette-a-gateau-en-ceramique-party\/","og_site_name":"FunFetti","article_publisher":"https:\/\/www.facebook.com\/funfetti.shop","article_modified_time":"2025-11-28T17:07:49+00:00","og_image":[{"width":600,"height":1067,"url":"https:\/\/www.funfetti.shop\/wp-content\/uploads\/2023\/10\/Taartstandaard-confetti-wit-6.jpg","type":"image\/jpeg"}],"twitter_card":"summary_large_image","twitter_misc":{"Dur\u00e9e de lecture estim\u00e9e":"1 minute"},"schema":{"@context":"https:\/\/schema.org","@graph":[{"@type":"WebPage","@id":"https:\/\/www.funfetti.shop\/product\/keramieken-taartplateau-party\/","url":"https:\/\/www.funfetti.shop\/product\/keramieken-taartplateau-party\/","name":"Assiette \u00e0 g\u00e2teau en c\u00e9ramique - FunFetti","isPartOf":{"@id":"https:\/\/www.funfetti.shop\/#website"},"primaryImageOfPage":{"@id":"https:\/\/www.funfetti.shop\/product\/keramieken-taartplateau-party\/#primaryimage"},"image":{"@id":"https:\/\/www.funfetti.shop\/product\/keramieken-taartplateau-party\/#primaryimage"},"thumbnailUrl":"https:\/\/www.funfetti.shop\/wp-content\/uploads\/2023\/10\/Taartstandaard-confetti-wit-6.jpg","datePublished":"2023-10-26T10:20:23+00:00","dateModified":"2025-11-28T17:07:49+00:00","description":"Le support \u00e0 g\u00e2teaux en c\u00e9ramique avec son motif de couleur \u00e9clabouss\u00e9 donne instantan\u00e9ment l'impression d'\u00eatre \u00e0 la f\u00eate. Ce grand support \u00e0 g\u00e2teaux est un v\u00e9ritable r\u00e9gal pour les yeux !","breadcrumb":{"@id":"https:\/\/www.funfetti.shop\/product\/keramieken-taartplateau-party\/#breadcrumb"},"inLanguage":"fr-FR","potentialAction":[{"@type":"ReadAction","target":["https:\/\/www.funfetti.shop\/product\/keramieken-taartplateau-party\/"]}]},{"@type":"ImageObject","inLanguage":"fr-FR","@id":"https:\/\/www.funfetti.shop\/product\/keramieken-taartplateau-party\/#primaryimage","url":"https:\/\/www.funfetti.shop\/wp-content\/uploads\/2023\/10\/Taartstandaard-confetti-wit-6.jpg","contentUrl":"https:\/\/www.funfetti.shop\/wp-content\/uploads\/2023\/10\/Taartstandaard-confetti-wit-6.jpg","width":600,"height":1067,"caption":"confetti taartenstandaard"},{"@type":"BreadcrumbList","@id":"https:\/\/www.funfetti.shop\/product\/keramieken-taartplateau-party\/#breadcrumb","itemListElement":[{"@type":"ListItem","position":1,"name":"Home","item":"https:\/\/www.funfetti.shop\/"},{"@type":"ListItem","position":2,"name":"Winkel","item":"https:\/\/www.funfetti.shop\/winkel\/"},{"@type":"ListItem","position":3,"name":"Keramieken taartplateau party"}]},{"@type":"WebSite","@id":"https:\/\/www.funfetti.shop\/#website","url":"https:\/\/www.funfetti.shop\/","name":"FunFetti","description":"un m\u00e9lange de cadeaux, de d\u00e9coration d'int\u00e9rieur et de design","publisher":{"@id":"https:\/\/www.funfetti.shop\/#organization"},"potentialAction":[{"@type":"SearchAction","target":{"@type":"EntryPoint","urlTemplate":"https:\/\/www.funfetti.shop\/?s={search_term_string}"},"query-input":{"@type":"PropertyValueSpecification","valueRequired":true,"valueName":"search_term_string"}}],"inLanguage":"fr-FR"},{"@type":"Organization","@id":"https:\/\/www.funfetti.shop\/#organization","name":"FunFetti","url":"https:\/\/www.funfetti.shop\/","logo":{"@type":"ImageObject","inLanguage":"fr-FR","@id":"https:\/\/www.funfetti.shop\/#\/schema\/logo\/image\/","url":"https:\/\/i0.wp.com\/www.funfetti.shop\/wp-content\/uploads\/2021\/11\/cropped-LOGO-WP-2021.png?fit=2000%2C171&ssl=1","contentUrl":"https:\/\/i0.wp.com\/www.funfetti.shop\/wp-content\/uploads\/2021\/11\/cropped-LOGO-WP-2021.png?fit=2000%2C171&ssl=1","width":2000,"height":171,"caption":"FunFetti"},"image":{"@id":"https:\/\/www.funfetti.shop\/#\/schema\/logo\/image\/"},"sameAs":["https:\/\/www.facebook.com\/funfetti.shop","https:\/\/www.instagram.com\/funfetti.shop\/","https:\/\/nl.pinterest.com\/funfettiforever\/"]}]}},"jetpack_publicize_connections":[],"jetpack_sharing_enabled":true,"_links":{"self":[{"href":"https:\/\/www.funfetti.shop\/fr\/wp-json\/wp\/v2\/product\/6638","targetHints":{"allow":["GET"]}}],"collection":[{"href":"https:\/\/www.funfetti.shop\/fr\/wp-json\/wp\/v2\/product"}],"about":[{"href":"https:\/\/www.funfetti.shop\/fr\/wp-json\/wp\/v2\/types\/product"}],"wp:featuredmedia":[{"embeddable":true,"href":"https:\/\/www.funfetti.shop\/fr\/wp-json\/wp\/v2\/media\/6643"}],"wp:attachment":[{"href":"https:\/\/www.funfetti.shop\/fr\/wp-json\/wp\/v2\/media?parent=6638"}],"wp:term":[{"taxonomy":"product_brand","embeddable":true,"href":"https:\/\/www.funfetti.shop\/fr\/wp-json\/wp\/v2\/product_brand?post=6638"},{"taxonomy":"product_cat","embeddable":true,"href":"https:\/\/www.funfetti.shop\/fr\/wp-json\/wp\/v2\/product_cat?post=6638"},{"taxonomy":"product_tag","embeddable":true,"href":"https:\/\/www.funfetti.shop\/fr\/wp-json\/wp\/v2\/product_tag?post=6638"}],"curies":[{"name":"wp","href":"https:\/\/api.w.org\/{rel}","templated":true}]}}