{"id":7012,"date":"2024-01-25T10:50:46","date_gmt":"2024-01-25T10:50:46","guid":{"rendered":"https:\/\/www.funfetti.shop\/?post_type=product&#038;p=7012"},"modified":"2026-04-03T15:32:08","modified_gmt":"2026-04-03T15:32:08","slug":"bol-de-corde-blanc","status":"publish","type":"product","link":"https:\/\/www.funfetti.shop\/fr\/product\/touw-schaal-wit\/","title":{"rendered":"Bol en corde \u00e0 enrouler blanc"},"content":{"rendered":"<h1>Bol en corde \u00e0 enrouler - Areaware Reality x Harry Allen - Blanc<\/h1>\n<p>Le Coil Rope Bowl blanc de la marque Areaware est sp\u00e9cial et unique. Il s'agit d'un moulage d'un v\u00e9ritable morceau de corde enroul\u00e9, ce qui le rend tr\u00e8s r\u00e9aliste et fait qu'on ne cesse de le regarder. Et secr\u00e8tement, c'est le plus beau des vides.<\/p>\n<p><strong>Sp\u00e9cifications :<\/strong><\/p>\n<ul>\n<li><strong><em>mat\u00e9riau : r\u00e9sine \/ r\u00e9sine coul\u00e9e<\/em><\/strong><\/li>\n<li><strong><em>couleur : blanc<\/em><\/strong><\/li>\n<li><strong><em>dimensions : 13 x 21 cm<\/em><\/strong><\/li>\n<li><strong><em>\u00e9galement en <a href=\"https:\/\/www.funfetti.shop\/fr\/produit\/bol-a-corde-or\/\">l'or<\/a> disponible<\/em><\/strong><\/li>\n<li><strong><em>la marque : <a href=\"https:\/\/www.funfetti.shop\/fr\/categorie-produit-2\/marques-2\/etre-conscient\/\">Areaware<\/a><\/em><\/strong><\/li>\n<li><strong><em>la conception : <a href=\"https:\/\/www.funfetti.shop\/fr\/categorie-produit-2\/conception-de-fonds\/concepteurs\/harry-allen\/\">Harry Allen<\/a><\/em><\/strong><\/li>\n<\/ul>\n<hr \/>\n<p>&nbsp;<\/p>","protected":false},"excerpt":{"rendered":"<p><strong data-start=\"845\" data-end=\"858\">Bol en corde \u00e0 enrouler blanc<\/strong> est une pi\u00e8ce esth\u00e9tique et intemporelle. Ce bol en corde enroul\u00e9e d'Areaware, con\u00e7u par Harry Allen, est un moulage d'un v\u00e9ritable morceau de corde enroul\u00e9e que l'on ne peut s'emp\u00eacher de regarder.<\/p>","protected":false},"featured_media":9949,"template":"","meta":{"neve_meta_sidebar":"","neve_meta_container":"","neve_meta_enable_content_width":"off","neve_meta_content_width":100,"neve_meta_title_alignment":"","neve_meta_author_avatar":"","neve_post_elements_order":"","neve_meta_disable_header":"","neve_meta_disable_footer":"","neve_meta_disable_title":"","neve_meta_reading_time":"","advanced_seo_description":"","jetpack_seo_html_title":"","jetpack_seo_noindex":false,"jetpack_publicize_message":"","jetpack_publicize_feature_enabled":true,"jetpack_social_post_already_shared":true,"jetpack_social_options":{"image_generator_settings":{"template":"highway","default_image_id":0,"font":"","enabled":false},"version":2}},"product_brand":[],"product_cat":[15,463,679,677,22,806,30,29,685,23],"product_tag":[197,177,215,103],"class_list":{"0":"post-7012","1":"product","2":"type-product","3":"status-publish","4":"has-post-thumbnail","6":"product_cat-allefun","7":"product_cat-areaware","8":"product_cat-design","9":"product_cat-fundesign","10":"product_cat-funliving","11":"product_cat-harry-allen","12":"product_cat-keramiek","13":"product_cat-keuken","14":"product_cat-voor-haar","15":"product_cat-woondecoratie","16":"product_tag-areaware","17":"product_tag-schaal","18":"product_tag-touw","19":"product_tag-wit","20":"product_shipping_class-pakket-met-track-en-trace","22":"first","23":"instock","24":"taxable","25":"shipping-taxable","26":"purchasable","27":"product-type-simple"},"jetpack_publicize_connections":[],"jetpack_sharing_enabled":true,"_links":{"self":[{"href":"https:\/\/www.funfetti.shop\/fr\/wp-json\/wp\/v2\/product\/7012","targetHints":{"allow":["GET"]}}],"collection":[{"href":"https:\/\/www.funfetti.shop\/fr\/wp-json\/wp\/v2\/product"}],"about":[{"href":"https:\/\/www.funfetti.shop\/fr\/wp-json\/wp\/v2\/types\/product"}],"wp:featuredmedia":[{"embeddable":true,"href":"https:\/\/www.funfetti.shop\/fr\/wp-json\/wp\/v2\/media\/9949"}],"wp:attachment":[{"href":"https:\/\/www.funfetti.shop\/fr\/wp-json\/wp\/v2\/media?parent=7012"}],"wp:term":[{"taxonomy":"product_brand","embeddable":true,"href":"https:\/\/www.funfetti.shop\/fr\/wp-json\/wp\/v2\/product_brand?post=7012"},{"taxonomy":"product_cat","embeddable":true,"href":"https:\/\/www.funfetti.shop\/fr\/wp-json\/wp\/v2\/product_cat?post=7012"},{"taxonomy":"product_tag","embeddable":true,"href":"https:\/\/www.funfetti.shop\/fr\/wp-json\/wp\/v2\/product_tag?post=7012"}],"curies":[{"name":"wp","href":"https:\/\/api.w.org\/{rel}","templated":true}]}}