{"id":7864,"date":"2024-09-13T12:16:32","date_gmt":"2024-09-13T12:16:32","guid":{"rendered":"https:\/\/www.funfetti.shop\/?post_type=product&#038;p=7864"},"modified":"2026-03-07T12:36:27","modified_gmt":"2026-03-07T12:36:27","slug":"cappuccino-cup-of-desire","status":"publish","type":"product","link":"https:\/\/www.funfetti.shop\/fr\/product\/cappuccino-kopje-verlangen\/","title":{"rendered":"Cappuccino tasse de d\u00e9sir"},"content":{"rendered":"<h2 data-start=\"141\" data-end=\"175\"><strong data-start=\"143\" data-end=\"173\">Cappuccino Cup of Desire<\/strong><\/h2>\n<p data-start=\"177\" data-end=\"436\">Les <strong data-start=\"181\" data-end=\"211\">Cappuccino Cup of Desire<\/strong> rayonne de douceur et de chaleur \u00e0 l'\u00e9tat pur. Avec son gla\u00e7age rose saumon s\u00e9duisant, cette tasse apporte un charme instantan\u00e9 \u00e0 votre moment caf\u00e9, que vous commenciez la journ\u00e9e tranquillement ou que vous la terminiez par un cappuccino douillet. Chaque tasse est \u00e9maill\u00e9e \u00e0 la main, il n'y en a donc pas deux identiques. Les imperfections subtiles, les diff\u00e9rences de couleur et les textures rendent chaque pi\u00e8ce unique et lui conf\u00e8rent le caract\u00e8re artisanal qui fait la r\u00e9putation de Grain by Grain.<\/p>\n<p data-start=\"983\" data-end=\"1006\"><strong data-start=\"986\" data-end=\"1004\">Sp\u00e9cifications :<\/strong><\/p>\n<ul>\n<li data-start=\"1009\" data-end=\"1041\"><strong><em>Dimensions : 7,6 \u00d7 7,5 \u00d7 8,9 cm<\/em><\/strong><\/li>\n<li><strong><em>Taille parfaite pour un cappuccino ou un flat white<\/em><\/strong><\/li>\n<li data-start=\"1044\" data-end=\"1060\"><strong><em>Capacit\u00e9 : 0,19 L<\/em><\/strong><\/li>\n<li data-start=\"1063\" data-end=\"1085\"><strong><em>Couleur : rose saumon\u00e9 chaud<\/em><\/strong><\/li>\n<li data-start=\"1088\" data-end=\"1110\"><strong><em>Mat\u00e9riau : Gr\u00e8s<\/em><\/strong><\/li>\n<li data-start=\"1113\" data-end=\"1148\"><strong><em>Passe au micro-ondes et au lave-vaisselle<\/em><\/strong><\/li>\n<li data-start=\"1151\" data-end=\"1177\"><strong><em>Marque : Grain by Grain<\/em><\/strong><\/li>\n<\/ul>\n<hr \/>\n<p data-start=\"1179\" data-end=\"1314\"><strong data-start=\"1182\" data-end=\"1199\">Astuce Funfetti :<\/strong> M\u00e9langer avec le <a href=\"https:\/\/www.funfetti.shop\/fr\/produit\/tasse-a-cappuccino-coucher-de-soleil\/\">Coupe du coucher du soleil<\/a> pour un service \u00e0 caf\u00e9 color\u00e9 et r\u00eaveur qui fait de chaque matin un moment sp\u00e9cial.<\/p>\n<hr \/>\n<p data-start=\"1179\" data-end=\"1314\">","protected":false},"excerpt":{"rendered":"<p>La tasse Cappuccino desire est s\u00e9duisante et charmante avec sa chaude couleur rose saumon.<\/p>","protected":false},"featured_media":7873,"template":"","meta":{"neve_meta_sidebar":"","neve_meta_container":"","neve_meta_enable_content_width":"off","neve_meta_content_width":100,"neve_meta_title_alignment":"","neve_meta_author_avatar":"","neve_post_elements_order":"","neve_meta_disable_header":"","neve_meta_disable_footer":"","neve_meta_disable_title":"","neve_meta_reading_time":"","jetpack_publicize_message":"","jetpack_publicize_feature_enabled":true,"jetpack_social_post_already_shared":true,"jetpack_social_options":{"image_generator_settings":{"template":"highway","default_image_id":0,"font":"","enabled":false},"version":2}},"product_brand":[],"product_cat":[15,679,677,680,22,30,29,683,685],"product_tag":[293,155,769],"class_list":{"0":"post-7864","1":"product","2":"type-product","3":"status-publish","4":"has-post-thumbnail","6":"product_cat-allefun","7":"product_cat-design","8":"product_cat-fundesign","9":"product_cat-fungifts","10":"product_cat-funliving","11":"product_cat-keramiek","12":"product_cat-keuken","13":"product_cat-servies","14":"product_cat-voor-haar","15":"product_tag-kopje","16":"product_tag-roze","17":"product_tag-verlangen","18":"product_shipping_class-pakket-met-track-en-trace","20":"first","21":"instock","22":"taxable","23":"shipping-taxable","24":"purchasable","25":"product-type-simple"},"yoast_head":"<!-- This site is optimized with the Yoast SEO plugin v27.4 - https:\/\/yoast.com\/product\/yoast-seo-wordpress\/ -->\n<title>Cappuccino kopje verlangen - FunFetti<\/title>\n<meta name=\"description\" content=\"Cappuccino kopje verlangen is met zijn warm zalm roze kleur verleidelijk en charmant. Het glazuur maakt de kopjes opzettelijk imperfect.\" \/>\n<meta name=\"robots\" content=\"index, follow, max-snippet:-1, max-image-preview:large, max-video-preview:-1\" \/>\n<link rel=\"canonical\" href=\"https:\/\/www.funfetti.shop\/fr\/produit\/cappuccino-cup-of-desire\/\" \/>\n<meta property=\"og:locale\" content=\"fr_FR\" \/>\n<meta property=\"og:type\" content=\"article\" \/>\n<meta property=\"og:title\" content=\"Cappuccino kopje verlangen - FunFetti\" \/>\n<meta property=\"og:description\" content=\"Cappuccino kopje verlangen is met zijn warm zalm roze kleur verleidelijk en charmant. Het glazuur maakt de kopjes opzettelijk imperfect.\" \/>\n<meta property=\"og:url\" content=\"https:\/\/www.funfetti.shop\/fr\/produit\/cappuccino-cup-of-desire\/\" \/>\n<meta property=\"og:site_name\" content=\"FunFetti\" \/>\n<meta property=\"article:publisher\" content=\"https:\/\/www.facebook.com\/funfetti.shop\" \/>\n<meta property=\"article:modified_time\" content=\"2026-03-07T12:36:27+00:00\" \/>\n<meta property=\"og:image\" content=\"https:\/\/www.funfetti.shop\/wp-content\/uploads\/2024\/09\/Kopje-verlangen.jpg\" \/>\n\t<meta property=\"og:image:width\" content=\"400\" \/>\n\t<meta property=\"og:image:height\" content=\"711\" \/>\n\t<meta property=\"og:image:type\" content=\"image\/jpeg\" \/>\n<meta name=\"twitter:card\" content=\"summary_large_image\" \/>\n<meta name=\"twitter:label1\" content=\"Dur\u00e9e de lecture estim\u00e9e\" \/>\n\t<meta name=\"twitter:data1\" content=\"1 minute\" \/>\n<script type=\"application\/ld+json\" class=\"yoast-schema-graph\">{\"@context\":\"https:\\\/\\\/schema.org\",\"@graph\":[{\"@type\":\"WebPage\",\"@id\":\"https:\\\/\\\/www.funfetti.shop\\\/product\\\/cappuccino-kopje-verlangen\\\/\",\"url\":\"https:\\\/\\\/www.funfetti.shop\\\/product\\\/cappuccino-kopje-verlangen\\\/\",\"name\":\"Cappuccino kopje verlangen - FunFetti\",\"isPartOf\":{\"@id\":\"https:\\\/\\\/www.funfetti.shop\\\/#website\"},\"primaryImageOfPage\":{\"@id\":\"https:\\\/\\\/www.funfetti.shop\\\/product\\\/cappuccino-kopje-verlangen\\\/#primaryimage\"},\"image\":{\"@id\":\"https:\\\/\\\/www.funfetti.shop\\\/product\\\/cappuccino-kopje-verlangen\\\/#primaryimage\"},\"thumbnailUrl\":\"https:\\\/\\\/www.funfetti.shop\\\/wp-content\\\/uploads\\\/2024\\\/09\\\/Kopje-verlangen.jpg\",\"datePublished\":\"2024-09-13T12:16:32+00:00\",\"dateModified\":\"2026-03-07T12:36:27+00:00\",\"description\":\"Cappuccino kopje verlangen is met zijn warm zalm roze kleur verleidelijk en charmant. Het glazuur maakt de kopjes opzettelijk imperfect.\",\"breadcrumb\":{\"@id\":\"https:\\\/\\\/www.funfetti.shop\\\/product\\\/cappuccino-kopje-verlangen\\\/#breadcrumb\"},\"inLanguage\":\"fr-FR\",\"potentialAction\":[{\"@type\":\"ReadAction\",\"target\":[\"https:\\\/\\\/www.funfetti.shop\\\/product\\\/cappuccino-kopje-verlangen\\\/\"]}]},{\"@type\":\"ImageObject\",\"inLanguage\":\"fr-FR\",\"@id\":\"https:\\\/\\\/www.funfetti.shop\\\/product\\\/cappuccino-kopje-verlangen\\\/#primaryimage\",\"url\":\"https:\\\/\\\/www.funfetti.shop\\\/wp-content\\\/uploads\\\/2024\\\/09\\\/Kopje-verlangen.jpg\",\"contentUrl\":\"https:\\\/\\\/www.funfetti.shop\\\/wp-content\\\/uploads\\\/2024\\\/09\\\/Kopje-verlangen.jpg\",\"width\":400,\"height\":711},{\"@type\":\"BreadcrumbList\",\"@id\":\"https:\\\/\\\/www.funfetti.shop\\\/product\\\/cappuccino-kopje-verlangen\\\/#breadcrumb\",\"itemListElement\":[{\"@type\":\"ListItem\",\"position\":1,\"name\":\"Home\",\"item\":\"https:\\\/\\\/www.funfetti.shop\\\/\"},{\"@type\":\"ListItem\",\"position\":2,\"name\":\"Winkel\",\"item\":\"https:\\\/\\\/www.funfetti.shop\\\/winkel\\\/\"},{\"@type\":\"ListItem\",\"position\":3,\"name\":\"Cappuccino kopje verlangen\"}]},{\"@type\":\"WebSite\",\"@id\":\"https:\\\/\\\/www.funfetti.shop\\\/#website\",\"url\":\"https:\\\/\\\/www.funfetti.shop\\\/\",\"name\":\"FunFetti\",\"description\":\"a curated mix of gifts, home d\u00e9cor and design\",\"publisher\":{\"@id\":\"https:\\\/\\\/www.funfetti.shop\\\/#organization\"},\"potentialAction\":[{\"@type\":\"SearchAction\",\"target\":{\"@type\":\"EntryPoint\",\"urlTemplate\":\"https:\\\/\\\/www.funfetti.shop\\\/?s={search_term_string}\"},\"query-input\":{\"@type\":\"PropertyValueSpecification\",\"valueRequired\":true,\"valueName\":\"search_term_string\"}}],\"inLanguage\":\"fr-FR\"},{\"@type\":\"Organization\",\"@id\":\"https:\\\/\\\/www.funfetti.shop\\\/#organization\",\"name\":\"FunFetti\",\"url\":\"https:\\\/\\\/www.funfetti.shop\\\/\",\"logo\":{\"@type\":\"ImageObject\",\"inLanguage\":\"fr-FR\",\"@id\":\"https:\\\/\\\/www.funfetti.shop\\\/#\\\/schema\\\/logo\\\/image\\\/\",\"url\":\"https:\\\/\\\/i0.wp.com\\\/www.funfetti.shop\\\/wp-content\\\/uploads\\\/2021\\\/11\\\/cropped-LOGO-WP-2021.png?fit=2000%2C171&ssl=1\",\"contentUrl\":\"https:\\\/\\\/i0.wp.com\\\/www.funfetti.shop\\\/wp-content\\\/uploads\\\/2021\\\/11\\\/cropped-LOGO-WP-2021.png?fit=2000%2C171&ssl=1\",\"width\":2000,\"height\":171,\"caption\":\"FunFetti\"},\"image\":{\"@id\":\"https:\\\/\\\/www.funfetti.shop\\\/#\\\/schema\\\/logo\\\/image\\\/\"},\"sameAs\":[\"https:\\\/\\\/www.facebook.com\\\/funfetti.shop\",\"https:\\\/\\\/www.instagram.com\\\/funfetti.shop\\\/\",\"https:\\\/\\\/nl.pinterest.com\\\/funfettiforever\\\/\"]}]}<\/script>\n<!-- \/ Yoast SEO plugin. -->","yoast_head_json":{"title":"Cappuccino tasse de d\u00e9sir - FunFetti","description":"La tasse \u00e0 cappuccino desire est s\u00e9duisante et charmante avec sa chaude couleur rose saumon. La gla\u00e7ure rend les tasses intentionnellement imparfaites.","robots":{"index":"index","follow":"follow","max-snippet":"max-snippet:-1","max-image-preview":"max-image-preview:large","max-video-preview":"max-video-preview:-1"},"canonical":"https:\/\/www.funfetti.shop\/fr\/produit\/cappuccino-cup-of-desire\/","og_locale":"fr_FR","og_type":"article","og_title":"Cappuccino kopje verlangen - FunFetti","og_description":"Cappuccino kopje verlangen is met zijn warm zalm roze kleur verleidelijk en charmant. Het glazuur maakt de kopjes opzettelijk imperfect.","og_url":"https:\/\/www.funfetti.shop\/fr\/produit\/cappuccino-cup-of-desire\/","og_site_name":"FunFetti","article_publisher":"https:\/\/www.facebook.com\/funfetti.shop","article_modified_time":"2026-03-07T12:36:27+00:00","og_image":[{"width":400,"height":711,"url":"https:\/\/www.funfetti.shop\/wp-content\/uploads\/2024\/09\/Kopje-verlangen.jpg","type":"image\/jpeg"}],"twitter_card":"summary_large_image","twitter_misc":{"Dur\u00e9e de lecture estim\u00e9e":"1 minute"},"schema":{"@context":"https:\/\/schema.org","@graph":[{"@type":"WebPage","@id":"https:\/\/www.funfetti.shop\/product\/cappuccino-kopje-verlangen\/","url":"https:\/\/www.funfetti.shop\/product\/cappuccino-kopje-verlangen\/","name":"Cappuccino tasse de d\u00e9sir - FunFetti","isPartOf":{"@id":"https:\/\/www.funfetti.shop\/#website"},"primaryImageOfPage":{"@id":"https:\/\/www.funfetti.shop\/product\/cappuccino-kopje-verlangen\/#primaryimage"},"image":{"@id":"https:\/\/www.funfetti.shop\/product\/cappuccino-kopje-verlangen\/#primaryimage"},"thumbnailUrl":"https:\/\/www.funfetti.shop\/wp-content\/uploads\/2024\/09\/Kopje-verlangen.jpg","datePublished":"2024-09-13T12:16:32+00:00","dateModified":"2026-03-07T12:36:27+00:00","description":"La tasse \u00e0 cappuccino desire est s\u00e9duisante et charmante avec sa chaude couleur rose saumon. La gla\u00e7ure rend les tasses intentionnellement imparfaites.","breadcrumb":{"@id":"https:\/\/www.funfetti.shop\/product\/cappuccino-kopje-verlangen\/#breadcrumb"},"inLanguage":"fr-FR","potentialAction":[{"@type":"ReadAction","target":["https:\/\/www.funfetti.shop\/product\/cappuccino-kopje-verlangen\/"]}]},{"@type":"ImageObject","inLanguage":"fr-FR","@id":"https:\/\/www.funfetti.shop\/product\/cappuccino-kopje-verlangen\/#primaryimage","url":"https:\/\/www.funfetti.shop\/wp-content\/uploads\/2024\/09\/Kopje-verlangen.jpg","contentUrl":"https:\/\/www.funfetti.shop\/wp-content\/uploads\/2024\/09\/Kopje-verlangen.jpg","width":400,"height":711},{"@type":"BreadcrumbList","@id":"https:\/\/www.funfetti.shop\/product\/cappuccino-kopje-verlangen\/#breadcrumb","itemListElement":[{"@type":"ListItem","position":1,"name":"Home","item":"https:\/\/www.funfetti.shop\/"},{"@type":"ListItem","position":2,"name":"Winkel","item":"https:\/\/www.funfetti.shop\/winkel\/"},{"@type":"ListItem","position":3,"name":"Cappuccino kopje verlangen"}]},{"@type":"WebSite","@id":"https:\/\/www.funfetti.shop\/#website","url":"https:\/\/www.funfetti.shop\/","name":"FunFetti","description":"un m\u00e9lange de cadeaux, de d\u00e9coration d'int\u00e9rieur et de design","publisher":{"@id":"https:\/\/www.funfetti.shop\/#organization"},"potentialAction":[{"@type":"SearchAction","target":{"@type":"EntryPoint","urlTemplate":"https:\/\/www.funfetti.shop\/?s={search_term_string}"},"query-input":{"@type":"PropertyValueSpecification","valueRequired":true,"valueName":"search_term_string"}}],"inLanguage":"fr-FR"},{"@type":"Organization","@id":"https:\/\/www.funfetti.shop\/#organization","name":"FunFetti","url":"https:\/\/www.funfetti.shop\/","logo":{"@type":"ImageObject","inLanguage":"fr-FR","@id":"https:\/\/www.funfetti.shop\/#\/schema\/logo\/image\/","url":"https:\/\/i0.wp.com\/www.funfetti.shop\/wp-content\/uploads\/2021\/11\/cropped-LOGO-WP-2021.png?fit=2000%2C171&ssl=1","contentUrl":"https:\/\/i0.wp.com\/www.funfetti.shop\/wp-content\/uploads\/2021\/11\/cropped-LOGO-WP-2021.png?fit=2000%2C171&ssl=1","width":2000,"height":171,"caption":"FunFetti"},"image":{"@id":"https:\/\/www.funfetti.shop\/#\/schema\/logo\/image\/"},"sameAs":["https:\/\/www.facebook.com\/funfetti.shop","https:\/\/www.instagram.com\/funfetti.shop\/","https:\/\/nl.pinterest.com\/funfettiforever\/"]}]}},"jetpack_publicize_connections":[],"jetpack_sharing_enabled":true,"_links":{"self":[{"href":"https:\/\/www.funfetti.shop\/fr\/wp-json\/wp\/v2\/product\/7864","targetHints":{"allow":["GET"]}}],"collection":[{"href":"https:\/\/www.funfetti.shop\/fr\/wp-json\/wp\/v2\/product"}],"about":[{"href":"https:\/\/www.funfetti.shop\/fr\/wp-json\/wp\/v2\/types\/product"}],"wp:featuredmedia":[{"embeddable":true,"href":"https:\/\/www.funfetti.shop\/fr\/wp-json\/wp\/v2\/media\/7873"}],"wp:attachment":[{"href":"https:\/\/www.funfetti.shop\/fr\/wp-json\/wp\/v2\/media?parent=7864"}],"wp:term":[{"taxonomy":"product_brand","embeddable":true,"href":"https:\/\/www.funfetti.shop\/fr\/wp-json\/wp\/v2\/product_brand?post=7864"},{"taxonomy":"product_cat","embeddable":true,"href":"https:\/\/www.funfetti.shop\/fr\/wp-json\/wp\/v2\/product_cat?post=7864"},{"taxonomy":"product_tag","embeddable":true,"href":"https:\/\/www.funfetti.shop\/fr\/wp-json\/wp\/v2\/product_tag?post=7864"}],"curies":[{"name":"wp","href":"https:\/\/api.w.org\/{rel}","templated":true}]}}