{"id":7974,"date":"2024-10-21T12:38:11","date_gmt":"2024-10-21T12:38:11","guid":{"rendered":"https:\/\/www.funfetti.shop\/?post_type=product&#038;p=7974"},"modified":"2026-01-16T13:52:43","modified_gmt":"2026-01-16T13:52:43","slug":"vases-a-tulipes-la-folie-de-lempilage","status":"publish","type":"product","link":"https:\/\/www.funfetti.shop\/fr\/product\/tulpen-vaas-stapelgekte\/","title":{"rendered":"La folie de l'empilement des vases de tulipes"},"content":{"rendered":"<div class=\"text-collapse mb-3 mb-md-4 has-no-overflow\" data-controller=\"text-collapse\">\n<p class=\"cms-content\">Tulip vase stacking madness est un magnifique vase \u00e0 empiler mesurant jusqu'\u00e0 40 cm de haut. Il se compose de trois parties et couleurs : rose, arc-en-ciel et bleu. Le nom de ce vase est officiellement vase \u00e0 tulipes, mais il est bien s\u00fbr possible de remplir ce magnifique vase \u00e9clectique avec d'autres fleurs ou branches. Les fleurs Lego sont \u00e9galement tr\u00e8s belles dans ce vase.<\/p>\n<\/div>\n<div class=\"mb-3 mb-md-4\">\n<ul>\n<li class=\"mb-1\"><i>vase<\/i><\/li>\n<li><em>ne passe pas au lave-vaisselle<\/em><\/li>\n<li><em>mat\u00e9riau : c\u00e9ramique<\/em><\/li>\n<li class=\"mb-1\"><em>dimensions : 40 x 20 cm<\/em><\/li>\n<li class=\"mb-1\"><i>Couleur : rose, arc-en-ciel (disco), bleu<\/i><\/li>\n<li class=\"mb-1\"><i>la marque : <a href=\"https:\/\/www.funfetti.shop\/fr\/categorie-produit-2\/marques-2\/heinen_delfts_blue\/\">Heinen Delft Blue<\/a><\/i><\/li>\n<\/ul>\n<hr \/>\n<p><strong><em>Note<\/em><\/strong> il y a une petite oscillation dans la partie sup\u00e9rieure de ce vase. Cela n'enl\u00e8ve rien \u00e0 la fonction ou \u00e0 la beaut\u00e9 du vase, mais c'est la raison de cette belle remise.<\/p>\n<hr \/>\n<p>&nbsp;<\/p>\n<\/div>","protected":false},"excerpt":{"rendered":"<p>Le vase \u00e0 tulipes stack madness est un magnifique vase brillant de couleur disco d'une hauteur maximale de 40 cm. Vous pouvez placer des tulipes dans toutes les ouvertures du vase, ce qui permet d'attirer tous les regards. Le vase est compos\u00e9 de 3 parties qui peuvent \u00eatre remplies d'eau s\u00e9par\u00e9ment.<\/p>","protected":false},"featured_media":9255,"template":"","meta":{"neve_meta_sidebar":"","neve_meta_container":"","neve_meta_enable_content_width":"off","neve_meta_content_width":100,"neve_meta_title_alignment":"","neve_meta_author_avatar":"","neve_post_elements_order":"","neve_meta_disable_header":"","neve_meta_disable_footer":"","neve_meta_disable_title":"","neve_meta_reading_time":"","jetpack_publicize_message":"","jetpack_publicize_feature_enabled":true,"jetpack_social_post_already_shared":true,"jetpack_social_options":{"image_generator_settings":{"template":"highway","default_image_id":0,"font":"","enabled":false},"version":2}},"product_brand":[],"product_cat":[15,678,677,22,576,30,52,316,685,23],"product_tag":[577,134,155,690,148],"class_list":{"0":"post-7974","1":"product","2":"type-product","3":"status-publish","4":"has-post-thumbnail","6":"product_cat-allefun","7":"product_cat-dutch-design","8":"product_cat-fundesign","9":"product_cat-funliving","10":"product_cat-heinen_delfts_blauw","11":"product_cat-keramiek","12":"product_cat-outlet","13":"product_cat-vazen","14":"product_cat-voor-haar","15":"product_cat-woondecoratie","16":"product_tag-delfts-blauw","17":"product_tag-keramiek","18":"product_tag-roze","19":"product_tag-tulpen","20":"product_tag-vaas","21":"product_shipping_class-pakket-met-track-en-trace","23":"first","24":"instock","25":"sale","26":"taxable","27":"shipping-taxable","28":"purchasable","29":"product-type-simple"},"yoast_head":"<!-- This site is optimized with the Yoast SEO plugin v27.4 - https:\/\/yoast.com\/product\/yoast-seo-wordpress\/ -->\n<title>Tulpen vaas stapelgekte van Heinen Delfts Blauw<\/title>\n<meta name=\"description\" content=\"Tulpen vaas stapelgekte is prachtig vaas van wel 40 cm hoog. In alle openingen van de vaas kun je tulpen doen, waardoor het een blikvanger wordt.\" \/>\n<meta name=\"robots\" content=\"index, follow, max-snippet:-1, max-image-preview:large, max-video-preview:-1\" \/>\n<link rel=\"canonical\" href=\"https:\/\/www.funfetti.shop\/fr\/produit\/vases-a-tulipes-la-folie-de-lempilage\/\" \/>\n<meta property=\"og:locale\" content=\"fr_FR\" \/>\n<meta property=\"og:type\" content=\"article\" \/>\n<meta property=\"og:title\" content=\"Tulpen vaas stapelgekte van Heinen Delfts Blauw\" \/>\n<meta property=\"og:description\" content=\"Tulpen vaas stapelgekte is prachtig vaas van wel 40 cm hoog. In alle openingen van de vaas kun je tulpen doen, waardoor het een blikvanger wordt.\" \/>\n<meta property=\"og:url\" content=\"https:\/\/www.funfetti.shop\/fr\/produit\/vases-a-tulipes-la-folie-de-lempilage\/\" \/>\n<meta property=\"og:site_name\" content=\"FunFetti\" \/>\n<meta property=\"article:publisher\" content=\"https:\/\/www.facebook.com\/funfetti.shop\" \/>\n<meta property=\"article:modified_time\" content=\"2026-01-16T13:52:43+00:00\" \/>\n<meta property=\"og:image\" content=\"https:\/\/www.funfetti.shop\/wp-content\/uploads\/2024\/10\/Stapelgekte-Heinen-Delfts-Blauw-4.jpg\" \/>\n\t<meta property=\"og:image:width\" content=\"400\" \/>\n\t<meta property=\"og:image:height\" content=\"711\" \/>\n\t<meta property=\"og:image:type\" content=\"image\/jpeg\" \/>\n<meta name=\"twitter:card\" content=\"summary_large_image\" \/>\n<meta name=\"twitter:label1\" content=\"Dur\u00e9e de lecture estim\u00e9e\" \/>\n\t<meta name=\"twitter:data1\" content=\"1 minute\" \/>\n<script type=\"application\/ld+json\" class=\"yoast-schema-graph\">{\"@context\":\"https:\\\/\\\/schema.org\",\"@graph\":[{\"@type\":\"WebPage\",\"@id\":\"https:\\\/\\\/www.funfetti.shop\\\/product\\\/tulpen-vaas-stapelgekte\\\/\",\"url\":\"https:\\\/\\\/www.funfetti.shop\\\/product\\\/tulpen-vaas-stapelgekte\\\/\",\"name\":\"Tulpen vaas stapelgekte van Heinen Delfts Blauw\",\"isPartOf\":{\"@id\":\"https:\\\/\\\/www.funfetti.shop\\\/#website\"},\"primaryImageOfPage\":{\"@id\":\"https:\\\/\\\/www.funfetti.shop\\\/product\\\/tulpen-vaas-stapelgekte\\\/#primaryimage\"},\"image\":{\"@id\":\"https:\\\/\\\/www.funfetti.shop\\\/product\\\/tulpen-vaas-stapelgekte\\\/#primaryimage\"},\"thumbnailUrl\":\"https:\\\/\\\/www.funfetti.shop\\\/wp-content\\\/uploads\\\/2024\\\/10\\\/Stapelgekte-Heinen-Delfts-Blauw-4.jpg\",\"datePublished\":\"2024-10-21T12:38:11+00:00\",\"dateModified\":\"2026-01-16T13:52:43+00:00\",\"description\":\"Tulpen vaas stapelgekte is prachtig vaas van wel 40 cm hoog. In alle openingen van de vaas kun je tulpen doen, waardoor het een blikvanger wordt.\",\"breadcrumb\":{\"@id\":\"https:\\\/\\\/www.funfetti.shop\\\/product\\\/tulpen-vaas-stapelgekte\\\/#breadcrumb\"},\"inLanguage\":\"fr-FR\",\"potentialAction\":[{\"@type\":\"ReadAction\",\"target\":[\"https:\\\/\\\/www.funfetti.shop\\\/product\\\/tulpen-vaas-stapelgekte\\\/\"]}]},{\"@type\":\"ImageObject\",\"inLanguage\":\"fr-FR\",\"@id\":\"https:\\\/\\\/www.funfetti.shop\\\/product\\\/tulpen-vaas-stapelgekte\\\/#primaryimage\",\"url\":\"https:\\\/\\\/www.funfetti.shop\\\/wp-content\\\/uploads\\\/2024\\\/10\\\/Stapelgekte-Heinen-Delfts-Blauw-4.jpg\",\"contentUrl\":\"https:\\\/\\\/www.funfetti.shop\\\/wp-content\\\/uploads\\\/2024\\\/10\\\/Stapelgekte-Heinen-Delfts-Blauw-4.jpg\",\"width\":400,\"height\":711,\"caption\":\"Stapelgekte Heinen Delfts Blauw\"},{\"@type\":\"BreadcrumbList\",\"@id\":\"https:\\\/\\\/www.funfetti.shop\\\/product\\\/tulpen-vaas-stapelgekte\\\/#breadcrumb\",\"itemListElement\":[{\"@type\":\"ListItem\",\"position\":1,\"name\":\"Home\",\"item\":\"https:\\\/\\\/www.funfetti.shop\\\/\"},{\"@type\":\"ListItem\",\"position\":2,\"name\":\"Winkel\",\"item\":\"https:\\\/\\\/www.funfetti.shop\\\/winkel\\\/\"},{\"@type\":\"ListItem\",\"position\":3,\"name\":\"Tulpen vaas stapelgekte\"}]},{\"@type\":\"WebSite\",\"@id\":\"https:\\\/\\\/www.funfetti.shop\\\/#website\",\"url\":\"https:\\\/\\\/www.funfetti.shop\\\/\",\"name\":\"FunFetti\",\"description\":\"a curated mix of gifts, home d\u00e9cor and design\",\"publisher\":{\"@id\":\"https:\\\/\\\/www.funfetti.shop\\\/#organization\"},\"potentialAction\":[{\"@type\":\"SearchAction\",\"target\":{\"@type\":\"EntryPoint\",\"urlTemplate\":\"https:\\\/\\\/www.funfetti.shop\\\/?s={search_term_string}\"},\"query-input\":{\"@type\":\"PropertyValueSpecification\",\"valueRequired\":true,\"valueName\":\"search_term_string\"}}],\"inLanguage\":\"fr-FR\"},{\"@type\":\"Organization\",\"@id\":\"https:\\\/\\\/www.funfetti.shop\\\/#organization\",\"name\":\"FunFetti\",\"url\":\"https:\\\/\\\/www.funfetti.shop\\\/\",\"logo\":{\"@type\":\"ImageObject\",\"inLanguage\":\"fr-FR\",\"@id\":\"https:\\\/\\\/www.funfetti.shop\\\/#\\\/schema\\\/logo\\\/image\\\/\",\"url\":\"https:\\\/\\\/i0.wp.com\\\/www.funfetti.shop\\\/wp-content\\\/uploads\\\/2021\\\/11\\\/cropped-LOGO-WP-2021.png?fit=2000%2C171&ssl=1\",\"contentUrl\":\"https:\\\/\\\/i0.wp.com\\\/www.funfetti.shop\\\/wp-content\\\/uploads\\\/2021\\\/11\\\/cropped-LOGO-WP-2021.png?fit=2000%2C171&ssl=1\",\"width\":2000,\"height\":171,\"caption\":\"FunFetti\"},\"image\":{\"@id\":\"https:\\\/\\\/www.funfetti.shop\\\/#\\\/schema\\\/logo\\\/image\\\/\"},\"sameAs\":[\"https:\\\/\\\/www.facebook.com\\\/funfetti.shop\",\"https:\\\/\\\/www.instagram.com\\\/funfetti.shop\\\/\",\"https:\\\/\\\/nl.pinterest.com\\\/funfettiforever\\\/\"]}]}<\/script>\n<!-- \/ Yoast SEO plugin. -->","yoast_head_json":{"title":"Vase tulipe folie empilable par Heinen Delft Blue","description":"Le vase Tulip stacking madness est un magnifique vase d'une hauteur maximale de 40 cm. Vous pouvez placer des tulipes dans toutes les ouvertures du vase, ce qui en fait un v\u00e9ritable accroche-regard.","robots":{"index":"index","follow":"follow","max-snippet":"max-snippet:-1","max-image-preview":"max-image-preview:large","max-video-preview":"max-video-preview:-1"},"canonical":"https:\/\/www.funfetti.shop\/fr\/produit\/vases-a-tulipes-la-folie-de-lempilage\/","og_locale":"fr_FR","og_type":"article","og_title":"Tulpen vaas stapelgekte van Heinen Delfts Blauw","og_description":"Tulpen vaas stapelgekte is prachtig vaas van wel 40 cm hoog. In alle openingen van de vaas kun je tulpen doen, waardoor het een blikvanger wordt.","og_url":"https:\/\/www.funfetti.shop\/fr\/produit\/vases-a-tulipes-la-folie-de-lempilage\/","og_site_name":"FunFetti","article_publisher":"https:\/\/www.facebook.com\/funfetti.shop","article_modified_time":"2026-01-16T13:52:43+00:00","og_image":[{"width":400,"height":711,"url":"https:\/\/www.funfetti.shop\/wp-content\/uploads\/2024\/10\/Stapelgekte-Heinen-Delfts-Blauw-4.jpg","type":"image\/jpeg"}],"twitter_card":"summary_large_image","twitter_misc":{"Dur\u00e9e de lecture estim\u00e9e":"1 minute"},"schema":{"@context":"https:\/\/schema.org","@graph":[{"@type":"WebPage","@id":"https:\/\/www.funfetti.shop\/product\/tulpen-vaas-stapelgekte\/","url":"https:\/\/www.funfetti.shop\/product\/tulpen-vaas-stapelgekte\/","name":"Vase tulipe folie empilable par Heinen Delft Blue","isPartOf":{"@id":"https:\/\/www.funfetti.shop\/#website"},"primaryImageOfPage":{"@id":"https:\/\/www.funfetti.shop\/product\/tulpen-vaas-stapelgekte\/#primaryimage"},"image":{"@id":"https:\/\/www.funfetti.shop\/product\/tulpen-vaas-stapelgekte\/#primaryimage"},"thumbnailUrl":"https:\/\/www.funfetti.shop\/wp-content\/uploads\/2024\/10\/Stapelgekte-Heinen-Delfts-Blauw-4.jpg","datePublished":"2024-10-21T12:38:11+00:00","dateModified":"2026-01-16T13:52:43+00:00","description":"Le vase Tulip stacking madness est un magnifique vase d'une hauteur maximale de 40 cm. Vous pouvez placer des tulipes dans toutes les ouvertures du vase, ce qui en fait un v\u00e9ritable accroche-regard.","breadcrumb":{"@id":"https:\/\/www.funfetti.shop\/product\/tulpen-vaas-stapelgekte\/#breadcrumb"},"inLanguage":"fr-FR","potentialAction":[{"@type":"ReadAction","target":["https:\/\/www.funfetti.shop\/product\/tulpen-vaas-stapelgekte\/"]}]},{"@type":"ImageObject","inLanguage":"fr-FR","@id":"https:\/\/www.funfetti.shop\/product\/tulpen-vaas-stapelgekte\/#primaryimage","url":"https:\/\/www.funfetti.shop\/wp-content\/uploads\/2024\/10\/Stapelgekte-Heinen-Delfts-Blauw-4.jpg","contentUrl":"https:\/\/www.funfetti.shop\/wp-content\/uploads\/2024\/10\/Stapelgekte-Heinen-Delfts-Blauw-4.jpg","width":400,"height":711,"caption":"Stapelgekte Heinen Delfts Blauw"},{"@type":"BreadcrumbList","@id":"https:\/\/www.funfetti.shop\/product\/tulpen-vaas-stapelgekte\/#breadcrumb","itemListElement":[{"@type":"ListItem","position":1,"name":"Home","item":"https:\/\/www.funfetti.shop\/"},{"@type":"ListItem","position":2,"name":"Winkel","item":"https:\/\/www.funfetti.shop\/winkel\/"},{"@type":"ListItem","position":3,"name":"Tulpen vaas stapelgekte"}]},{"@type":"WebSite","@id":"https:\/\/www.funfetti.shop\/#website","url":"https:\/\/www.funfetti.shop\/","name":"FunFetti","description":"un m\u00e9lange de cadeaux, de d\u00e9coration d'int\u00e9rieur et de design","publisher":{"@id":"https:\/\/www.funfetti.shop\/#organization"},"potentialAction":[{"@type":"SearchAction","target":{"@type":"EntryPoint","urlTemplate":"https:\/\/www.funfetti.shop\/?s={search_term_string}"},"query-input":{"@type":"PropertyValueSpecification","valueRequired":true,"valueName":"search_term_string"}}],"inLanguage":"fr-FR"},{"@type":"Organization","@id":"https:\/\/www.funfetti.shop\/#organization","name":"FunFetti","url":"https:\/\/www.funfetti.shop\/","logo":{"@type":"ImageObject","inLanguage":"fr-FR","@id":"https:\/\/www.funfetti.shop\/#\/schema\/logo\/image\/","url":"https:\/\/i0.wp.com\/www.funfetti.shop\/wp-content\/uploads\/2021\/11\/cropped-LOGO-WP-2021.png?fit=2000%2C171&ssl=1","contentUrl":"https:\/\/i0.wp.com\/www.funfetti.shop\/wp-content\/uploads\/2021\/11\/cropped-LOGO-WP-2021.png?fit=2000%2C171&ssl=1","width":2000,"height":171,"caption":"FunFetti"},"image":{"@id":"https:\/\/www.funfetti.shop\/#\/schema\/logo\/image\/"},"sameAs":["https:\/\/www.facebook.com\/funfetti.shop","https:\/\/www.instagram.com\/funfetti.shop\/","https:\/\/nl.pinterest.com\/funfettiforever\/"]}]}},"jetpack_publicize_connections":[],"jetpack_sharing_enabled":true,"_links":{"self":[{"href":"https:\/\/www.funfetti.shop\/fr\/wp-json\/wp\/v2\/product\/7974","targetHints":{"allow":["GET"]}}],"collection":[{"href":"https:\/\/www.funfetti.shop\/fr\/wp-json\/wp\/v2\/product"}],"about":[{"href":"https:\/\/www.funfetti.shop\/fr\/wp-json\/wp\/v2\/types\/product"}],"wp:featuredmedia":[{"embeddable":true,"href":"https:\/\/www.funfetti.shop\/fr\/wp-json\/wp\/v2\/media\/9255"}],"wp:attachment":[{"href":"https:\/\/www.funfetti.shop\/fr\/wp-json\/wp\/v2\/media?parent=7974"}],"wp:term":[{"taxonomy":"product_brand","embeddable":true,"href":"https:\/\/www.funfetti.shop\/fr\/wp-json\/wp\/v2\/product_brand?post=7974"},{"taxonomy":"product_cat","embeddable":true,"href":"https:\/\/www.funfetti.shop\/fr\/wp-json\/wp\/v2\/product_cat?post=7974"},{"taxonomy":"product_tag","embeddable":true,"href":"https:\/\/www.funfetti.shop\/fr\/wp-json\/wp\/v2\/product_tag?post=7974"}],"curies":[{"name":"wp","href":"https:\/\/api.w.org\/{rel}","templated":true}]}}