{"id":8270,"date":"2025-01-22T13:58:26","date_gmt":"2025-01-22T13:58:26","guid":{"rendered":"https:\/\/www.funfetti.shop\/?post_type=product&#038;p=8270"},"modified":"2025-12-05T10:06:12","modified_gmt":"2025-12-05T10:06:12","slug":"saucisse-de-lyon-tricotee","status":"publish","type":"product","link":"https:\/\/www.funfetti.shop\/fr\/product\/gebreide-lyon-worst\/","title":{"rendered":"Saucisse lyonnaise tricot\u00e9e"},"content":{"rendered":"<p>La saucisse lyonnaise tricot\u00e9e de la Maison Cisson est une v\u00e9ritable \u0153uvre d'art pour tout mur d'art. Au premier coup d'\u0153il, on croirait qu'il sort tout droit d'une authentique charcuterie fran\u00e7aise. Mais ce n'est pas un saucisson ordinaire, il est tricot\u00e9 \u00e0 la main avec de la laine !<\/p>\n<p>Accrochez-le \u00e0 un endroit bien visible de votre cuisine et laissez-vous surprendre par les r\u00e9actions. Cet accroche-regard d\u00e9coratif ajoute non seulement une touche de charme fran\u00e7ais, mais il est \u00e9galement certain qu'il suscitera des conversations amusantes. Et le meilleur ? Cette saucisse reste parfaite pour toujours et ne contient pas de calories !<\/p>\n<p><strong>Un cadeau original pour les bons vivants ou un compl\u00e9ment unique pour votre int\u00e9rieur. Ludique, \u00e9l\u00e9gant et 100% sans entretien !<\/strong><\/p>\n<ul>\n<li><strong><em>en laine blanche et grise<\/em><\/strong><\/li>\n<li><strong><em>artisanal<\/em><\/strong><\/li>\n<li><strong><em>Rembourrage en polyester<\/em><\/strong><\/li>\n<li><strong><em>\u00e9tiquette en papier<\/em><\/strong><\/li>\n<li><strong><em>longueur : +\/- 30cm<\/em><\/strong><\/li>\n<li><strong><em>diff\u00e9rentes \"saveurs\" disponibles<\/em><\/strong><\/li>\n<li><strong><em>fabriqu\u00e9 et con\u00e7u en France<\/em><\/strong><\/li>\n<li><strong><em>la marque : <a href=\"https:\/\/www.funfetti.shop\/fr\/categorie-produit-2\/marques\/maison-cisson\/\">Maison Cisson<\/a><\/em><\/strong><\/li>\n<\/ul>","protected":false},"excerpt":{"rendered":"<p>Le saucisson de Lyon tricot\u00e9 semble tout droit sorti d'une authentique charcuterie fran\u00e7aise. Mais regardez bien, il s'agit d'une \u0153uvre d'art en laine !<\/p>","protected":false},"featured_media":8274,"template":"","meta":{"neve_meta_sidebar":"","neve_meta_container":"","neve_meta_enable_content_width":"off","neve_meta_content_width":100,"neve_meta_title_alignment":"","neve_meta_author_avatar":"","neve_post_elements_order":"","neve_meta_disable_header":"","neve_meta_disable_footer":"","neve_meta_disable_title":"","neve_meta_reading_time":"","jetpack_publicize_message":"","jetpack_publicize_feature_enabled":true,"jetpack_social_post_already_shared":true,"jetpack_social_options":{"image_generator_settings":{"template":"highway","default_image_id":0,"font":"","enabled":false},"version":2}},"product_brand":[],"product_cat":[15,779,680,22,715,686,23],"product_tag":[772,291,716],"class_list":{"0":"post-8270","1":"product","2":"type-product","3":"status-publish","4":"has-post-thumbnail","6":"product_cat-allefun","7":"product_cat-art-wall","8":"product_cat-fungifts","9":"product_cat-funliving","10":"product_cat-maison-cisson","11":"product_cat-voor-fun-prijzen","12":"product_cat-woondecoratie","13":"product_tag-artwall","14":"product_tag-grijs","15":"product_tag-worst","16":"product_shipping_class-pakket-met-track-en-trace","18":"first","19":"instock","20":"taxable","21":"shipping-taxable","22":"purchasable","23":"product-type-simple"},"yoast_head":"<!-- This site is optimized with the Yoast SEO plugin v27.5 - https:\/\/yoast.com\/product\/yoast-seo-wordpress\/ -->\n<title>Gebreide Lyon worst - FunFetti<\/title>\n<meta name=\"description\" content=\"Gebreide Lyon-worst lijkt rechtstreeks uit een authentieke Franse charcuterie te komen. Maar kijk nog eens goed het is een kunstwerk van wol!\u00a0 #artwall\" \/>\n<meta name=\"robots\" content=\"index, follow, max-snippet:-1, max-image-preview:large, max-video-preview:-1\" \/>\n<link rel=\"canonical\" href=\"https:\/\/www.funfetti.shop\/fr\/produit\/saucisse-de-lyon-tricotee\/\" \/>\n<meta property=\"og:locale\" content=\"fr_FR\" \/>\n<meta property=\"og:type\" content=\"article\" \/>\n<meta property=\"og:title\" content=\"Gebreide Lyon worst - FunFetti\" \/>\n<meta property=\"og:description\" content=\"Gebreide Lyon-worst lijkt rechtstreeks uit een authentieke Franse charcuterie te komen. Maar kijk nog eens goed het is een kunstwerk van wol!\u00a0 #artwall\" \/>\n<meta property=\"og:url\" content=\"https:\/\/www.funfetti.shop\/fr\/produit\/saucisse-de-lyon-tricotee\/\" \/>\n<meta property=\"og:site_name\" content=\"FunFetti\" \/>\n<meta property=\"article:publisher\" content=\"https:\/\/www.facebook.com\/funfetti.shop\" \/>\n<meta property=\"article:modified_time\" content=\"2025-12-05T10:06:12+00:00\" \/>\n<meta property=\"og:image\" content=\"https:\/\/www.funfetti.shop\/wp-content\/uploads\/2025\/01\/worst-lyon.jpg\" \/>\n\t<meta property=\"og:image:width\" content=\"400\" \/>\n\t<meta property=\"og:image:height\" content=\"711\" \/>\n\t<meta property=\"og:image:type\" content=\"image\/jpeg\" \/>\n<meta name=\"twitter:card\" content=\"summary_large_image\" \/>\n<meta name=\"twitter:label1\" content=\"Dur\u00e9e de lecture estim\u00e9e\" \/>\n\t<meta name=\"twitter:data1\" content=\"1 minute\" \/>\n<script type=\"application\/ld+json\" class=\"yoast-schema-graph\">{\"@context\":\"https:\\\/\\\/schema.org\",\"@graph\":[{\"@type\":\"WebPage\",\"@id\":\"https:\\\/\\\/www.funfetti.shop\\\/product\\\/gebreide-lyon-worst\\\/\",\"url\":\"https:\\\/\\\/www.funfetti.shop\\\/product\\\/gebreide-lyon-worst\\\/\",\"name\":\"Gebreide Lyon worst - FunFetti\",\"isPartOf\":{\"@id\":\"https:\\\/\\\/www.funfetti.shop\\\/#website\"},\"primaryImageOfPage\":{\"@id\":\"https:\\\/\\\/www.funfetti.shop\\\/product\\\/gebreide-lyon-worst\\\/#primaryimage\"},\"image\":{\"@id\":\"https:\\\/\\\/www.funfetti.shop\\\/product\\\/gebreide-lyon-worst\\\/#primaryimage\"},\"thumbnailUrl\":\"https:\\\/\\\/www.funfetti.shop\\\/wp-content\\\/uploads\\\/2025\\\/01\\\/worst-lyon.jpg\",\"datePublished\":\"2025-01-22T13:58:26+00:00\",\"dateModified\":\"2025-12-05T10:06:12+00:00\",\"description\":\"Gebreide Lyon-worst lijkt rechtstreeks uit een authentieke Franse charcuterie te komen. Maar kijk nog eens goed het is een kunstwerk van wol!\u00a0 #artwall\",\"breadcrumb\":{\"@id\":\"https:\\\/\\\/www.funfetti.shop\\\/product\\\/gebreide-lyon-worst\\\/#breadcrumb\"},\"inLanguage\":\"fr-FR\",\"potentialAction\":[{\"@type\":\"ReadAction\",\"target\":[\"https:\\\/\\\/www.funfetti.shop\\\/product\\\/gebreide-lyon-worst\\\/\"]}]},{\"@type\":\"ImageObject\",\"inLanguage\":\"fr-FR\",\"@id\":\"https:\\\/\\\/www.funfetti.shop\\\/product\\\/gebreide-lyon-worst\\\/#primaryimage\",\"url\":\"https:\\\/\\\/www.funfetti.shop\\\/wp-content\\\/uploads\\\/2025\\\/01\\\/worst-lyon.jpg\",\"contentUrl\":\"https:\\\/\\\/www.funfetti.shop\\\/wp-content\\\/uploads\\\/2025\\\/01\\\/worst-lyon.jpg\",\"width\":400,\"height\":711},{\"@type\":\"BreadcrumbList\",\"@id\":\"https:\\\/\\\/www.funfetti.shop\\\/product\\\/gebreide-lyon-worst\\\/#breadcrumb\",\"itemListElement\":[{\"@type\":\"ListItem\",\"position\":1,\"name\":\"Home\",\"item\":\"https:\\\/\\\/www.funfetti.shop\\\/\"},{\"@type\":\"ListItem\",\"position\":2,\"name\":\"Winkel\",\"item\":\"https:\\\/\\\/www.funfetti.shop\\\/winkel\\\/\"},{\"@type\":\"ListItem\",\"position\":3,\"name\":\"Gebreide Lyon worst\"}]},{\"@type\":\"WebSite\",\"@id\":\"https:\\\/\\\/www.funfetti.shop\\\/#website\",\"url\":\"https:\\\/\\\/www.funfetti.shop\\\/\",\"name\":\"FunFetti\",\"description\":\"a curated mix of gifts, home d\u00e9cor and design\",\"publisher\":{\"@id\":\"https:\\\/\\\/www.funfetti.shop\\\/#organization\"},\"potentialAction\":[{\"@type\":\"SearchAction\",\"target\":{\"@type\":\"EntryPoint\",\"urlTemplate\":\"https:\\\/\\\/www.funfetti.shop\\\/?s={search_term_string}\"},\"query-input\":{\"@type\":\"PropertyValueSpecification\",\"valueRequired\":true,\"valueName\":\"search_term_string\"}}],\"inLanguage\":\"fr-FR\"},{\"@type\":\"Organization\",\"@id\":\"https:\\\/\\\/www.funfetti.shop\\\/#organization\",\"name\":\"FunFetti\",\"url\":\"https:\\\/\\\/www.funfetti.shop\\\/\",\"logo\":{\"@type\":\"ImageObject\",\"inLanguage\":\"fr-FR\",\"@id\":\"https:\\\/\\\/www.funfetti.shop\\\/#\\\/schema\\\/logo\\\/image\\\/\",\"url\":\"https:\\\/\\\/i0.wp.com\\\/www.funfetti.shop\\\/wp-content\\\/uploads\\\/2021\\\/11\\\/cropped-LOGO-WP-2021.png?fit=2000%2C171&ssl=1\",\"contentUrl\":\"https:\\\/\\\/i0.wp.com\\\/www.funfetti.shop\\\/wp-content\\\/uploads\\\/2021\\\/11\\\/cropped-LOGO-WP-2021.png?fit=2000%2C171&ssl=1\",\"width\":2000,\"height\":171,\"caption\":\"FunFetti\"},\"image\":{\"@id\":\"https:\\\/\\\/www.funfetti.shop\\\/#\\\/schema\\\/logo\\\/image\\\/\"},\"sameAs\":[\"https:\\\/\\\/www.facebook.com\\\/funfetti.shop\",\"https:\\\/\\\/www.instagram.com\\\/funfetti.shop\\\/\",\"https:\\\/\\\/nl.pinterest.com\\\/funfettiforever\\\/\"]}]}<\/script>\n<!-- \/ Yoast SEO plugin. -->","yoast_head_json":{"title":"Saucisse lyonnaise tricot\u00e9e - FunFetti","description":"Le saucisson de Lyon tricot\u00e9 semble tout droit sorti d'une authentique charcuterie fran\u00e7aise. Mais \u00e0 y regarder de plus pr\u00e8s, il s'agit d'une \u0153uvre d'art en laine !  #artwall","robots":{"index":"index","follow":"follow","max-snippet":"max-snippet:-1","max-image-preview":"max-image-preview:large","max-video-preview":"max-video-preview:-1"},"canonical":"https:\/\/www.funfetti.shop\/fr\/produit\/saucisse-de-lyon-tricotee\/","og_locale":"fr_FR","og_type":"article","og_title":"Gebreide Lyon worst - FunFetti","og_description":"Gebreide Lyon-worst lijkt rechtstreeks uit een authentieke Franse charcuterie te komen. Maar kijk nog eens goed het is een kunstwerk van wol!\u00a0 #artwall","og_url":"https:\/\/www.funfetti.shop\/fr\/produit\/saucisse-de-lyon-tricotee\/","og_site_name":"FunFetti","article_publisher":"https:\/\/www.facebook.com\/funfetti.shop","article_modified_time":"2025-12-05T10:06:12+00:00","og_image":[{"width":400,"height":711,"url":"https:\/\/www.funfetti.shop\/wp-content\/uploads\/2025\/01\/worst-lyon.jpg","type":"image\/jpeg"}],"twitter_card":"summary_large_image","twitter_misc":{"Dur\u00e9e de lecture estim\u00e9e":"1 minute"},"schema":{"@context":"https:\/\/schema.org","@graph":[{"@type":"WebPage","@id":"https:\/\/www.funfetti.shop\/product\/gebreide-lyon-worst\/","url":"https:\/\/www.funfetti.shop\/product\/gebreide-lyon-worst\/","name":"Saucisse lyonnaise tricot\u00e9e - FunFetti","isPartOf":{"@id":"https:\/\/www.funfetti.shop\/#website"},"primaryImageOfPage":{"@id":"https:\/\/www.funfetti.shop\/product\/gebreide-lyon-worst\/#primaryimage"},"image":{"@id":"https:\/\/www.funfetti.shop\/product\/gebreide-lyon-worst\/#primaryimage"},"thumbnailUrl":"https:\/\/www.funfetti.shop\/wp-content\/uploads\/2025\/01\/worst-lyon.jpg","datePublished":"2025-01-22T13:58:26+00:00","dateModified":"2025-12-05T10:06:12+00:00","description":"Le saucisson de Lyon tricot\u00e9 semble tout droit sorti d'une authentique charcuterie fran\u00e7aise. Mais \u00e0 y regarder de plus pr\u00e8s, il s'agit d'une \u0153uvre d'art en laine !  #artwall","breadcrumb":{"@id":"https:\/\/www.funfetti.shop\/product\/gebreide-lyon-worst\/#breadcrumb"},"inLanguage":"fr-FR","potentialAction":[{"@type":"ReadAction","target":["https:\/\/www.funfetti.shop\/product\/gebreide-lyon-worst\/"]}]},{"@type":"ImageObject","inLanguage":"fr-FR","@id":"https:\/\/www.funfetti.shop\/product\/gebreide-lyon-worst\/#primaryimage","url":"https:\/\/www.funfetti.shop\/wp-content\/uploads\/2025\/01\/worst-lyon.jpg","contentUrl":"https:\/\/www.funfetti.shop\/wp-content\/uploads\/2025\/01\/worst-lyon.jpg","width":400,"height":711},{"@type":"BreadcrumbList","@id":"https:\/\/www.funfetti.shop\/product\/gebreide-lyon-worst\/#breadcrumb","itemListElement":[{"@type":"ListItem","position":1,"name":"Home","item":"https:\/\/www.funfetti.shop\/"},{"@type":"ListItem","position":2,"name":"Winkel","item":"https:\/\/www.funfetti.shop\/winkel\/"},{"@type":"ListItem","position":3,"name":"Gebreide Lyon worst"}]},{"@type":"WebSite","@id":"https:\/\/www.funfetti.shop\/#website","url":"https:\/\/www.funfetti.shop\/","name":"FunFetti","description":"un m\u00e9lange de cadeaux, de d\u00e9coration d'int\u00e9rieur et de design","publisher":{"@id":"https:\/\/www.funfetti.shop\/#organization"},"potentialAction":[{"@type":"SearchAction","target":{"@type":"EntryPoint","urlTemplate":"https:\/\/www.funfetti.shop\/?s={search_term_string}"},"query-input":{"@type":"PropertyValueSpecification","valueRequired":true,"valueName":"search_term_string"}}],"inLanguage":"fr-FR"},{"@type":"Organization","@id":"https:\/\/www.funfetti.shop\/#organization","name":"FunFetti","url":"https:\/\/www.funfetti.shop\/","logo":{"@type":"ImageObject","inLanguage":"fr-FR","@id":"https:\/\/www.funfetti.shop\/#\/schema\/logo\/image\/","url":"https:\/\/i0.wp.com\/www.funfetti.shop\/wp-content\/uploads\/2021\/11\/cropped-LOGO-WP-2021.png?fit=2000%2C171&ssl=1","contentUrl":"https:\/\/i0.wp.com\/www.funfetti.shop\/wp-content\/uploads\/2021\/11\/cropped-LOGO-WP-2021.png?fit=2000%2C171&ssl=1","width":2000,"height":171,"caption":"FunFetti"},"image":{"@id":"https:\/\/www.funfetti.shop\/#\/schema\/logo\/image\/"},"sameAs":["https:\/\/www.facebook.com\/funfetti.shop","https:\/\/www.instagram.com\/funfetti.shop\/","https:\/\/nl.pinterest.com\/funfettiforever\/"]}]}},"jetpack_publicize_connections":[],"jetpack_sharing_enabled":true,"_links":{"self":[{"href":"https:\/\/www.funfetti.shop\/fr\/wp-json\/wp\/v2\/product\/8270","targetHints":{"allow":["GET"]}}],"collection":[{"href":"https:\/\/www.funfetti.shop\/fr\/wp-json\/wp\/v2\/product"}],"about":[{"href":"https:\/\/www.funfetti.shop\/fr\/wp-json\/wp\/v2\/types\/product"}],"wp:featuredmedia":[{"embeddable":true,"href":"https:\/\/www.funfetti.shop\/fr\/wp-json\/wp\/v2\/media\/8274"}],"wp:attachment":[{"href":"https:\/\/www.funfetti.shop\/fr\/wp-json\/wp\/v2\/media?parent=8270"}],"wp:term":[{"taxonomy":"product_brand","embeddable":true,"href":"https:\/\/www.funfetti.shop\/fr\/wp-json\/wp\/v2\/product_brand?post=8270"},{"taxonomy":"product_cat","embeddable":true,"href":"https:\/\/www.funfetti.shop\/fr\/wp-json\/wp\/v2\/product_cat?post=8270"},{"taxonomy":"product_tag","embeddable":true,"href":"https:\/\/www.funfetti.shop\/fr\/wp-json\/wp\/v2\/product_tag?post=8270"}],"curies":[{"name":"wp","href":"https:\/\/api.w.org\/{rel}","templated":true}]}}