{"id":9313,"date":"2025-11-04T17:22:25","date_gmt":"2025-11-04T17:22:25","guid":{"rendered":"https:\/\/www.funfetti.shop\/?post_type=product&#038;p=9313"},"modified":"2025-11-27T16:16:53","modified_gmt":"2025-11-27T16:16:53","slug":"vase-pique-fleurs-blanc-rosie","status":"publish","type":"product","link":"https:\/\/www.funfetti.shop\/fr\/product\/pique-fleurs-white-rosie-vaas\/","title":{"rendered":"Vase Pique Fleurs White Rosie"},"content":{"rendered":"<h2 data-start=\"129\" data-end=\"188\">Vase Pique Fleurs White Rosie<\/h2>\n<p data-start=\"220\" data-end=\"562\">Offrez \u00e0 vos fleurs une sc\u00e8ne \u00e0 couper le souffle avec ce vase extraordinaire de Marie Michielssen pour Serax. Le vase Pique Fleurs White Rosie associe l'art sculptural au design fonctionnel : sa forme organique rappelle les mers de corail et invite chaque brin et chaque fleur \u00e0 s'\u00e9panouir.<\/p>\n<p data-start=\"564\" data-end=\"875\">Avec une hauteur de 38 cm et un diam\u00e8tre de 22 cm, il s'agit d'un \u00e9l\u00e9ment important pour votre int\u00e9rieur. Le vase est fabriqu\u00e9 en gr\u00e8s (gris\/c\u00e9ramique) et comprend un vase int\u00e9rieur en verre pour l'eau, de sorte que votre cr\u00e9ation florale reste \u00e0 son meilleur.<\/p>\n<p data-start=\"1172\" data-end=\"1193\"><strong data-start=\"1175\" data-end=\"1193\">Sp\u00e9cifications :<\/strong><\/p>\n<ul>\n<li data-start=\"1196\" data-end=\"1259\"><strong><em>Dimensions : 22 \u00d7 22 \u00d7 38 cm\u00a0<\/em><\/strong><\/li>\n<li data-start=\"1262\" data-end=\"1322\"><strong><em>Mat\u00e9riau : C\u00e9ramique \/ gr\u00e8s avec vase int\u00e9rieur en verre<\/em><\/strong><\/li>\n<li data-start=\"1325\" data-end=\"1353\"><strong><em>Couleur : Cr\u00e8me<\/em><\/strong><\/li>\n<li data-start=\"1417\" data-end=\"1447\"><strong><em>Cr\u00e9atrice : Marie Michielssen<\/em><\/strong><\/li>\n<li data-start=\"1450\" data-end=\"1463\"><strong><em>Marque : <a href=\"https:\/\/www.funfetti.shop\/fr\/categorie-produit-2\/marques-2\/serax\/\">Serax<\/a><\/em><\/strong><\/li>\n<\/ul>\n<hr \/>\n<p data-start=\"1465\" data-end=\"1689\"><strong data-start=\"1468\" data-end=\"1485\">Astuce Funfetti :<\/strong> Placez-le sur une \u00e9tag\u00e8re l\u00e9g\u00e8re avec un m\u00e9lange de fleurs violettes et vertes ou laissez-le briller seul en tant qu'objet de design. Le vase Pique-Fleurs rend votre int\u00e9rieur instantan\u00e9ment plus vivant et l\u00e9g\u00e8rement diff\u00e9rent.<\/p>\n<hr class=\"\" data-start=\"952\" data-end=\"955\" \/>\n<p>&nbsp;<\/p>","protected":false},"excerpt":{"rendered":"<p data-start=\"129\" data-end=\"188\">Le vase Pique Fleurs White Rosie Vase a une s<span style=\"font-size: 16px;\">Le vase a une forme organique qui ajoute un attrait suppl\u00e9mentaire \u00e0 n'importe quel bouquet. Le vase est i<\/span>Id\u00e9al pour les fleurs libres, le feuillage ou simplement comme objet d'art sans fleurs.<\/p>\n<p data-start=\"1114\" data-end=\"1170\">Parfait pour ceux qui aiment le design et le caract\u00e8re dans leur maison !<\/p>","protected":false},"featured_media":9340,"template":"","meta":{"neve_meta_sidebar":"","neve_meta_container":"","neve_meta_enable_content_width":"off","neve_meta_content_width":100,"neve_meta_title_alignment":"","neve_meta_author_avatar":"","neve_post_elements_order":"","neve_meta_disable_header":"","neve_meta_disable_footer":"","neve_meta_disable_title":"","neve_meta_reading_time":"","jetpack_publicize_message":"","jetpack_publicize_feature_enabled":true,"jetpack_social_post_already_shared":false,"jetpack_social_options":{"image_generator_settings":{"template":"highway","default_image_id":0,"font":"","enabled":false},"version":2}},"product_brand":[],"product_cat":[15,678,677,22,555,316,685,23],"product_tag":[794,556,148],"class_list":{"0":"post-9313","1":"product","2":"type-product","3":"status-publish","4":"has-post-thumbnail","6":"product_cat-allefun","7":"product_cat-dutch-design","8":"product_cat-fundesign","9":"product_cat-funliving","10":"product_cat-serax","11":"product_cat-vazen","12":"product_cat-voor-haar","13":"product_cat-woondecoratie","14":"product_tag-pique","15":"product_tag-serax","16":"product_tag-vaas","17":"product_shipping_class-pakket-met-track-en-trace","19":"first","20":"instock","21":"taxable","22":"shipping-taxable","23":"purchasable","24":"product-type-simple"},"yoast_head":"<!-- This site is optimized with the Yoast SEO plugin v27.5 - https:\/\/yoast.com\/product\/yoast-seo-wordpress\/ -->\n<title>Pique Fleurs White Rosie Vaas<\/title>\n<meta name=\"description\" content=\"Pique Fleurs White Rosie Vaas heeft een speelse en organische vorm die elke boeket uitstraling geeft. De vaas is ideaal voor wie houdt van design met karakter in huis!\" \/>\n<meta name=\"robots\" content=\"index, follow, max-snippet:-1, max-image-preview:large, max-video-preview:-1\" \/>\n<link rel=\"canonical\" href=\"https:\/\/www.funfetti.shop\/fr\/produit\/vase-pique-fleurs-blanc-rosie\/\" \/>\n<meta property=\"og:locale\" content=\"fr_FR\" \/>\n<meta property=\"og:type\" content=\"article\" \/>\n<meta property=\"og:title\" content=\"Pique Fleurs White Rosie Vaas\" \/>\n<meta property=\"og:description\" content=\"Pique Fleurs White Rosie Vaas heeft een speelse en organische vorm die elke boeket uitstraling geeft. De vaas is ideaal voor wie houdt van design met karakter in huis!\" \/>\n<meta property=\"og:url\" content=\"https:\/\/www.funfetti.shop\/fr\/produit\/vase-pique-fleurs-blanc-rosie\/\" \/>\n<meta property=\"og:site_name\" content=\"FunFetti\" \/>\n<meta property=\"article:publisher\" content=\"https:\/\/www.facebook.com\/funfetti.shop\" \/>\n<meta property=\"article:modified_time\" content=\"2025-11-27T16:16:53+00:00\" \/>\n<meta property=\"og:image\" content=\"https:\/\/www.funfetti.shop\/wp-content\/uploads\/2025\/11\/Pique-Fleurs-White-Rosie-Vaas-Serax-FunFetti-4.jpg\" \/>\n\t<meta property=\"og:image:width\" content=\"600\" \/>\n\t<meta property=\"og:image:height\" content=\"1067\" \/>\n\t<meta property=\"og:image:type\" content=\"image\/jpeg\" \/>\n<meta name=\"twitter:card\" content=\"summary_large_image\" \/>\n<meta name=\"twitter:label1\" content=\"Dur\u00e9e de lecture estim\u00e9e\" \/>\n\t<meta name=\"twitter:data1\" content=\"1 minute\" \/>\n<script type=\"application\/ld+json\" class=\"yoast-schema-graph\">{\"@context\":\"https:\\\/\\\/schema.org\",\"@graph\":[{\"@type\":\"WebPage\",\"@id\":\"https:\\\/\\\/www.funfetti.shop\\\/product\\\/pique-fleurs-white-rosie-vaas\\\/\",\"url\":\"https:\\\/\\\/www.funfetti.shop\\\/product\\\/pique-fleurs-white-rosie-vaas\\\/\",\"name\":\"Pique Fleurs White Rosie Vaas\",\"isPartOf\":{\"@id\":\"https:\\\/\\\/www.funfetti.shop\\\/#website\"},\"primaryImageOfPage\":{\"@id\":\"https:\\\/\\\/www.funfetti.shop\\\/product\\\/pique-fleurs-white-rosie-vaas\\\/#primaryimage\"},\"image\":{\"@id\":\"https:\\\/\\\/www.funfetti.shop\\\/product\\\/pique-fleurs-white-rosie-vaas\\\/#primaryimage\"},\"thumbnailUrl\":\"https:\\\/\\\/www.funfetti.shop\\\/wp-content\\\/uploads\\\/2025\\\/11\\\/Pique-Fleurs-White-Rosie-Vaas-Serax-FunFetti-4.jpg\",\"datePublished\":\"2025-11-04T17:22:25+00:00\",\"dateModified\":\"2025-11-27T16:16:53+00:00\",\"description\":\"Pique Fleurs White Rosie Vaas heeft een speelse en organische vorm die elke boeket uitstraling geeft. De vaas is ideaal voor wie houdt van design met karakter in huis!\",\"breadcrumb\":{\"@id\":\"https:\\\/\\\/www.funfetti.shop\\\/product\\\/pique-fleurs-white-rosie-vaas\\\/#breadcrumb\"},\"inLanguage\":\"fr-FR\",\"potentialAction\":[{\"@type\":\"ReadAction\",\"target\":[\"https:\\\/\\\/www.funfetti.shop\\\/product\\\/pique-fleurs-white-rosie-vaas\\\/\"]}]},{\"@type\":\"ImageObject\",\"inLanguage\":\"fr-FR\",\"@id\":\"https:\\\/\\\/www.funfetti.shop\\\/product\\\/pique-fleurs-white-rosie-vaas\\\/#primaryimage\",\"url\":\"https:\\\/\\\/www.funfetti.shop\\\/wp-content\\\/uploads\\\/2025\\\/11\\\/Pique-Fleurs-White-Rosie-Vaas-Serax-FunFetti-4.jpg\",\"contentUrl\":\"https:\\\/\\\/www.funfetti.shop\\\/wp-content\\\/uploads\\\/2025\\\/11\\\/Pique-Fleurs-White-Rosie-Vaas-Serax-FunFetti-4.jpg\",\"width\":600,\"height\":1067,\"caption\":\"Pique Fleurs White Rosie Vaas - Serax - FunFetti\"},{\"@type\":\"BreadcrumbList\",\"@id\":\"https:\\\/\\\/www.funfetti.shop\\\/product\\\/pique-fleurs-white-rosie-vaas\\\/#breadcrumb\",\"itemListElement\":[{\"@type\":\"ListItem\",\"position\":1,\"name\":\"Home\",\"item\":\"https:\\\/\\\/www.funfetti.shop\\\/\"},{\"@type\":\"ListItem\",\"position\":2,\"name\":\"Winkel\",\"item\":\"https:\\\/\\\/www.funfetti.shop\\\/winkel\\\/\"},{\"@type\":\"ListItem\",\"position\":3,\"name\":\"Pique Fleurs White Rosie Vaas\"}]},{\"@type\":\"WebSite\",\"@id\":\"https:\\\/\\\/www.funfetti.shop\\\/#website\",\"url\":\"https:\\\/\\\/www.funfetti.shop\\\/\",\"name\":\"FunFetti\",\"description\":\"a curated mix of gifts, home d\u00e9cor and design\",\"publisher\":{\"@id\":\"https:\\\/\\\/www.funfetti.shop\\\/#organization\"},\"potentialAction\":[{\"@type\":\"SearchAction\",\"target\":{\"@type\":\"EntryPoint\",\"urlTemplate\":\"https:\\\/\\\/www.funfetti.shop\\\/?s={search_term_string}\"},\"query-input\":{\"@type\":\"PropertyValueSpecification\",\"valueRequired\":true,\"valueName\":\"search_term_string\"}}],\"inLanguage\":\"fr-FR\"},{\"@type\":\"Organization\",\"@id\":\"https:\\\/\\\/www.funfetti.shop\\\/#organization\",\"name\":\"FunFetti\",\"url\":\"https:\\\/\\\/www.funfetti.shop\\\/\",\"logo\":{\"@type\":\"ImageObject\",\"inLanguage\":\"fr-FR\",\"@id\":\"https:\\\/\\\/www.funfetti.shop\\\/#\\\/schema\\\/logo\\\/image\\\/\",\"url\":\"https:\\\/\\\/i0.wp.com\\\/www.funfetti.shop\\\/wp-content\\\/uploads\\\/2021\\\/11\\\/cropped-LOGO-WP-2021.png?fit=2000%2C171&ssl=1\",\"contentUrl\":\"https:\\\/\\\/i0.wp.com\\\/www.funfetti.shop\\\/wp-content\\\/uploads\\\/2021\\\/11\\\/cropped-LOGO-WP-2021.png?fit=2000%2C171&ssl=1\",\"width\":2000,\"height\":171,\"caption\":\"FunFetti\"},\"image\":{\"@id\":\"https:\\\/\\\/www.funfetti.shop\\\/#\\\/schema\\\/logo\\\/image\\\/\"},\"sameAs\":[\"https:\\\/\\\/www.facebook.com\\\/funfetti.shop\",\"https:\\\/\\\/www.instagram.com\\\/funfetti.shop\\\/\",\"https:\\\/\\\/nl.pinterest.com\\\/funfettiforever\\\/\"]}]}<\/script>\n<!-- \/ Yoast SEO plugin. -->","yoast_head_json":{"title":"Vase Pique Fleurs White Rosie","description":"Le vase Pique Fleurs White Rosie a une forme ludique et organique qui donne de l'\u00e9clat \u00e0 n'importe quel bouquet. Ce vase est id\u00e9al pour ceux qui aiment le design et le caract\u00e8re dans leur maison !","robots":{"index":"index","follow":"follow","max-snippet":"max-snippet:-1","max-image-preview":"max-image-preview:large","max-video-preview":"max-video-preview:-1"},"canonical":"https:\/\/www.funfetti.shop\/fr\/produit\/vase-pique-fleurs-blanc-rosie\/","og_locale":"fr_FR","og_type":"article","og_title":"Pique Fleurs White Rosie Vaas","og_description":"Pique Fleurs White Rosie Vaas heeft een speelse en organische vorm die elke boeket uitstraling geeft. De vaas is ideaal voor wie houdt van design met karakter in huis!","og_url":"https:\/\/www.funfetti.shop\/fr\/produit\/vase-pique-fleurs-blanc-rosie\/","og_site_name":"FunFetti","article_publisher":"https:\/\/www.facebook.com\/funfetti.shop","article_modified_time":"2025-11-27T16:16:53+00:00","og_image":[{"width":600,"height":1067,"url":"https:\/\/www.funfetti.shop\/wp-content\/uploads\/2025\/11\/Pique-Fleurs-White-Rosie-Vaas-Serax-FunFetti-4.jpg","type":"image\/jpeg"}],"twitter_card":"summary_large_image","twitter_misc":{"Dur\u00e9e de lecture estim\u00e9e":"1 minute"},"schema":{"@context":"https:\/\/schema.org","@graph":[{"@type":"WebPage","@id":"https:\/\/www.funfetti.shop\/product\/pique-fleurs-white-rosie-vaas\/","url":"https:\/\/www.funfetti.shop\/product\/pique-fleurs-white-rosie-vaas\/","name":"Vase Pique Fleurs White Rosie","isPartOf":{"@id":"https:\/\/www.funfetti.shop\/#website"},"primaryImageOfPage":{"@id":"https:\/\/www.funfetti.shop\/product\/pique-fleurs-white-rosie-vaas\/#primaryimage"},"image":{"@id":"https:\/\/www.funfetti.shop\/product\/pique-fleurs-white-rosie-vaas\/#primaryimage"},"thumbnailUrl":"https:\/\/www.funfetti.shop\/wp-content\/uploads\/2025\/11\/Pique-Fleurs-White-Rosie-Vaas-Serax-FunFetti-4.jpg","datePublished":"2025-11-04T17:22:25+00:00","dateModified":"2025-11-27T16:16:53+00:00","description":"Le vase Pique Fleurs White Rosie a une forme ludique et organique qui donne de l'\u00e9clat \u00e0 n'importe quel bouquet. Ce vase est id\u00e9al pour ceux qui aiment le design et le caract\u00e8re dans leur maison !","breadcrumb":{"@id":"https:\/\/www.funfetti.shop\/product\/pique-fleurs-white-rosie-vaas\/#breadcrumb"},"inLanguage":"fr-FR","potentialAction":[{"@type":"ReadAction","target":["https:\/\/www.funfetti.shop\/product\/pique-fleurs-white-rosie-vaas\/"]}]},{"@type":"ImageObject","inLanguage":"fr-FR","@id":"https:\/\/www.funfetti.shop\/product\/pique-fleurs-white-rosie-vaas\/#primaryimage","url":"https:\/\/www.funfetti.shop\/wp-content\/uploads\/2025\/11\/Pique-Fleurs-White-Rosie-Vaas-Serax-FunFetti-4.jpg","contentUrl":"https:\/\/www.funfetti.shop\/wp-content\/uploads\/2025\/11\/Pique-Fleurs-White-Rosie-Vaas-Serax-FunFetti-4.jpg","width":600,"height":1067,"caption":"Pique Fleurs White Rosie Vaas - Serax - FunFetti"},{"@type":"BreadcrumbList","@id":"https:\/\/www.funfetti.shop\/product\/pique-fleurs-white-rosie-vaas\/#breadcrumb","itemListElement":[{"@type":"ListItem","position":1,"name":"Home","item":"https:\/\/www.funfetti.shop\/"},{"@type":"ListItem","position":2,"name":"Winkel","item":"https:\/\/www.funfetti.shop\/winkel\/"},{"@type":"ListItem","position":3,"name":"Pique Fleurs White Rosie Vaas"}]},{"@type":"WebSite","@id":"https:\/\/www.funfetti.shop\/#website","url":"https:\/\/www.funfetti.shop\/","name":"FunFetti","description":"un m\u00e9lange de cadeaux, de d\u00e9coration d'int\u00e9rieur et de design","publisher":{"@id":"https:\/\/www.funfetti.shop\/#organization"},"potentialAction":[{"@type":"SearchAction","target":{"@type":"EntryPoint","urlTemplate":"https:\/\/www.funfetti.shop\/?s={search_term_string}"},"query-input":{"@type":"PropertyValueSpecification","valueRequired":true,"valueName":"search_term_string"}}],"inLanguage":"fr-FR"},{"@type":"Organization","@id":"https:\/\/www.funfetti.shop\/#organization","name":"FunFetti","url":"https:\/\/www.funfetti.shop\/","logo":{"@type":"ImageObject","inLanguage":"fr-FR","@id":"https:\/\/www.funfetti.shop\/#\/schema\/logo\/image\/","url":"https:\/\/i0.wp.com\/www.funfetti.shop\/wp-content\/uploads\/2021\/11\/cropped-LOGO-WP-2021.png?fit=2000%2C171&ssl=1","contentUrl":"https:\/\/i0.wp.com\/www.funfetti.shop\/wp-content\/uploads\/2021\/11\/cropped-LOGO-WP-2021.png?fit=2000%2C171&ssl=1","width":2000,"height":171,"caption":"FunFetti"},"image":{"@id":"https:\/\/www.funfetti.shop\/#\/schema\/logo\/image\/"},"sameAs":["https:\/\/www.facebook.com\/funfetti.shop","https:\/\/www.instagram.com\/funfetti.shop\/","https:\/\/nl.pinterest.com\/funfettiforever\/"]}]}},"jetpack_publicize_connections":[],"jetpack_sharing_enabled":true,"_links":{"self":[{"href":"https:\/\/www.funfetti.shop\/fr\/wp-json\/wp\/v2\/product\/9313","targetHints":{"allow":["GET"]}}],"collection":[{"href":"https:\/\/www.funfetti.shop\/fr\/wp-json\/wp\/v2\/product"}],"about":[{"href":"https:\/\/www.funfetti.shop\/fr\/wp-json\/wp\/v2\/types\/product"}],"wp:featuredmedia":[{"embeddable":true,"href":"https:\/\/www.funfetti.shop\/fr\/wp-json\/wp\/v2\/media\/9340"}],"wp:attachment":[{"href":"https:\/\/www.funfetti.shop\/fr\/wp-json\/wp\/v2\/media?parent=9313"}],"wp:term":[{"taxonomy":"product_brand","embeddable":true,"href":"https:\/\/www.funfetti.shop\/fr\/wp-json\/wp\/v2\/product_brand?post=9313"},{"taxonomy":"product_cat","embeddable":true,"href":"https:\/\/www.funfetti.shop\/fr\/wp-json\/wp\/v2\/product_cat?post=9313"},{"taxonomy":"product_tag","embeddable":true,"href":"https:\/\/www.funfetti.shop\/fr\/wp-json\/wp\/v2\/product_tag?post=9313"}],"curies":[{"name":"wp","href":"https:\/\/api.w.org\/{rel}","templated":true}]}}