{"id":9758,"date":"2026-02-09T16:48:58","date_gmt":"2026-02-09T16:48:58","guid":{"rendered":"https:\/\/www.funfetti.shop\/?post_type=product&#038;p=9758"},"modified":"2026-02-10T12:02:46","modified_gmt":"2026-02-10T12:02:46","slug":"torchon-ours-boris","status":"publish","type":"product","link":"https:\/\/www.funfetti.shop\/fr\/product\/theedoek-boris-beer\/","title":{"rendered":"Torchon Boris Bear"},"content":{"rendered":"<h1 data-start=\"111\" data-end=\"147\">Torchon Dick Bruna | Boris Bear<\/h1>\n<p data-start=\"149\" data-end=\"443\">Ce torchon est un v\u00e9ritable joyau pour votre cuisine. Le torchon\u00a0<strong data-start=\"202\" data-end=\"225\"> torchon\u00a0<\/strong><strong data-start=\"202\" data-end=\"225\">Boris Bear<\/strong>\u00a0apporte le design reconnaissable et intemporel du <strong data-start=\"272\" data-end=\"286\">Dick Bruna<\/strong> \u00e0 un objet de tous les jours qui, soudain, n'a plus rien d'ordinaire. Doux, graphique et un brin nostalgique. Le genre de d\u00e9tail qui vous rend heureux tous les jours.<\/p>\n<p data-start=\"445\" data-end=\"716\">Fabriqu\u00e9 en <strong data-start=\"457\" data-end=\"472\">100% coton<\/strong> et solidement tiss\u00e9, ce qui lui permet non seulement de bien remplir sa fonction, mais aussi d'avoir fi\u00e8re allure sur un crochet ou au-dessus de la tringle du four. Qu'il s'agisse de s\u00e9cher, de nettoyer ou simplement d'\u00e9gayer votre cuisine, ce torchon fait tout cela avec style.<\/p>\n<p data-start=\"718\" data-end=\"817\">Parfait pour les fans de Bruna, les amateurs de design et tous ceux qui aiment les petits moments de bonheur \u00e0 la maison.<\/p>\n<p data-start=\"1035\" data-end=\"1232\"><strong data-start=\"1038\" data-end=\"1055\">Sp\u00e9cifications :<\/strong><\/p>\n<ul>\n<li data-start=\"1035\" data-end=\"1232\"><strong><em>Marque : Hollandsche Waaren<\/em><\/strong><\/li>\n<li data-start=\"1035\" data-end=\"1232\"><strong><em>Conception : Dick Bruna | Boris Bear<\/em><\/strong><\/li>\n<li data-start=\"1035\" data-end=\"1232\"><strong><em>Mati\u00e8re : coton 100%<\/em><\/strong><\/li>\n<li data-start=\"1035\" data-end=\"1232\"><strong><em>Dimensions : environ 65 x 65 cm<\/em><\/strong><\/li>\n<li data-start=\"1035\" data-end=\"1232\"><strong><em>\u0152illet de suspension : oui<\/em><\/strong><\/li>\n<li data-start=\"1035\" data-end=\"1232\"><strong><em>conception : Anne-Marie Jetten<\/em><\/strong><\/li>\n<li><strong><em>la marque : <a href=\"https:\/\/www.funfetti.shop\/fr\/categorie-produit-2\/marques-2\/produits-hollandais\/\">La ville de Hollandsche Waaren<\/a><\/em><\/strong><\/li>\n<\/ul>\n<hr \/>\n<p data-start=\"1234\" data-end=\"1356\"><strong data-start=\"1237\" data-end=\"1253\">Astuce Funfetti : <\/strong>Combinez ce torchon avec d'autres articles de Dick Bruna pour une cuisine o\u00f9 chaque jour commence par un sourire.<\/p>\n<hr \/>\n<p data-start=\"1234\" data-end=\"1356\">","protected":false},"excerpt":{"rendered":"<p><strong data-start=\"821\" data-end=\"870\">Pourquoi ce torchon est un favori de Funfetti<\/strong><br \/>\n- Design iconique de Dick Bruna avec l'ours Boris<br data-start=\"915\" data-end=\"918\" \/>- Pratique et d\u00e9coratif<br data-start=\"943\" data-end=\"946\" \/>- Un design hollandais intemporel avec une touche ludique<br data-start=\"994\" data-end=\"997\" \/>- Et aussi tr\u00e8s amusant \u00e0 offrir en cadeau<\/p>","protected":false},"featured_media":9766,"template":"","meta":{"neve_meta_sidebar":"","neve_meta_container":"","neve_meta_enable_content_width":"off","neve_meta_content_width":100,"neve_meta_title_alignment":"","neve_meta_author_avatar":"","neve_post_elements_order":"","neve_meta_disable_header":"","neve_meta_disable_footer":"","neve_meta_disable_title":"","neve_meta_reading_time":"","jetpack_publicize_message":"","jetpack_publicize_feature_enabled":true,"jetpack_social_post_already_shared":true,"jetpack_social_options":{"image_generator_settings":{"template":"highway","default_image_id":0,"font":"","enabled":false},"version":2}},"product_brand":[813],"product_cat":[15,678,677,22,565,29,37,710,686,23],"product_tag":[817,722,566,569],"class_list":{"0":"post-9758","1":"product","2":"type-product","3":"status-publish","4":"has-post-thumbnail","6":"product_brand-hollandsche-waaren","7":"product_cat-allefun","8":"product_cat-dutch-design","9":"product_cat-fundesign","10":"product_cat-funliving","11":"product_cat-hollandsche-waaren","12":"product_cat-keuken","13":"product_cat-kids","14":"product_cat-verantwoord-design","15":"product_cat-voor-fun-prijzen","16":"product_cat-woondecoratie","17":"product_tag-boris-beer","18":"product_tag-dick-bruna","19":"product_tag-hollandsche-waaren","20":"product_tag-theedoek","21":"product_shipping_class-brievenbus-pakket-met-track-en-trace","23":"first","24":"instock","25":"taxable","26":"shipping-taxable","27":"purchasable","28":"product-type-simple"},"yoast_head":"<!-- This site is optimized with the Yoast SEO plugin v27.5 - https:\/\/yoast.com\/product\/yoast-seo-wordpress\/ -->\n<title>Theedoek Boris Beer , Hollandsche Waaren<\/title>\n<meta name=\"description\" content=\"Theedoek Boris Beer is als een echte oud Hollandsche theedoek maar dan in een nieuw jasje met een originele tekening van Dick Bruna.\" \/>\n<meta name=\"robots\" content=\"index, follow, max-snippet:-1, max-image-preview:large, max-video-preview:-1\" \/>\n<link rel=\"canonical\" href=\"https:\/\/www.funfetti.shop\/fr\/produit\/torchon-ours-boris\/\" \/>\n<meta property=\"og:locale\" content=\"fr_FR\" \/>\n<meta property=\"og:type\" content=\"article\" \/>\n<meta property=\"og:title\" content=\"Theedoek Boris Beer , Hollandsche Waaren\" \/>\n<meta property=\"og:description\" content=\"Theedoek Boris Beer is als een echte oud Hollandsche theedoek maar dan in een nieuw jasje met een originele tekening van Dick Bruna.\" \/>\n<meta property=\"og:url\" content=\"https:\/\/www.funfetti.shop\/fr\/produit\/torchon-ours-boris\/\" \/>\n<meta property=\"og:site_name\" content=\"FunFetti\" \/>\n<meta property=\"article:publisher\" content=\"https:\/\/www.facebook.com\/funfetti.shop\" \/>\n<meta property=\"article:modified_time\" content=\"2026-02-10T12:02:46+00:00\" \/>\n<meta property=\"og:image\" content=\"https:\/\/www.funfetti.shop\/wp-content\/uploads\/2026\/02\/Theedoek-Boris-beer-4.jpg\" \/>\n\t<meta property=\"og:image:width\" content=\"600\" \/>\n\t<meta property=\"og:image:height\" content=\"1067\" \/>\n\t<meta property=\"og:image:type\" content=\"image\/jpeg\" \/>\n<meta name=\"twitter:card\" content=\"summary_large_image\" \/>\n<meta name=\"twitter:label1\" content=\"Dur\u00e9e de lecture estim\u00e9e\" \/>\n\t<meta name=\"twitter:data1\" content=\"2 minutes\" \/>\n<script type=\"application\/ld+json\" class=\"yoast-schema-graph\">{\"@context\":\"https:\\\/\\\/schema.org\",\"@graph\":[{\"@type\":\"WebPage\",\"@id\":\"https:\\\/\\\/www.funfetti.shop\\\/product\\\/theedoek-boris-beer\\\/\",\"url\":\"https:\\\/\\\/www.funfetti.shop\\\/product\\\/theedoek-boris-beer\\\/\",\"name\":\"Theedoek Boris Beer , Hollandsche Waaren\",\"isPartOf\":{\"@id\":\"https:\\\/\\\/www.funfetti.shop\\\/#website\"},\"primaryImageOfPage\":{\"@id\":\"https:\\\/\\\/www.funfetti.shop\\\/product\\\/theedoek-boris-beer\\\/#primaryimage\"},\"image\":{\"@id\":\"https:\\\/\\\/www.funfetti.shop\\\/product\\\/theedoek-boris-beer\\\/#primaryimage\"},\"thumbnailUrl\":\"https:\\\/\\\/www.funfetti.shop\\\/wp-content\\\/uploads\\\/2026\\\/02\\\/Theedoek-Boris-beer-4.jpg\",\"datePublished\":\"2026-02-09T16:48:58+00:00\",\"dateModified\":\"2026-02-10T12:02:46+00:00\",\"description\":\"Theedoek Boris Beer is als een echte oud Hollandsche theedoek maar dan in een nieuw jasje met een originele tekening van Dick Bruna.\",\"breadcrumb\":{\"@id\":\"https:\\\/\\\/www.funfetti.shop\\\/product\\\/theedoek-boris-beer\\\/#breadcrumb\"},\"inLanguage\":\"fr-FR\",\"potentialAction\":[{\"@type\":\"ReadAction\",\"target\":[\"https:\\\/\\\/www.funfetti.shop\\\/product\\\/theedoek-boris-beer\\\/\"]}]},{\"@type\":\"ImageObject\",\"inLanguage\":\"fr-FR\",\"@id\":\"https:\\\/\\\/www.funfetti.shop\\\/product\\\/theedoek-boris-beer\\\/#primaryimage\",\"url\":\"https:\\\/\\\/www.funfetti.shop\\\/wp-content\\\/uploads\\\/2026\\\/02\\\/Theedoek-Boris-beer-4.jpg\",\"contentUrl\":\"https:\\\/\\\/www.funfetti.shop\\\/wp-content\\\/uploads\\\/2026\\\/02\\\/Theedoek-Boris-beer-4.jpg\",\"width\":600,\"height\":1067,\"caption\":\"Hollandsche Waaren Theedoek Boris Beer van Dick Bruna; FunFetti.shop\"},{\"@type\":\"BreadcrumbList\",\"@id\":\"https:\\\/\\\/www.funfetti.shop\\\/product\\\/theedoek-boris-beer\\\/#breadcrumb\",\"itemListElement\":[{\"@type\":\"ListItem\",\"position\":1,\"name\":\"Home\",\"item\":\"https:\\\/\\\/www.funfetti.shop\\\/\"},{\"@type\":\"ListItem\",\"position\":2,\"name\":\"Winkel\",\"item\":\"https:\\\/\\\/www.funfetti.shop\\\/winkel\\\/\"},{\"@type\":\"ListItem\",\"position\":3,\"name\":\"Theedoek Boris Beer\"}]},{\"@type\":\"WebSite\",\"@id\":\"https:\\\/\\\/www.funfetti.shop\\\/#website\",\"url\":\"https:\\\/\\\/www.funfetti.shop\\\/\",\"name\":\"FunFetti\",\"description\":\"a curated mix of gifts, home d\u00e9cor and design\",\"publisher\":{\"@id\":\"https:\\\/\\\/www.funfetti.shop\\\/#organization\"},\"potentialAction\":[{\"@type\":\"SearchAction\",\"target\":{\"@type\":\"EntryPoint\",\"urlTemplate\":\"https:\\\/\\\/www.funfetti.shop\\\/?s={search_term_string}\"},\"query-input\":{\"@type\":\"PropertyValueSpecification\",\"valueRequired\":true,\"valueName\":\"search_term_string\"}}],\"inLanguage\":\"fr-FR\"},{\"@type\":\"Organization\",\"@id\":\"https:\\\/\\\/www.funfetti.shop\\\/#organization\",\"name\":\"FunFetti\",\"url\":\"https:\\\/\\\/www.funfetti.shop\\\/\",\"logo\":{\"@type\":\"ImageObject\",\"inLanguage\":\"fr-FR\",\"@id\":\"https:\\\/\\\/www.funfetti.shop\\\/#\\\/schema\\\/logo\\\/image\\\/\",\"url\":\"https:\\\/\\\/i0.wp.com\\\/www.funfetti.shop\\\/wp-content\\\/uploads\\\/2021\\\/11\\\/cropped-LOGO-WP-2021.png?fit=2000%2C171&ssl=1\",\"contentUrl\":\"https:\\\/\\\/i0.wp.com\\\/www.funfetti.shop\\\/wp-content\\\/uploads\\\/2021\\\/11\\\/cropped-LOGO-WP-2021.png?fit=2000%2C171&ssl=1\",\"width\":2000,\"height\":171,\"caption\":\"FunFetti\"},\"image\":{\"@id\":\"https:\\\/\\\/www.funfetti.shop\\\/#\\\/schema\\\/logo\\\/image\\\/\"},\"sameAs\":[\"https:\\\/\\\/www.facebook.com\\\/funfetti.shop\",\"https:\\\/\\\/www.instagram.com\\\/funfetti.shop\\\/\",\"https:\\\/\\\/nl.pinterest.com\\\/funfettiforever\\\/\"]}]}<\/script>\n<!-- \/ Yoast SEO plugin. -->","yoast_head_json":{"title":"Torchon Boris Bear , Hollandsche Waaren","description":"Le torchon Boris Bear ressemble \u00e0 un vieux torchon hollandais, mais avec un nouveau look et un dessin original de Dick Bruna.","robots":{"index":"index","follow":"follow","max-snippet":"max-snippet:-1","max-image-preview":"max-image-preview:large","max-video-preview":"max-video-preview:-1"},"canonical":"https:\/\/www.funfetti.shop\/fr\/produit\/torchon-ours-boris\/","og_locale":"fr_FR","og_type":"article","og_title":"Theedoek Boris Beer , Hollandsche Waaren","og_description":"Theedoek Boris Beer is als een echte oud Hollandsche theedoek maar dan in een nieuw jasje met een originele tekening van Dick Bruna.","og_url":"https:\/\/www.funfetti.shop\/fr\/produit\/torchon-ours-boris\/","og_site_name":"FunFetti","article_publisher":"https:\/\/www.facebook.com\/funfetti.shop","article_modified_time":"2026-02-10T12:02:46+00:00","og_image":[{"width":600,"height":1067,"url":"https:\/\/www.funfetti.shop\/wp-content\/uploads\/2026\/02\/Theedoek-Boris-beer-4.jpg","type":"image\/jpeg"}],"twitter_card":"summary_large_image","twitter_misc":{"Dur\u00e9e de lecture estim\u00e9e":"2 minutes"},"schema":{"@context":"https:\/\/schema.org","@graph":[{"@type":"WebPage","@id":"https:\/\/www.funfetti.shop\/product\/theedoek-boris-beer\/","url":"https:\/\/www.funfetti.shop\/product\/theedoek-boris-beer\/","name":"Torchon Boris Bear , Hollandsche Waaren","isPartOf":{"@id":"https:\/\/www.funfetti.shop\/#website"},"primaryImageOfPage":{"@id":"https:\/\/www.funfetti.shop\/product\/theedoek-boris-beer\/#primaryimage"},"image":{"@id":"https:\/\/www.funfetti.shop\/product\/theedoek-boris-beer\/#primaryimage"},"thumbnailUrl":"https:\/\/www.funfetti.shop\/wp-content\/uploads\/2026\/02\/Theedoek-Boris-beer-4.jpg","datePublished":"2026-02-09T16:48:58+00:00","dateModified":"2026-02-10T12:02:46+00:00","description":"Le torchon Boris Bear ressemble \u00e0 un vieux torchon hollandais, mais avec un nouveau look et un dessin original de Dick Bruna.","breadcrumb":{"@id":"https:\/\/www.funfetti.shop\/product\/theedoek-boris-beer\/#breadcrumb"},"inLanguage":"fr-FR","potentialAction":[{"@type":"ReadAction","target":["https:\/\/www.funfetti.shop\/product\/theedoek-boris-beer\/"]}]},{"@type":"ImageObject","inLanguage":"fr-FR","@id":"https:\/\/www.funfetti.shop\/product\/theedoek-boris-beer\/#primaryimage","url":"https:\/\/www.funfetti.shop\/wp-content\/uploads\/2026\/02\/Theedoek-Boris-beer-4.jpg","contentUrl":"https:\/\/www.funfetti.shop\/wp-content\/uploads\/2026\/02\/Theedoek-Boris-beer-4.jpg","width":600,"height":1067,"caption":"Hollandsche Waaren Theedoek Boris Beer van Dick Bruna; FunFetti.shop"},{"@type":"BreadcrumbList","@id":"https:\/\/www.funfetti.shop\/product\/theedoek-boris-beer\/#breadcrumb","itemListElement":[{"@type":"ListItem","position":1,"name":"Home","item":"https:\/\/www.funfetti.shop\/"},{"@type":"ListItem","position":2,"name":"Winkel","item":"https:\/\/www.funfetti.shop\/winkel\/"},{"@type":"ListItem","position":3,"name":"Theedoek Boris Beer"}]},{"@type":"WebSite","@id":"https:\/\/www.funfetti.shop\/#website","url":"https:\/\/www.funfetti.shop\/","name":"FunFetti","description":"un m\u00e9lange de cadeaux, de d\u00e9coration d'int\u00e9rieur et de design","publisher":{"@id":"https:\/\/www.funfetti.shop\/#organization"},"potentialAction":[{"@type":"SearchAction","target":{"@type":"EntryPoint","urlTemplate":"https:\/\/www.funfetti.shop\/?s={search_term_string}"},"query-input":{"@type":"PropertyValueSpecification","valueRequired":true,"valueName":"search_term_string"}}],"inLanguage":"fr-FR"},{"@type":"Organization","@id":"https:\/\/www.funfetti.shop\/#organization","name":"FunFetti","url":"https:\/\/www.funfetti.shop\/","logo":{"@type":"ImageObject","inLanguage":"fr-FR","@id":"https:\/\/www.funfetti.shop\/#\/schema\/logo\/image\/","url":"https:\/\/i0.wp.com\/www.funfetti.shop\/wp-content\/uploads\/2021\/11\/cropped-LOGO-WP-2021.png?fit=2000%2C171&ssl=1","contentUrl":"https:\/\/i0.wp.com\/www.funfetti.shop\/wp-content\/uploads\/2021\/11\/cropped-LOGO-WP-2021.png?fit=2000%2C171&ssl=1","width":2000,"height":171,"caption":"FunFetti"},"image":{"@id":"https:\/\/www.funfetti.shop\/#\/schema\/logo\/image\/"},"sameAs":["https:\/\/www.facebook.com\/funfetti.shop","https:\/\/www.instagram.com\/funfetti.shop\/","https:\/\/nl.pinterest.com\/funfettiforever\/"]}]}},"jetpack_publicize_connections":[],"jetpack_sharing_enabled":true,"_links":{"self":[{"href":"https:\/\/www.funfetti.shop\/fr\/wp-json\/wp\/v2\/product\/9758","targetHints":{"allow":["GET"]}}],"collection":[{"href":"https:\/\/www.funfetti.shop\/fr\/wp-json\/wp\/v2\/product"}],"about":[{"href":"https:\/\/www.funfetti.shop\/fr\/wp-json\/wp\/v2\/types\/product"}],"wp:featuredmedia":[{"embeddable":true,"href":"https:\/\/www.funfetti.shop\/fr\/wp-json\/wp\/v2\/media\/9766"}],"wp:attachment":[{"href":"https:\/\/www.funfetti.shop\/fr\/wp-json\/wp\/v2\/media?parent=9758"}],"wp:term":[{"taxonomy":"product_brand","embeddable":true,"href":"https:\/\/www.funfetti.shop\/fr\/wp-json\/wp\/v2\/product_brand?post=9758"},{"taxonomy":"product_cat","embeddable":true,"href":"https:\/\/www.funfetti.shop\/fr\/wp-json\/wp\/v2\/product_cat?post=9758"},{"taxonomy":"product_tag","embeddable":true,"href":"https:\/\/www.funfetti.shop\/fr\/wp-json\/wp\/v2\/product_tag?post=9758"}],"curies":[{"name":"wp","href":"https:\/\/api.w.org\/{rel}","templated":true}]}}