{"id":9765,"date":"2026-02-09T17:51:50","date_gmt":"2026-02-09T17:51:50","guid":{"rendered":"https:\/\/www.funfetti.shop\/?post_type=product&#038;p=9765"},"modified":"2026-02-09T18:22:38","modified_gmt":"2026-02-09T18:22:38","slug":"amuse-boules-argent","status":"publish","type":"product","link":"https:\/\/www.funfetti.shop\/fr\/product\/amuse-schelpen-zilver\/","title":{"rendered":"Amuse coquilles argent"},"content":{"rendered":"<h3 data-start=\"140\" data-end=\"164\">Amuse coquilles argent<\/h3>\n<p data-start=\"166\" data-end=\"414\">Petit par la taille, grand par l'atmosph\u00e8re. Cette <strong data-start=\"207\" data-end=\"235\">amuse bouche d'Anovi<\/strong> sont con\u00e7us pour donner un petit plus aux moments de la table. Parfaites pour un amuse-bouche, une petite collation, du sel de mer, des olives ou un d\u00e9tail culinaire dont vos invit\u00e9s parleront imm\u00e9diatement.<\/p>\n<p data-start=\"416\" data-end=\"681\">La forme de coquillage cr\u00e9e un aspect ludique, presque m\u00e9diterran\u00e9en, tout en donnant une impression de sophistication et de calme. Magnifique pour un d\u00eener somptueux, mais aussi pour les occasions de boire un verre.<\/p>\n<p data-start=\"914\" data-end=\"1064\"><strong data-start=\"917\" data-end=\"934\">Sp\u00e9cifications<\/strong><\/p>\n<ul>\n<li data-start=\"1179\" data-end=\"1420\"><em><strong>Mat\u00e9riau : \u00c9tain poli<\/strong><\/em><\/li>\n<li data-start=\"1179\" data-end=\"1420\"><em><strong>Nombre : 4 pi\u00e8ces<\/strong><\/em><\/li>\n<li data-start=\"1179\" data-end=\"1420\"><em><strong>Utilisation : Amuse bouches<\/strong><\/em><\/li>\n<li data-start=\"1179\" data-end=\"1420\"><em><strong>Entretien : ne passe pas au lave-vaisselle<\/strong><\/em><\/li>\n<li data-start=\"1179\" data-end=\"1420\"><em><strong>Emballage : bo\u00eete cadeau de luxe avec certificat<\/strong><\/em><\/li>\n<li data-start=\"1179\" data-end=\"1420\"><em><strong>Marque : Anovi<\/strong><\/em><\/li>\n<\/ul>\n<p data-start=\"914\" data-end=\"1064\">\n<hr \/>\n<p data-start=\"1066\" data-end=\"1235\"><strong data-start=\"1069\" data-end=\"1085\">Astuce Funfetti : <\/strong>Utilisez les coquillages non seulement sur la table, mais aussi comme petit bol sur votre comptoir ou votre buffet pour les bijoux ou le sel de mer. Un sentiment de vacances instantan\u00e9.<\/p>\n<hr \/>\n<p data-start=\"1422\" data-end=\"1577\">","protected":false},"excerpt":{"rendered":"<p><strong data-start=\"685\" data-end=\"723\">Pourquoi cela nous rend si heureux :<\/strong><br \/>\n- Forme ludique de coquillage \u00e0 l'allure \u00e9l\u00e9gante<br data-start=\"773\" data-end=\"776\" \/>- Id\u00e9al pour les amuse-gueules, les petites bouch\u00e9es ou la d\u00e9coration<br data-start=\"833\" data-end=\"836\" \/>- Un design intemporel qui se combine facilement<br data-start=\"878\" data-end=\"881\" \/>- Du tableau \u00e0 l'objet de style<\/p>","protected":false},"featured_media":9743,"template":"","meta":{"neve_meta_sidebar":"","neve_meta_container":"","neve_meta_enable_content_width":"off","neve_meta_content_width":100,"neve_meta_title_alignment":"","neve_meta_author_avatar":"","neve_post_elements_order":"","neve_meta_disable_header":"","neve_meta_disable_footer":"","neve_meta_disable_title":"","neve_meta_reading_time":"","jetpack_publicize_message":"","jetpack_publicize_feature_enabled":true,"jetpack_social_post_already_shared":true,"jetpack_social_options":{"image_generator_settings":{"template":"highway","default_image_id":0,"font":"","enabled":false},"version":2}},"product_brand":[814],"product_cat":[15,22,29],"product_tag":[816,283,180,212],"class_list":{"0":"post-9765","1":"product","2":"type-product","3":"status-publish","4":"has-post-thumbnail","6":"product_brand-anovi","7":"product_cat-allefun","8":"product_cat-funliving","9":"product_cat-keuken","10":"product_tag-anovi","11":"product_tag-bestek","12":"product_tag-schelp","13":"product_tag-zilver","14":"product_shipping_class-pakket-met-track-en-trace","16":"first","17":"instock","18":"taxable","19":"shipping-taxable","20":"purchasable","21":"product-type-simple"},"yoast_head":"<!-- This site is optimized with the Yoast SEO plugin v27.5 - https:\/\/yoast.com\/product\/yoast-seo-wordpress\/ -->\n<title>Amuse schelpen zilver - FunFetti<\/title>\n<meta name=\"description\" content=\"Klein van formaat, groots in sfeer. Deze amuse schelpen van Anovi zijn gemaakt om tafelmomenten n\u00e9t dat beetje extra te geven.\" \/>\n<meta name=\"robots\" content=\"index, follow, max-snippet:-1, max-image-preview:large, max-video-preview:-1\" \/>\n<link rel=\"canonical\" href=\"https:\/\/www.funfetti.shop\/fr\/produit\/amuse-boules-argent\/\" \/>\n<meta property=\"og:locale\" content=\"fr_FR\" \/>\n<meta property=\"og:type\" content=\"article\" \/>\n<meta property=\"og:title\" content=\"Amuse schelpen zilver - FunFetti\" \/>\n<meta property=\"og:description\" content=\"Klein van formaat, groots in sfeer. Deze amuse schelpen van Anovi zijn gemaakt om tafelmomenten n\u00e9t dat beetje extra te geven.\" \/>\n<meta property=\"og:url\" content=\"https:\/\/www.funfetti.shop\/fr\/produit\/amuse-boules-argent\/\" \/>\n<meta property=\"og:site_name\" content=\"FunFetti\" \/>\n<meta property=\"article:publisher\" content=\"https:\/\/www.facebook.com\/funfetti.shop\" \/>\n<meta property=\"article:modified_time\" content=\"2026-02-09T18:22:38+00:00\" \/>\n<meta property=\"og:image\" content=\"https:\/\/www.funfetti.shop\/wp-content\/uploads\/2026\/02\/amuse-schelpen-3.jpg\" \/>\n\t<meta property=\"og:image:width\" content=\"600\" \/>\n\t<meta property=\"og:image:height\" content=\"1067\" \/>\n\t<meta property=\"og:image:type\" content=\"image\/jpeg\" \/>\n<meta name=\"twitter:card\" content=\"summary_large_image\" \/>\n<meta name=\"twitter:label1\" content=\"Dur\u00e9e de lecture estim\u00e9e\" \/>\n\t<meta name=\"twitter:data1\" content=\"1 minute\" \/>\n<script type=\"application\/ld+json\" class=\"yoast-schema-graph\">{\"@context\":\"https:\\\/\\\/schema.org\",\"@graph\":[{\"@type\":\"WebPage\",\"@id\":\"https:\\\/\\\/www.funfetti.shop\\\/product\\\/amuse-schelpen-zilver\\\/\",\"url\":\"https:\\\/\\\/www.funfetti.shop\\\/product\\\/amuse-schelpen-zilver\\\/\",\"name\":\"Amuse schelpen zilver - FunFetti\",\"isPartOf\":{\"@id\":\"https:\\\/\\\/www.funfetti.shop\\\/#website\"},\"primaryImageOfPage\":{\"@id\":\"https:\\\/\\\/www.funfetti.shop\\\/product\\\/amuse-schelpen-zilver\\\/#primaryimage\"},\"image\":{\"@id\":\"https:\\\/\\\/www.funfetti.shop\\\/product\\\/amuse-schelpen-zilver\\\/#primaryimage\"},\"thumbnailUrl\":\"https:\\\/\\\/www.funfetti.shop\\\/wp-content\\\/uploads\\\/2026\\\/02\\\/amuse-schelpen-3.jpg\",\"datePublished\":\"2026-02-09T17:51:50+00:00\",\"dateModified\":\"2026-02-09T18:22:38+00:00\",\"description\":\"Klein van formaat, groots in sfeer. Deze amuse schelpen van Anovi zijn gemaakt om tafelmomenten n\u00e9t dat beetje extra te geven.\",\"breadcrumb\":{\"@id\":\"https:\\\/\\\/www.funfetti.shop\\\/product\\\/amuse-schelpen-zilver\\\/#breadcrumb\"},\"inLanguage\":\"fr-FR\",\"potentialAction\":[{\"@type\":\"ReadAction\",\"target\":[\"https:\\\/\\\/www.funfetti.shop\\\/product\\\/amuse-schelpen-zilver\\\/\"]}]},{\"@type\":\"ImageObject\",\"inLanguage\":\"fr-FR\",\"@id\":\"https:\\\/\\\/www.funfetti.shop\\\/product\\\/amuse-schelpen-zilver\\\/#primaryimage\",\"url\":\"https:\\\/\\\/www.funfetti.shop\\\/wp-content\\\/uploads\\\/2026\\\/02\\\/amuse-schelpen-3.jpg\",\"contentUrl\":\"https:\\\/\\\/www.funfetti.shop\\\/wp-content\\\/uploads\\\/2026\\\/02\\\/amuse-schelpen-3.jpg\",\"width\":600,\"height\":1067,\"caption\":\"Anovi amuse schelpen in Zilver; FunFetti.shop\"},{\"@type\":\"BreadcrumbList\",\"@id\":\"https:\\\/\\\/www.funfetti.shop\\\/product\\\/amuse-schelpen-zilver\\\/#breadcrumb\",\"itemListElement\":[{\"@type\":\"ListItem\",\"position\":1,\"name\":\"Home\",\"item\":\"https:\\\/\\\/www.funfetti.shop\\\/\"},{\"@type\":\"ListItem\",\"position\":2,\"name\":\"Winkel\",\"item\":\"https:\\\/\\\/www.funfetti.shop\\\/winkel\\\/\"},{\"@type\":\"ListItem\",\"position\":3,\"name\":\"Amuse schelpen zilver\"}]},{\"@type\":\"WebSite\",\"@id\":\"https:\\\/\\\/www.funfetti.shop\\\/#website\",\"url\":\"https:\\\/\\\/www.funfetti.shop\\\/\",\"name\":\"FunFetti\",\"description\":\"a curated mix of gifts, home d\u00e9cor and design\",\"publisher\":{\"@id\":\"https:\\\/\\\/www.funfetti.shop\\\/#organization\"},\"potentialAction\":[{\"@type\":\"SearchAction\",\"target\":{\"@type\":\"EntryPoint\",\"urlTemplate\":\"https:\\\/\\\/www.funfetti.shop\\\/?s={search_term_string}\"},\"query-input\":{\"@type\":\"PropertyValueSpecification\",\"valueRequired\":true,\"valueName\":\"search_term_string\"}}],\"inLanguage\":\"fr-FR\"},{\"@type\":\"Organization\",\"@id\":\"https:\\\/\\\/www.funfetti.shop\\\/#organization\",\"name\":\"FunFetti\",\"url\":\"https:\\\/\\\/www.funfetti.shop\\\/\",\"logo\":{\"@type\":\"ImageObject\",\"inLanguage\":\"fr-FR\",\"@id\":\"https:\\\/\\\/www.funfetti.shop\\\/#\\\/schema\\\/logo\\\/image\\\/\",\"url\":\"https:\\\/\\\/i0.wp.com\\\/www.funfetti.shop\\\/wp-content\\\/uploads\\\/2021\\\/11\\\/cropped-LOGO-WP-2021.png?fit=2000%2C171&ssl=1\",\"contentUrl\":\"https:\\\/\\\/i0.wp.com\\\/www.funfetti.shop\\\/wp-content\\\/uploads\\\/2021\\\/11\\\/cropped-LOGO-WP-2021.png?fit=2000%2C171&ssl=1\",\"width\":2000,\"height\":171,\"caption\":\"FunFetti\"},\"image\":{\"@id\":\"https:\\\/\\\/www.funfetti.shop\\\/#\\\/schema\\\/logo\\\/image\\\/\"},\"sameAs\":[\"https:\\\/\\\/www.facebook.com\\\/funfetti.shop\",\"https:\\\/\\\/www.instagram.com\\\/funfetti.shop\\\/\",\"https:\\\/\\\/nl.pinterest.com\\\/funfettiforever\\\/\"]}]}<\/script>\n<!-- \/ Yoast SEO plugin. -->","yoast_head_json":{"title":"Amuse coquilles argent - FunFetti","description":"Petit par la taille, grand par l'atmosph\u00e8re. Les bouquets d'amuse-gueule d'Anovi sont con\u00e7us pour donner un petit plus aux moments de la table.","robots":{"index":"index","follow":"follow","max-snippet":"max-snippet:-1","max-image-preview":"max-image-preview:large","max-video-preview":"max-video-preview:-1"},"canonical":"https:\/\/www.funfetti.shop\/fr\/produit\/amuse-boules-argent\/","og_locale":"fr_FR","og_type":"article","og_title":"Amuse schelpen zilver - FunFetti","og_description":"Klein van formaat, groots in sfeer. Deze amuse schelpen van Anovi zijn gemaakt om tafelmomenten n\u00e9t dat beetje extra te geven.","og_url":"https:\/\/www.funfetti.shop\/fr\/produit\/amuse-boules-argent\/","og_site_name":"FunFetti","article_publisher":"https:\/\/www.facebook.com\/funfetti.shop","article_modified_time":"2026-02-09T18:22:38+00:00","og_image":[{"width":600,"height":1067,"url":"https:\/\/www.funfetti.shop\/wp-content\/uploads\/2026\/02\/amuse-schelpen-3.jpg","type":"image\/jpeg"}],"twitter_card":"summary_large_image","twitter_misc":{"Dur\u00e9e de lecture estim\u00e9e":"1 minute"},"schema":{"@context":"https:\/\/schema.org","@graph":[{"@type":"WebPage","@id":"https:\/\/www.funfetti.shop\/product\/amuse-schelpen-zilver\/","url":"https:\/\/www.funfetti.shop\/product\/amuse-schelpen-zilver\/","name":"Amuse coquilles argent - FunFetti","isPartOf":{"@id":"https:\/\/www.funfetti.shop\/#website"},"primaryImageOfPage":{"@id":"https:\/\/www.funfetti.shop\/product\/amuse-schelpen-zilver\/#primaryimage"},"image":{"@id":"https:\/\/www.funfetti.shop\/product\/amuse-schelpen-zilver\/#primaryimage"},"thumbnailUrl":"https:\/\/www.funfetti.shop\/wp-content\/uploads\/2026\/02\/amuse-schelpen-3.jpg","datePublished":"2026-02-09T17:51:50+00:00","dateModified":"2026-02-09T18:22:38+00:00","description":"Petit par la taille, grand par l'atmosph\u00e8re. Les bouquets d'amuse-gueule d'Anovi sont con\u00e7us pour donner un petit plus aux moments de la table.","breadcrumb":{"@id":"https:\/\/www.funfetti.shop\/product\/amuse-schelpen-zilver\/#breadcrumb"},"inLanguage":"fr-FR","potentialAction":[{"@type":"ReadAction","target":["https:\/\/www.funfetti.shop\/product\/amuse-schelpen-zilver\/"]}]},{"@type":"ImageObject","inLanguage":"fr-FR","@id":"https:\/\/www.funfetti.shop\/product\/amuse-schelpen-zilver\/#primaryimage","url":"https:\/\/www.funfetti.shop\/wp-content\/uploads\/2026\/02\/amuse-schelpen-3.jpg","contentUrl":"https:\/\/www.funfetti.shop\/wp-content\/uploads\/2026\/02\/amuse-schelpen-3.jpg","width":600,"height":1067,"caption":"Anovi amuse schelpen in Zilver; FunFetti.shop"},{"@type":"BreadcrumbList","@id":"https:\/\/www.funfetti.shop\/product\/amuse-schelpen-zilver\/#breadcrumb","itemListElement":[{"@type":"ListItem","position":1,"name":"Home","item":"https:\/\/www.funfetti.shop\/"},{"@type":"ListItem","position":2,"name":"Winkel","item":"https:\/\/www.funfetti.shop\/winkel\/"},{"@type":"ListItem","position":3,"name":"Amuse schelpen zilver"}]},{"@type":"WebSite","@id":"https:\/\/www.funfetti.shop\/#website","url":"https:\/\/www.funfetti.shop\/","name":"FunFetti","description":"un m\u00e9lange de cadeaux, de d\u00e9coration d'int\u00e9rieur et de design","publisher":{"@id":"https:\/\/www.funfetti.shop\/#organization"},"potentialAction":[{"@type":"SearchAction","target":{"@type":"EntryPoint","urlTemplate":"https:\/\/www.funfetti.shop\/?s={search_term_string}"},"query-input":{"@type":"PropertyValueSpecification","valueRequired":true,"valueName":"search_term_string"}}],"inLanguage":"fr-FR"},{"@type":"Organization","@id":"https:\/\/www.funfetti.shop\/#organization","name":"FunFetti","url":"https:\/\/www.funfetti.shop\/","logo":{"@type":"ImageObject","inLanguage":"fr-FR","@id":"https:\/\/www.funfetti.shop\/#\/schema\/logo\/image\/","url":"https:\/\/i0.wp.com\/www.funfetti.shop\/wp-content\/uploads\/2021\/11\/cropped-LOGO-WP-2021.png?fit=2000%2C171&ssl=1","contentUrl":"https:\/\/i0.wp.com\/www.funfetti.shop\/wp-content\/uploads\/2021\/11\/cropped-LOGO-WP-2021.png?fit=2000%2C171&ssl=1","width":2000,"height":171,"caption":"FunFetti"},"image":{"@id":"https:\/\/www.funfetti.shop\/#\/schema\/logo\/image\/"},"sameAs":["https:\/\/www.facebook.com\/funfetti.shop","https:\/\/www.instagram.com\/funfetti.shop\/","https:\/\/nl.pinterest.com\/funfettiforever\/"]}]}},"jetpack_publicize_connections":[],"jetpack_sharing_enabled":true,"_links":{"self":[{"href":"https:\/\/www.funfetti.shop\/fr\/wp-json\/wp\/v2\/product\/9765","targetHints":{"allow":["GET"]}}],"collection":[{"href":"https:\/\/www.funfetti.shop\/fr\/wp-json\/wp\/v2\/product"}],"about":[{"href":"https:\/\/www.funfetti.shop\/fr\/wp-json\/wp\/v2\/types\/product"}],"wp:featuredmedia":[{"embeddable":true,"href":"https:\/\/www.funfetti.shop\/fr\/wp-json\/wp\/v2\/media\/9743"}],"wp:attachment":[{"href":"https:\/\/www.funfetti.shop\/fr\/wp-json\/wp\/v2\/media?parent=9765"}],"wp:term":[{"taxonomy":"product_brand","embeddable":true,"href":"https:\/\/www.funfetti.shop\/fr\/wp-json\/wp\/v2\/product_brand?post=9765"},{"taxonomy":"product_cat","embeddable":true,"href":"https:\/\/www.funfetti.shop\/fr\/wp-json\/wp\/v2\/product_cat?post=9765"},{"taxonomy":"product_tag","embeddable":true,"href":"https:\/\/www.funfetti.shop\/fr\/wp-json\/wp\/v2\/product_tag?post=9765"}],"curies":[{"name":"wp","href":"https:\/\/api.w.org\/{rel}","templated":true}]}}