{"id":9784,"date":"2026-02-10T11:21:27","date_gmt":"2026-02-10T11:21:27","guid":{"rendered":"https:\/\/www.funfetti.shop\/?post_type=product&#038;p=9784"},"modified":"2026-02-27T11:03:47","modified_gmt":"2026-02-27T11:03:47","slug":"ensemble-de-lampes-a-oeufs-bleu","status":"publish","type":"product","link":"https:\/\/www.funfetti.shop\/fr\/product\/egglamp-set-blauw\/","title":{"rendered":"Lampe \u00e0 \u0153uf Bleu"},"content":{"rendered":"<h1 data-start=\"166\" data-end=\"213\">Lampe \u00e0 \u0153uf Bleu<\/h1>\n<p data-start=\"215\" data-end=\"514\">Une bo\u00eete \u00e0 \u0153ufs, mais \u00e0 son meilleur. Les <strong data-start=\"261\" data-end=\"292\">Set Egglamp Blue by Egglamp<\/strong> est l'un de ces objets design qui vous rend spontan\u00e9ment heureux. Reconnaissable, un peu absurde et \u00e9tonnamment \u00e9l\u00e9gant. La douce couleur bleue lui conf\u00e8re un aspect chaleureux et joyeux et fait de cette lampe un v\u00e9ritable coup de c\u0153ur de FunFetti.<\/p>\n<p data-start=\"516\" data-end=\"826\">La base de la lampe est en <strong data-start=\"154\" data-end=\"176\">1 kg de b\u00e9ton solide<\/strong>, Ce qui lui conf\u00e8re une allure cool, tout en lui donnant l'apparence d'une v\u00e9ritable bo\u00eete \u00e0 \u0153ufs. Et oui, il est merveilleusement lourd, ce qui le maintient fermement en place. Combin\u00e9 \u00e0 la <strong data-start=\"366\" data-end=\"383\">Egglamp Brown<\/strong>, Avec un v\u00e9ritable \u0153uf et une lumi\u00e8re chaude et douce, il s'agit d'un ensemble tr\u00e8s confortable. Ce duo est parfait.<\/p>\n<p data-start=\"828\" data-end=\"942\">Parfait sur un buffet, une \u00e9tag\u00e8re ou une table de chevet. M\u00eame \u00e9teint, il reste un objet que l'on ne cesse de regarder.<\/p>\n<p data-start=\"944\" data-end=\"1238\"><strong data-start=\"1243\" data-end=\"1260\">Sp\u00e9cifications<\/strong><\/p>\n<ul>\n<li data-start=\"1240\" data-end=\"1525\"><em><strong>Couleur : bleu ciel<\/strong><\/em><\/li>\n<li data-start=\"1240\" data-end=\"1525\"><em><strong>Mat\u00e9riau de base : B\u00e9ton<\/strong><\/em><\/li>\n<li data-start=\"1240\" data-end=\"1525\"><em><strong>Mat\u00e9riau de la lampe : un v\u00e9ritable \u0153uf<\/strong><\/em><\/li>\n<li data-start=\"1240\" data-end=\"1525\"><em><strong>Poids : environ 1 kg<\/strong><\/em><\/li>\n<li data-start=\"1240\" data-end=\"1525\"><em><strong>Utilisation : Int\u00e9rieur<\/strong><\/em><\/li>\n<li data-start=\"1240\" data-end=\"1525\"><em><strong>Source lumineuse : Egglamp Brown incluse<\/strong><\/em><\/li>\n<li data-start=\"1240\" data-end=\"1525\"><em><strong>C\u00e2ble : blanc avec interrupteur marche\/arr\u00eat<\/strong><\/em><\/li>\n<li data-start=\"1240\" data-end=\"1525\"><strong><em>Fiche : fiche UE<\/em><\/strong><\/li>\n<li data-start=\"1240\" data-end=\"1525\"><strong><em>Conception : Ruben de Haas<\/em><\/strong><\/li>\n<li data-start=\"1240\" data-end=\"1525\"><em><strong>Marque : <a href=\"https:\/\/www.funfetti.shop\/fr\/categorie-produit-2\/marques\/lampe-a-oeuf\/\">Egglamp<\/a><\/strong><\/em><\/li>\n<\/ul>\n<hr \/>\n<p data-start=\"1527\" data-end=\"1697\"><strong>Le contenu des \u0153ufs n'est pas gaspill\u00e9. Il existe des collaborations avec des boulangeries locales o\u00f9, pour les commandes plus importantes, le contenu des \u0153ufs est donn\u00e9 \u00e0 ces boulangeries. Ils les transforment en scones, brioches et autres d\u00e9licieuses p\u00e2tisseries.<\/strong><\/p>\n<hr \/>\n<p data-start=\"1527\" data-end=\"1697\">","protected":false},"excerpt":{"rendered":"<p><strong data-start=\"946\" data-end=\"985\">Pourquoi nous sommes si amoureux de ce produit<\/strong><br \/>\n- Le design ludique de la bo\u00eete \u00e0 \u0153ufs donne une touche de design \u00e0 Fundesign<br data-start=\"1032\" data-end=\"1035\" \/>- Fabriqu\u00e9 en b\u00e9ton pour un aspect robuste et de haute qualit\u00e9<br data-start=\"1098\" data-end=\"1101\" \/>- Couleur bleu ciel combin\u00e9e \u00e0 une lumi\u00e8re brune chaude<br data-start=\"1154\" data-end=\"1157\" \/>- Livr\u00e9 en standard avec Egglamp Brown<br data-start=\"1201\" data-end=\"1204\" \/>- Un v\u00e9ritable sujet de conversation<\/p>","protected":false},"featured_media":9932,"template":"","meta":{"neve_meta_sidebar":"","neve_meta_container":"contained","neve_meta_enable_content_width":"off","neve_meta_content_width":100,"neve_meta_title_alignment":"","neve_meta_author_avatar":"","neve_post_elements_order":"","neve_meta_disable_header":"","neve_meta_disable_footer":"","neve_meta_disable_title":"","neve_meta_reading_time":"","jetpack_publicize_message":"","jetpack_publicize_feature_enabled":true,"jetpack_social_post_already_shared":true,"jetpack_social_options":{"image_generator_settings":{"template":"highway","default_image_id":0,"font":"","enabled":false},"version":2}},"product_brand":[820],"product_cat":[15,462,678,821,22,24],"product_tag":[438,564,822,88,823],"class_list":{"0":"post-9784","1":"product","2":"type-product","3":"status-publish","4":"has-post-thumbnail","6":"product_brand-egglamp","7":"product_cat-allefun","8":"product_cat-brands","9":"product_cat-dutch-design","10":"product_cat-egglamp","11":"product_cat-funliving","12":"product_cat-verlichting","13":"product_tag-blauw","14":"product_tag-dutch-design","15":"product_tag-egglamp","16":"product_tag-lamp","17":"product_tag-sky","18":"product_shipping_class-pakket-met-track-en-trace","20":"first","21":"instock","22":"taxable","23":"shipping-taxable","24":"purchasable","25":"product-type-simple"},"yoast_head":"<!-- This site is optimized with the Yoast SEO plugin v27.4 - https:\/\/yoast.com\/product\/yoast-seo-wordpress\/ -->\n<title>Egglamp Blauw - FunFetti<\/title>\n<meta name=\"description\" content=\"Een ei en eierdoos, maar dan op z\u2019n allermooist. De Egglamp set blauw van Egglamp is zo\u2019n designobject waar je spontaan blij van wordt.\" \/>\n<meta name=\"robots\" content=\"index, follow, max-snippet:-1, max-image-preview:large, max-video-preview:-1\" \/>\n<link rel=\"canonical\" href=\"https:\/\/www.funfetti.shop\/fr\/produit\/ensemble-de-lampes-a-oeufs-bleu\/\" \/>\n<meta property=\"og:locale\" content=\"fr_FR\" \/>\n<meta property=\"og:type\" content=\"article\" \/>\n<meta property=\"og:title\" content=\"Egglamp Blauw - FunFetti\" \/>\n<meta property=\"og:description\" content=\"Een ei en eierdoos, maar dan op z\u2019n allermooist. De Egglamp set blauw van Egglamp is zo\u2019n designobject waar je spontaan blij van wordt.\" \/>\n<meta property=\"og:url\" content=\"https:\/\/www.funfetti.shop\/fr\/produit\/ensemble-de-lampes-a-oeufs-bleu\/\" \/>\n<meta property=\"og:site_name\" content=\"FunFetti\" \/>\n<meta property=\"article:publisher\" content=\"https:\/\/www.facebook.com\/funfetti.shop\" \/>\n<meta property=\"article:modified_time\" content=\"2026-02-27T11:03:47+00:00\" \/>\n<meta property=\"og:image\" content=\"https:\/\/www.funfetti.shop\/wp-content\/uploads\/2026\/02\/Egglamp-set-blauw-5.jpg\" \/>\n\t<meta property=\"og:image:width\" content=\"600\" \/>\n\t<meta property=\"og:image:height\" content=\"1067\" \/>\n\t<meta property=\"og:image:type\" content=\"image\/jpeg\" \/>\n<meta name=\"twitter:card\" content=\"summary_large_image\" \/>\n<meta name=\"twitter:label1\" content=\"Dur\u00e9e de lecture estim\u00e9e\" \/>\n\t<meta name=\"twitter:data1\" content=\"2 minutes\" \/>\n<script type=\"application\/ld+json\" class=\"yoast-schema-graph\">{\"@context\":\"https:\\\/\\\/schema.org\",\"@graph\":[{\"@type\":\"WebPage\",\"@id\":\"https:\\\/\\\/www.funfetti.shop\\\/product\\\/egglamp-set-blauw\\\/\",\"url\":\"https:\\\/\\\/www.funfetti.shop\\\/product\\\/egglamp-set-blauw\\\/\",\"name\":\"Egglamp Blauw - FunFetti\",\"isPartOf\":{\"@id\":\"https:\\\/\\\/www.funfetti.shop\\\/#website\"},\"primaryImageOfPage\":{\"@id\":\"https:\\\/\\\/www.funfetti.shop\\\/product\\\/egglamp-set-blauw\\\/#primaryimage\"},\"image\":{\"@id\":\"https:\\\/\\\/www.funfetti.shop\\\/product\\\/egglamp-set-blauw\\\/#primaryimage\"},\"thumbnailUrl\":\"https:\\\/\\\/www.funfetti.shop\\\/wp-content\\\/uploads\\\/2026\\\/02\\\/Egglamp-set-blauw-5.jpg\",\"datePublished\":\"2026-02-10T11:21:27+00:00\",\"dateModified\":\"2026-02-27T11:03:47+00:00\",\"description\":\"Een ei en eierdoos, maar dan op z\u2019n allermooist. De Egglamp set blauw van Egglamp is zo\u2019n designobject waar je spontaan blij van wordt.\",\"breadcrumb\":{\"@id\":\"https:\\\/\\\/www.funfetti.shop\\\/product\\\/egglamp-set-blauw\\\/#breadcrumb\"},\"inLanguage\":\"fr-FR\",\"potentialAction\":[{\"@type\":\"ReadAction\",\"target\":[\"https:\\\/\\\/www.funfetti.shop\\\/product\\\/egglamp-set-blauw\\\/\"]}]},{\"@type\":\"ImageObject\",\"inLanguage\":\"fr-FR\",\"@id\":\"https:\\\/\\\/www.funfetti.shop\\\/product\\\/egglamp-set-blauw\\\/#primaryimage\",\"url\":\"https:\\\/\\\/www.funfetti.shop\\\/wp-content\\\/uploads\\\/2026\\\/02\\\/Egglamp-set-blauw-5.jpg\",\"contentUrl\":\"https:\\\/\\\/www.funfetti.shop\\\/wp-content\\\/uploads\\\/2026\\\/02\\\/Egglamp-set-blauw-5.jpg\",\"width\":600,\"height\":1067,\"caption\":\"Egglamp set blue - FunFetti.shop\"},{\"@type\":\"BreadcrumbList\",\"@id\":\"https:\\\/\\\/www.funfetti.shop\\\/product\\\/egglamp-set-blauw\\\/#breadcrumb\",\"itemListElement\":[{\"@type\":\"ListItem\",\"position\":1,\"name\":\"Home\",\"item\":\"https:\\\/\\\/www.funfetti.shop\\\/\"},{\"@type\":\"ListItem\",\"position\":2,\"name\":\"Winkel\",\"item\":\"https:\\\/\\\/www.funfetti.shop\\\/winkel\\\/\"},{\"@type\":\"ListItem\",\"position\":3,\"name\":\"Egglamp Blauw\"}]},{\"@type\":\"WebSite\",\"@id\":\"https:\\\/\\\/www.funfetti.shop\\\/#website\",\"url\":\"https:\\\/\\\/www.funfetti.shop\\\/\",\"name\":\"FunFetti\",\"description\":\"a curated mix of gifts, home d\u00e9cor and design\",\"publisher\":{\"@id\":\"https:\\\/\\\/www.funfetti.shop\\\/#organization\"},\"potentialAction\":[{\"@type\":\"SearchAction\",\"target\":{\"@type\":\"EntryPoint\",\"urlTemplate\":\"https:\\\/\\\/www.funfetti.shop\\\/?s={search_term_string}\"},\"query-input\":{\"@type\":\"PropertyValueSpecification\",\"valueRequired\":true,\"valueName\":\"search_term_string\"}}],\"inLanguage\":\"fr-FR\"},{\"@type\":\"Organization\",\"@id\":\"https:\\\/\\\/www.funfetti.shop\\\/#organization\",\"name\":\"FunFetti\",\"url\":\"https:\\\/\\\/www.funfetti.shop\\\/\",\"logo\":{\"@type\":\"ImageObject\",\"inLanguage\":\"fr-FR\",\"@id\":\"https:\\\/\\\/www.funfetti.shop\\\/#\\\/schema\\\/logo\\\/image\\\/\",\"url\":\"https:\\\/\\\/i0.wp.com\\\/www.funfetti.shop\\\/wp-content\\\/uploads\\\/2021\\\/11\\\/cropped-LOGO-WP-2021.png?fit=2000%2C171&ssl=1\",\"contentUrl\":\"https:\\\/\\\/i0.wp.com\\\/www.funfetti.shop\\\/wp-content\\\/uploads\\\/2021\\\/11\\\/cropped-LOGO-WP-2021.png?fit=2000%2C171&ssl=1\",\"width\":2000,\"height\":171,\"caption\":\"FunFetti\"},\"image\":{\"@id\":\"https:\\\/\\\/www.funfetti.shop\\\/#\\\/schema\\\/logo\\\/image\\\/\"},\"sameAs\":[\"https:\\\/\\\/www.facebook.com\\\/funfetti.shop\",\"https:\\\/\\\/www.instagram.com\\\/funfetti.shop\\\/\",\"https:\\\/\\\/nl.pinterest.com\\\/funfettiforever\\\/\"]}]}<\/script>\n<!-- \/ Yoast SEO plugin. -->","yoast_head_json":{"title":"Lampe \u00e0 \u0153uf bleue - FunFetti","description":"Une bo\u00eete \u00e0 \u0153ufs, mais dans toute sa splendeur. Le set Egglamp bleu d'Egglamp est l'un de ces objets de design qui vous rendra spontan\u00e9ment heureux.","robots":{"index":"index","follow":"follow","max-snippet":"max-snippet:-1","max-image-preview":"max-image-preview:large","max-video-preview":"max-video-preview:-1"},"canonical":"https:\/\/www.funfetti.shop\/fr\/produit\/ensemble-de-lampes-a-oeufs-bleu\/","og_locale":"fr_FR","og_type":"article","og_title":"Egglamp Blauw - FunFetti","og_description":"Een ei en eierdoos, maar dan op z\u2019n allermooist. De Egglamp set blauw van Egglamp is zo\u2019n designobject waar je spontaan blij van wordt.","og_url":"https:\/\/www.funfetti.shop\/fr\/produit\/ensemble-de-lampes-a-oeufs-bleu\/","og_site_name":"FunFetti","article_publisher":"https:\/\/www.facebook.com\/funfetti.shop","article_modified_time":"2026-02-27T11:03:47+00:00","og_image":[{"width":600,"height":1067,"url":"https:\/\/www.funfetti.shop\/wp-content\/uploads\/2026\/02\/Egglamp-set-blauw-5.jpg","type":"image\/jpeg"}],"twitter_card":"summary_large_image","twitter_misc":{"Dur\u00e9e de lecture estim\u00e9e":"2 minutes"},"schema":{"@context":"https:\/\/schema.org","@graph":[{"@type":"WebPage","@id":"https:\/\/www.funfetti.shop\/product\/egglamp-set-blauw\/","url":"https:\/\/www.funfetti.shop\/product\/egglamp-set-blauw\/","name":"Lampe \u00e0 \u0153uf bleue - FunFetti","isPartOf":{"@id":"https:\/\/www.funfetti.shop\/#website"},"primaryImageOfPage":{"@id":"https:\/\/www.funfetti.shop\/product\/egglamp-set-blauw\/#primaryimage"},"image":{"@id":"https:\/\/www.funfetti.shop\/product\/egglamp-set-blauw\/#primaryimage"},"thumbnailUrl":"https:\/\/www.funfetti.shop\/wp-content\/uploads\/2026\/02\/Egglamp-set-blauw-5.jpg","datePublished":"2026-02-10T11:21:27+00:00","dateModified":"2026-02-27T11:03:47+00:00","description":"Une bo\u00eete \u00e0 \u0153ufs, mais dans toute sa splendeur. Le set Egglamp bleu d'Egglamp est l'un de ces objets de design qui vous rendra spontan\u00e9ment heureux.","breadcrumb":{"@id":"https:\/\/www.funfetti.shop\/product\/egglamp-set-blauw\/#breadcrumb"},"inLanguage":"fr-FR","potentialAction":[{"@type":"ReadAction","target":["https:\/\/www.funfetti.shop\/product\/egglamp-set-blauw\/"]}]},{"@type":"ImageObject","inLanguage":"fr-FR","@id":"https:\/\/www.funfetti.shop\/product\/egglamp-set-blauw\/#primaryimage","url":"https:\/\/www.funfetti.shop\/wp-content\/uploads\/2026\/02\/Egglamp-set-blauw-5.jpg","contentUrl":"https:\/\/www.funfetti.shop\/wp-content\/uploads\/2026\/02\/Egglamp-set-blauw-5.jpg","width":600,"height":1067,"caption":"Egglamp set blue - FunFetti.shop"},{"@type":"BreadcrumbList","@id":"https:\/\/www.funfetti.shop\/product\/egglamp-set-blauw\/#breadcrumb","itemListElement":[{"@type":"ListItem","position":1,"name":"Home","item":"https:\/\/www.funfetti.shop\/"},{"@type":"ListItem","position":2,"name":"Winkel","item":"https:\/\/www.funfetti.shop\/winkel\/"},{"@type":"ListItem","position":3,"name":"Egglamp Blauw"}]},{"@type":"WebSite","@id":"https:\/\/www.funfetti.shop\/#website","url":"https:\/\/www.funfetti.shop\/","name":"FunFetti","description":"un m\u00e9lange de cadeaux, de d\u00e9coration d'int\u00e9rieur et de design","publisher":{"@id":"https:\/\/www.funfetti.shop\/#organization"},"potentialAction":[{"@type":"SearchAction","target":{"@type":"EntryPoint","urlTemplate":"https:\/\/www.funfetti.shop\/?s={search_term_string}"},"query-input":{"@type":"PropertyValueSpecification","valueRequired":true,"valueName":"search_term_string"}}],"inLanguage":"fr-FR"},{"@type":"Organization","@id":"https:\/\/www.funfetti.shop\/#organization","name":"FunFetti","url":"https:\/\/www.funfetti.shop\/","logo":{"@type":"ImageObject","inLanguage":"fr-FR","@id":"https:\/\/www.funfetti.shop\/#\/schema\/logo\/image\/","url":"https:\/\/i0.wp.com\/www.funfetti.shop\/wp-content\/uploads\/2021\/11\/cropped-LOGO-WP-2021.png?fit=2000%2C171&ssl=1","contentUrl":"https:\/\/i0.wp.com\/www.funfetti.shop\/wp-content\/uploads\/2021\/11\/cropped-LOGO-WP-2021.png?fit=2000%2C171&ssl=1","width":2000,"height":171,"caption":"FunFetti"},"image":{"@id":"https:\/\/www.funfetti.shop\/#\/schema\/logo\/image\/"},"sameAs":["https:\/\/www.facebook.com\/funfetti.shop","https:\/\/www.instagram.com\/funfetti.shop\/","https:\/\/nl.pinterest.com\/funfettiforever\/"]}]}},"jetpack_publicize_connections":[],"jetpack_sharing_enabled":true,"_links":{"self":[{"href":"https:\/\/www.funfetti.shop\/fr\/wp-json\/wp\/v2\/product\/9784","targetHints":{"allow":["GET"]}}],"collection":[{"href":"https:\/\/www.funfetti.shop\/fr\/wp-json\/wp\/v2\/product"}],"about":[{"href":"https:\/\/www.funfetti.shop\/fr\/wp-json\/wp\/v2\/types\/product"}],"wp:featuredmedia":[{"embeddable":true,"href":"https:\/\/www.funfetti.shop\/fr\/wp-json\/wp\/v2\/media\/9932"}],"wp:attachment":[{"href":"https:\/\/www.funfetti.shop\/fr\/wp-json\/wp\/v2\/media?parent=9784"}],"wp:term":[{"taxonomy":"product_brand","embeddable":true,"href":"https:\/\/www.funfetti.shop\/fr\/wp-json\/wp\/v2\/product_brand?post=9784"},{"taxonomy":"product_cat","embeddable":true,"href":"https:\/\/www.funfetti.shop\/fr\/wp-json\/wp\/v2\/product_cat?post=9784"},{"taxonomy":"product_tag","embeddable":true,"href":"https:\/\/www.funfetti.shop\/fr\/wp-json\/wp\/v2\/product_tag?post=9784"}],"curies":[{"name":"wp","href":"https:\/\/api.w.org\/{rel}","templated":true}]}}